{"id":29453,"date":"2025-02-17T10:37:24","date_gmt":"2025-02-17T10:37:24","guid":{"rendered":"https:\/\/mobishop-posusje.com\/?post_type=product&#038;p=29453"},"modified":"2025-07-16T17:59:25","modified_gmt":"2025-07-16T17:59:25","slug":"samsung-galaxy-s25-12-256gb","status":"publish","type":"product","link":"https:\/\/mobishop-posusje.com\/en\/svi-proizvodi\/mobiteli-i-oprema\/samsung\/samsung-galaxy-s25-12-256gb\/","title":{"rendered":"Samsung Galaxy S25 12\/128GB"},"content":{"rendered":"","protected":false},"excerpt":{"rendered":"<div class=\"gem-list gem-list-type-check-style-1 gem-list-color-14\">\n<ul>\n<strong>Dimenzije i te\u017eina:<\/strong><\/p>\n<li>Visina: 146,9 mm<\/li>\n<li>\u0160irina: 70,5 mm<\/li>\n<li>Debljina: 7,2 mm<\/li>\n<li>Te\u017eina: 162 g<\/li>\n<p><strong>Materijal:<\/strong><\/p>\n<li>Prednja strana: Corning\u00ae Gorilla\u00ae Glass Victus\u00ae 2<\/li>\n<li>Zadnja strana: Staklo<\/li>\n<li>Okvir: Aluminijum<\/li>\n<p><strong>Water Resistance:<\/strong><\/p>\n<li>IP68 sertifikat (otpornost na pra\u0161inu i vodu)<\/li>\n<p><strong>Screen:<\/strong><\/p>\n<li>Veli\u010dina: 6,2 in\u010da<\/li>\n<li>Tip: Dynamic LTPO AMOLED 2X<\/li>\n<li>Rezolucija: 2340 x 1080 piksela<\/li>\n<li>Osve\u017eavanje: 1Hz do 120Hz adaptivno<\/li>\n<li>Osvetljenost: do 2600 nita<\/li>\n<li>Za\u0161tita: Corning\u00ae Gorilla\u00ae Glass Victus\u00ae 2<\/li>\n<p><strong>Povezivost:<\/strong><\/p>\n<li>Wi-Fi 802.11 a\/b\/g\/n\/ac\/6e<\/li>\n<li>Bluetooth 5.3<\/li>\n<li>NFC<\/li>\n<li>USB Type-C 3.2<\/li>\n<li>GPS, GLONASS, BDS, GALILEO<\/li>\n<p><strong>Senzori:<\/strong><\/p>\n<li>Ultrazvu\u010dni senzor otiska prsta ispod ekrana<\/li>\n<li>Akcelerometar<\/li>\n<li>\u017diroskop<\/li>\n<li>Senzor blizine<\/li>\n<li>Kompas<\/li>\n<li>Barometar<\/li>\n<p><strong>Procesor:<\/strong><\/p>\n<li>\u010cipset: Qualcomm Snapdragon 8 Elite (3 nm)<\/li>\n<li>CPU: Osmojezgarni (2&#215;4,47 GHz Oryon V2 Phoenix L + 6&#215;3,53 GHz Oryon V2 Phoenix M)<\/li>\n<li>GPU: Adreno 830<\/li>\n<p><strong>Memorija i skladi\u0161tenje:<\/strong><\/p>\n<li>RAM: 12 GB<\/li>\n<li>Interna memorija: 256 GB (UFS 4.0)<\/li>\n<li>Pro\u0161irivo skladi\u0161te: Nije podr\u017eano<\/li>\n<p><strong>Camera:<\/strong><\/p>\n<li>Zadnja kamera:\n<ul>\n<li>Glavna: 50 MP, f\/1.8, 24mm (\u0161iroka), 1\/1.56&#8221;, 1.0\u00b5m, Dual Pixel PDAF, OIS<\/li>\n<li>Telefoto: 10 MP, f\/2.4, 67mm, 1\/3.94&#8221;, 1.0\u00b5m, PDAF, OIS, 3x opti\u010dki zum<\/li>\n<li>Ultra\u0161iroka: 12 MP, f\/2.2, 13mm, 120\u02da, 1\/2.55&#8221;, 1.4\u00b5m, Super Steady video<\/li>\n<\/ul>\n<\/li>\n<li>Prednja kamera: 12 MP, f\/2.2, 26mm (\u0161iroka), 1.12\u00b5m, Dual Pixel PDAF<\/li>\n<li>Video snimanje: 8K@24\/30fps, 4K@30\/60fps, 1080p@30\/60\/240fps, 720p@960fps<\/li>\n<p><strong>Battery:<\/strong><\/p>\n<li>Kapacitet: 4000 mAh<\/li>\n<li>Brzo punjenje: 25W<\/li>\n<li>Be\u017ei\u010dno punjenje: 15W<\/li>\n<li>Obrnuto be\u017ei\u010dno punjenje: 4.5W<\/li>\n<p><strong>Operating System:<\/strong><\/p>\n<li>Android 15 sa One UI 7<\/li>\n<p><strong>Other Features:<\/strong><\/p>\n<li>Dual SIM (Nano-SIM i eSIM)<\/li>\n<li>Stereo zvu\u010dnici<\/li>\n<\/ul>\n<\/div>","protected":false},"featured_media":29887,"comment_status":"closed","ping_status":"closed","template":"","meta":{"_themeisle_gutenberg_block_has_review":false},"product_brand":[],"product_cat":[355,368,288],"product_tag":[],"class_list":{"0":"post-29453","1":"product","2":"type-product","3":"status-publish","4":"has-post-thumbnail","6":"product_cat-mobiteli-i-oprema","7":"product_cat-samsung","8":"product_cat-svi-proizvodi","10":"first","11":"instock","12":"sale","13":"featured","14":"purchasable","15":"product-type-simple","16":"add-to-wishlist-after_add_to_cart"},"_links":{"self":[{"href":"https:\/\/mobishop-posusje.com\/en\/wp-json\/wp\/v2\/product\/29453","targetHints":{"allow":["GET"]}}],"collection":[{"href":"https:\/\/mobishop-posusje.com\/en\/wp-json\/wp\/v2\/product"}],"about":[{"href":"https:\/\/mobishop-posusje.com\/en\/wp-json\/wp\/v2\/types\/product"}],"replies":[{"embeddable":true,"href":"https:\/\/mobishop-posusje.com\/en\/wp-json\/wp\/v2\/comments?post=29453"}],"version-history":[{"count":8,"href":"https:\/\/mobishop-posusje.com\/en\/wp-json\/wp\/v2\/product\/29453\/revisions"}],"predecessor-version":[{"id":30762,"href":"https:\/\/mobishop-posusje.com\/en\/wp-json\/wp\/v2\/product\/29453\/revisions\/30762"}],"wp:featuredmedia":[{"embeddable":true,"href":"https:\/\/mobishop-posusje.com\/en\/wp-json\/wp\/v2\/media\/29887"}],"wp:attachment":[{"href":"https:\/\/mobishop-posusje.com\/en\/wp-json\/wp\/v2\/media?parent=29453"}],"wp:term":[{"taxonomy":"product_brand","embeddable":true,"href":"https:\/\/mobishop-posusje.com\/en\/wp-json\/wp\/v2\/product_brand?post=29453"},{"taxonomy":"product_cat","embeddable":true,"href":"https:\/\/mobishop-posusje.com\/en\/wp-json\/wp\/v2\/product_cat?post=29453"},{"taxonomy":"product_tag","embeddable":true,"href":"https:\/\/mobishop-posusje.com\/en\/wp-json\/wp\/v2\/product_tag?post=29453"}],"curies":[{"name":"wp","href":"https:\/\/api.w.org\/{rel}","templated":true}]}}