{"id":29492,"date":"2025-02-18T10:29:19","date_gmt":"2025-02-18T10:29:19","guid":{"rendered":"https:\/\/mobishop-posusje.com\/?post_type=product&#038;p=29492"},"modified":"2025-04-23T15:25:48","modified_gmt":"2025-04-23T15:25:48","slug":"hisense-85a6k-215-cm-85-inca-4k-uhd-smart-tv","status":"publish","type":"product","link":"https:\/\/mobishop-posusje.com\/en\/svi-proizvodi\/televizori-i-oprema\/televizori\/hisense-85a6k-215-cm-85-inca-4k-uhd-smart-tv\/","title":{"rendered":"Hisense 85A6K 215 cm (85 in\u010da) 4K UHD Smart TV"},"content":{"rendered":"","protected":false},"excerpt":{"rendered":"<div class=\"gem-list gem-list-type-check-style-1 gem-list-color-14\">\n<strong>5 GODINA GARANCIJE<\/strong><\/p>\n<ul>\n <strong>Dimenzije i te\u017eina:<\/strong><\/p>\n<li>\u0160irina: 190,3 cm<\/li>\n<li>Visina: 109,4 cm<\/li>\n<li>Dubina: 8,5 cm<\/li>\n<li>Te\u017eina: 27 kg<\/li>\n<p><strong>Materijal:<\/strong><\/p>\n<li>Plasti\u010dni okvir<\/li>\n<li>Plasti\u010dno ku\u0107i\u0161te<\/li>\n<li>Plasti\u010dno postolje<\/li>\n<p><strong>Water Resistance:<\/strong><\/p>\n<li>Nije otporan na vodu<\/li>\n<p><strong>Screen:<\/strong><\/p>\n<li>Veli\u010dina: 215 cm (85 in\u010da)<\/li>\n<li>Tip: Direct LED<\/li>\n<li>Rezolucija: 3840 x 2160 piksela (4K Ultra HD)<\/li>\n<li>Osvetljenost: 350 cd\/m\u00b2<\/li>\n<li>Kontrast: 1200:1<\/li>\n<li>Ugao gledanja: 178\u00b0 horizontalno \/ 178\u00b0 vertikalno<\/li>\n<li>Osve\u017eavanje: 50 Hz \/ 60 Hz<\/li>\n<p><strong>Povezivost:<\/strong><\/p>\n<li>Wi-Fi: IEEE 802.11 a\/b\/g\/n\/ac (2,4G i 5G)<\/li>\n<li>Bluetooth<\/li>\n<li>HDMI ulazi: 3 x HDMI 2.0 (HDMI1 sa eARC, ALLM, VRR do 60Hz)<\/li>\n<li>USB portovi: 2 x USB 2.0<\/li>\n<li>Ethernet (LAN) port: 1<\/li>\n<li>RF antena ulaz: 2<\/li>\n<li>Kompozitni AV ulaz: 1<\/li>\n<li>Opti\u010dki digitalni audio izlaz: 1<\/li>\n<li>3,5 mm izlaz za slu\u0161alice: 1<\/li>\n<p><strong>Senzori:<\/strong><\/p>\n<li>Informacije o senzorima nisu dostupne<\/li>\n<p><strong>Procesor:<\/strong><\/p>\n<li>SoC: MediaTek MT9602<\/li>\n<li>CPU: \u010cetvorojezgarni ARM Cortex-A53, 1,5 GHz<\/li>\n<p><strong>Memorija i skladi\u0161tenje:<\/strong><\/p>\n<li>Informacije o RAM-u i internoj memoriji nisu dostupne<\/li>\n<p><strong>Battery:<\/strong><\/p>\n<li>Nije primenljivo (ure\u0111aj se napaja putem mre\u017enog napajanja)<\/li>\n<p><strong>Operating System:<\/strong><\/p>\n<li>VIDAA Smart OS<\/li>\n<p><strong>Other Features:<\/strong><\/p>\n<li>Podr\u0161ka za HDR tehnologije: HDR10, HDR10+, HLG, Dolby Vision<\/li>\n<li>DTS Virtual X za pobolj\u0161an zvuk<\/li>\n<li>Upscaling Ultra HD za pobolj\u0161anje sadr\u017eaja ni\u017ee rezolucije<\/li>\n<li>Game Mode sa ulaznim ka\u0161njenjem \u2264 15 ms<\/li>\n<li>Podr\u0161ka za AirPlay 2<\/li>\n<li>Pristup popularnim aplikacijama: Netflix, YouTube, Prime Video, Disney+, i druge<\/li>\n<li>Digitalni i analogni tjuner: DVB-T2\/T\/C\/S2\/S<\/li>\n<li>Frekvencija: 50-60 Hz<\/li>\n<li>Odnos stranica ekrana: 16:9<\/li>\n<\/ul>\n<\/div>","protected":false},"featured_media":29780,"comment_status":"closed","ping_status":"closed","template":"","meta":{"_themeisle_gutenberg_block_has_review":false},"product_brand":[],"product_cat":[324,321,288],"product_tag":[],"class_list":{"0":"post-29492","1":"product","2":"type-product","3":"status-publish","4":"has-post-thumbnail","6":"product_cat-televizori","7":"product_cat-televizori-i-oprema","8":"product_cat-svi-proizvodi","10":"first","11":"instock","12":"purchasable","13":"product-type-simple","14":"add-to-wishlist-after_add_to_cart"},"_links":{"self":[{"href":"https:\/\/mobishop-posusje.com\/en\/wp-json\/wp\/v2\/product\/29492","targetHints":{"allow":["GET"]}}],"collection":[{"href":"https:\/\/mobishop-posusje.com\/en\/wp-json\/wp\/v2\/product"}],"about":[{"href":"https:\/\/mobishop-posusje.com\/en\/wp-json\/wp\/v2\/types\/product"}],"replies":[{"embeddable":true,"href":"https:\/\/mobishop-posusje.com\/en\/wp-json\/wp\/v2\/comments?post=29492"}],"version-history":[{"count":5,"href":"https:\/\/mobishop-posusje.com\/en\/wp-json\/wp\/v2\/product\/29492\/revisions"}],"predecessor-version":[{"id":30113,"href":"https:\/\/mobishop-posusje.com\/en\/wp-json\/wp\/v2\/product\/29492\/revisions\/30113"}],"wp:featuredmedia":[{"embeddable":true,"href":"https:\/\/mobishop-posusje.com\/en\/wp-json\/wp\/v2\/media\/29780"}],"wp:attachment":[{"href":"https:\/\/mobishop-posusje.com\/en\/wp-json\/wp\/v2\/media?parent=29492"}],"wp:term":[{"taxonomy":"product_brand","embeddable":true,"href":"https:\/\/mobishop-posusje.com\/en\/wp-json\/wp\/v2\/product_brand?post=29492"},{"taxonomy":"product_cat","embeddable":true,"href":"https:\/\/mobishop-posusje.com\/en\/wp-json\/wp\/v2\/product_cat?post=29492"},{"taxonomy":"product_tag","embeddable":true,"href":"https:\/\/mobishop-posusje.com\/en\/wp-json\/wp\/v2\/product_tag?post=29492"}],"curies":[{"name":"wp","href":"https:\/\/api.w.org\/{rel}","templated":true}]}}