{"id":29511,"date":"2025-02-18T11:01:19","date_gmt":"2025-02-18T11:01:19","guid":{"rendered":"https:\/\/mobishop-posusje.com\/?post_type=product&#038;p=29511"},"modified":"2025-07-03T19:25:03","modified_gmt":"2025-07-03T19:25:03","slug":"xiaomi-14t-pro-12-512gb","status":"publish","type":"product","link":"https:\/\/mobishop-posusje.com\/en\/svi-proizvodi\/mobiteli-i-oprema\/xiaomi\/xiaomi-14t-pro-12-512gb\/","title":{"rendered":"Xiaomi 14T Pro 12\/512GB"},"content":{"rendered":"","protected":false},"excerpt":{"rendered":"<div class=\"gem-list gem-list-type-check-style-1 gem-list-color-14\">\n<ul>\n<strong>Dimenzije i te\u017eina:<\/strong><\/p>\n<li>\u0160irina: 75,1 mm<\/li>\n<li>Visina: 160,4 mm<\/li>\n<li>Debljina: 8,4 mm<\/li>\n<li>Te\u017eina: 209 g<\/li>\n<p><strong>Materijal:<\/strong><\/p>\n<li>Informacije o materijalu nisu dostupne<\/li>\n<p><strong>Water Resistance:<\/strong><\/p>\n<li>IP68 sertifikat (otpornost na pra\u0161inu i vodu)<\/li>\n<p><strong>Screen:<\/strong><\/p>\n<li>Veli\u010dina: 6,67 in\u010da<\/li>\n<li>Tip: AMOLED<\/li>\n<li>Rezolucija: 2712 x 1220 piksela<\/li>\n<li>Osvetljenost: do 4000 nita (maksimalna)<\/li>\n<li>Osve\u017eavanje: do 144 Hz<\/li>\n<p><strong>Povezivost:<\/strong><\/p>\n<li>Wi-Fi 802.11 a\/b\/g\/n\/ac\/6e\/7<\/li>\n<li>Bluetooth 5.4<\/li>\n<li>USB Type-C 3.2<\/li>\n<li>NFC<\/li>\n<p><strong>Senzori:<\/strong><\/p>\n<li>Akcelerometar<\/li>\n<li>\u017diroskop<\/li>\n<li>Kompas<\/li>\n<li>Senzor blizine<\/li>\n<li>Senzor boje<\/li>\n<p><strong>Procesor:<\/strong><\/p>\n<li>\u010cipset: MediaTek Dimensity 9300+ (4 nm)<\/li>\n<li>CPU: Osmojezgarni (1&#215;3,4 GHz Cortex-X4 &#038; 3&#215;2,85 GHz Cortex-X4 &#038; 4&#215;2,0 GHz Cortex-A720)<\/li>\n<li>GPU: Immortalis-G720 MC12<\/li>\n<p><strong>Memorija i skladi\u0161tenje:<\/strong><\/p>\n<li>RAM: 12 GB<\/li>\n<li>Interna memorija: 512 GB (UFS 4.0)<\/li>\n<li>Slot za memorijsku karticu: Nije podr\u017eano<\/li>\n<p><strong>Camera:<\/strong><\/p>\n<li>Glavna kamera:<\/li>\n<li>50 MP, f\/1.6, 23 mm (\u0161iroka), 1\/1.31&#8221;, 1.2\u00b5m, PDAF, OIS<\/li>\n<li>50 MP, f\/2.0, 60 mm (telefoto), 1\/2.88&#8221;, 0.61\u00b5m, PDAF, 2.6x opti\u010dki zum<\/li>\n<li>12 MP, f\/2.2, 15 mm (ultra\u0161iroka), 120\u00b0 FOV<\/li>\n<li>Prednja kamera:<\/li>\n<li>32 MP, f\/2.0<\/li>\n<p><strong>Battery:<\/strong><\/p>\n<li>Kapacitet: 5000 mAh<\/li>\n<li>Punjenje: 120W \u017ei\u010dno, 50W be\u017ei\u010dno, 10W reverzno be\u017ei\u010dno<\/li>\n<p><strong>Operating System:<\/strong><\/p>\n<li>HyperOS zasnovan na Androidu 14<\/li>\n<p><strong>Other Features:<\/strong><\/p>\n<li>Stereo zvu\u010dnici sa Dolby Atmos podr\u0161kom<\/li>\n<li>Leica profesionalna optika sa razli\u010ditim fotografskim stilovima<\/li>\n<li>IP68 sertifikat za otpornost na pra\u0161inu i vodu<\/li>\n<\/ul>\n<\/div>","protected":false},"featured_media":29869,"comment_status":"open","ping_status":"closed","template":"","meta":{"_themeisle_gutenberg_block_has_review":false},"product_brand":[],"product_cat":[355,367],"product_tag":[],"class_list":{"0":"post-29511","1":"product","2":"type-product","3":"status-publish","4":"has-post-thumbnail","6":"product_cat-mobiteli-i-oprema","7":"product_cat-xiaomi","9":"first","10":"instock","11":"sale","12":"featured","13":"shipping-taxable","14":"purchasable","15":"product-type-simple","16":"add-to-wishlist-after_add_to_cart"},"_links":{"self":[{"href":"https:\/\/mobishop-posusje.com\/en\/wp-json\/wp\/v2\/product\/29511","targetHints":{"allow":["GET"]}}],"collection":[{"href":"https:\/\/mobishop-posusje.com\/en\/wp-json\/wp\/v2\/product"}],"about":[{"href":"https:\/\/mobishop-posusje.com\/en\/wp-json\/wp\/v2\/types\/product"}],"replies":[{"embeddable":true,"href":"https:\/\/mobishop-posusje.com\/en\/wp-json\/wp\/v2\/comments?post=29511"}],"version-history":[{"count":4,"href":"https:\/\/mobishop-posusje.com\/en\/wp-json\/wp\/v2\/product\/29511\/revisions"}],"predecessor-version":[{"id":29984,"href":"https:\/\/mobishop-posusje.com\/en\/wp-json\/wp\/v2\/product\/29511\/revisions\/29984"}],"wp:featuredmedia":[{"embeddable":true,"href":"https:\/\/mobishop-posusje.com\/en\/wp-json\/wp\/v2\/media\/29869"}],"wp:attachment":[{"href":"https:\/\/mobishop-posusje.com\/en\/wp-json\/wp\/v2\/media?parent=29511"}],"wp:term":[{"taxonomy":"product_brand","embeddable":true,"href":"https:\/\/mobishop-posusje.com\/en\/wp-json\/wp\/v2\/product_brand?post=29511"},{"taxonomy":"product_cat","embeddable":true,"href":"https:\/\/mobishop-posusje.com\/en\/wp-json\/wp\/v2\/product_cat?post=29511"},{"taxonomy":"product_tag","embeddable":true,"href":"https:\/\/mobishop-posusje.com\/en\/wp-json\/wp\/v2\/product_tag?post=29511"}],"curies":[{"name":"wp","href":"https:\/\/api.w.org\/{rel}","templated":true}]}}