{"id":29553,"date":"2025-02-28T10:10:13","date_gmt":"2025-02-28T10:10:13","guid":{"rendered":"https:\/\/mobishop-posusje.com\/?post_type=product&#038;p=29553"},"modified":"2025-05-12T10:55:11","modified_gmt":"2025-05-12T10:55:11","slug":"amazfit-cheetah-round","status":"publish","type":"product","link":"https:\/\/mobishop-posusje.com\/en\/svi-proizvodi\/pametni-satovi\/xiaomi-sat\/amazfit-cheetah-round\/","title":{"rendered":"Amazfit Smart Watch Cheetah (Round)"},"content":{"rendered":"","protected":false},"excerpt":{"rendered":"<div class=\"gem-list gem-list-type-check-style-1 gem-list-color-14\">\n<ul>\n  <strong>Dimenzije i te\u017eina:<\/strong><\/p>\n<li>Dimenzije: 46,7 x 46,7 x 11,9 mm (bez senzora za merenje pulsa)<\/li>\n<li>Te\u017eina: 32 g (bez narukvice); 47 g (sa narukvicom)<\/li>\n<p><strong>Materijal:<\/strong><\/p>\n<li>Ku\u0107i\u0161te: Polimer oja\u010dan vlaknima<\/li>\n<li>Narukvica: Teku\u0107i silikon<\/li>\n<p><strong>Water Resistance:<\/strong><\/p>\n<li>5 ATM (otpornost na vodu do 50 metara)<\/li>\n<p><strong>Screen:<\/strong><\/p>\n<li>Veli\u010dina: 1,39 in\u010da<\/li>\n<li>Tip: AMOLED<\/li>\n<li>Rezolucija: 454 x 454 piksela<\/li>\n<li>Gustina piksela: 326 ppi<\/li>\n<li>Za\u0161tita: Oja\u010dano staklo sa premazom protiv otisaka prstiju<\/li>\n<p><strong>Povezivost:<\/strong><\/p>\n<li>Bluetooth verzija: 5.3<\/li>\n<li>Podr\u017eani ure\u0111aji: Android 7.0 i noviji; iOS 12.0 i noviji<\/li>\n<p><strong>Senzori:<\/strong><\/p>\n<li>BioTracker\u2122 PPG biometrijski senzor (podr\u017eava merenje nivoa kiseonika u krvi)<\/li>\n<li>Akcelerometar<\/li>\n<li>\u017diroskop<\/li>\n<li>Geomagnetski senzor<\/li>\n<li>Barometarski visinomer<\/li>\n<li>Senzor ambijentalnog osvetljenja<\/li>\n<p><strong>Battery:<\/strong><\/p>\n<li>Kapacitet: 440 mAh<\/li>\n<li>Na\u010din punjenja: Magnetno punjenje<\/li>\n<li>Vreme punjenja: Pribli\u017eno 2 sata<\/li>\n<li>Trajanje baterije u tipi\u010dnom re\u017eimu upotrebe: Do 14 dana<\/li>\n<li>Trajanje baterije u re\u017eimu u\u0161tede energije: Do 24 dana<\/li>\n<li>Trajanje baterije u re\u017eimu sata: Do 45 dana<\/li>\n<li>Trajanje baterije u re\u017eimu preciznog GPS-a: Do 26 sati<\/li>\n<li>Trajanje baterije u automatskom GPS re\u017eimu: Do 44 sata<\/li>\n<li>Trajanje baterije u re\u017eimu u\u0161tede energije GPS-a: Do 54 sata<\/li>\n<p><strong>Funkcije:<\/strong><\/p>\n<li>Preko 150 sportskih modova<\/li>\n<li>Integrisan Amazon Alexa asistent<\/li>\n<li>Offline glasovni asistent<\/li>\n<li>Pra\u0107enje sna<\/li>\n<li>Pra\u0107enje stresa<\/li>\n<li>Merenje nivoa kiseonika u krvi<\/li>\n<li>Pra\u0107enje otkucaja srca<\/li>\n<li>Podr\u0161ka za povezivanje sa Bluetooth slu\u0161alicama za reprodukciju muzike<\/li>\n<li>Podr\u0161ka za povezivanje sa Bluetooth pojasevima za merenje pulsa<\/li>\n<li>Podr\u0161ka za povezivanje sa senzorima snage za biciklizam<\/li>\n<li>Zepp Coach\u2122 AI trener za tr\u010danje<\/li>\n<li>Trening \u0161abloni (putem Zepp aplikacije)<\/li>\n<li>Intervalni treninzi (putem sata)<\/li>\n<li>Live broadcast sportskih podataka<\/li>\n<li>Brzi pristup sportskim modovima preko ikona na ekranu sata<\/li>\n<p><strong>GPS i pozicioniranje:<\/strong><\/p>\n<li>Cirkularno-polarizovana GPS antena<\/li>\n<li>Dual-band pozicioniranje<\/li>\n<li>Podr\u0161ka za 6 satelitskih pozicionih sistema<\/li>\n<\/ul>\n<\/div>","protected":false},"featured_media":30287,"comment_status":"closed","ping_status":"closed","template":"","meta":{"_themeisle_gutenberg_block_has_review":false},"product_brand":[],"product_cat":[346,352,288],"product_tag":[],"class_list":{"0":"post-29553","1":"product","2":"type-product","3":"status-publish","4":"has-post-thumbnail","6":"product_cat-pametni-satovi","7":"product_cat-xiaomi-sat","8":"product_cat-svi-proizvodi","10":"first","11":"instock","12":"featured","13":"purchasable","14":"product-type-simple","15":"add-to-wishlist-after_add_to_cart"},"_links":{"self":[{"href":"https:\/\/mobishop-posusje.com\/en\/wp-json\/wp\/v2\/product\/29553","targetHints":{"allow":["GET"]}}],"collection":[{"href":"https:\/\/mobishop-posusje.com\/en\/wp-json\/wp\/v2\/product"}],"about":[{"href":"https:\/\/mobishop-posusje.com\/en\/wp-json\/wp\/v2\/types\/product"}],"replies":[{"embeddable":true,"href":"https:\/\/mobishop-posusje.com\/en\/wp-json\/wp\/v2\/comments?post=29553"}],"version-history":[{"count":2,"href":"https:\/\/mobishop-posusje.com\/en\/wp-json\/wp\/v2\/product\/29553\/revisions"}],"predecessor-version":[{"id":30734,"href":"https:\/\/mobishop-posusje.com\/en\/wp-json\/wp\/v2\/product\/29553\/revisions\/30734"}],"wp:featuredmedia":[{"embeddable":true,"href":"https:\/\/mobishop-posusje.com\/en\/wp-json\/wp\/v2\/media\/30287"}],"wp:attachment":[{"href":"https:\/\/mobishop-posusje.com\/en\/wp-json\/wp\/v2\/media?parent=29553"}],"wp:term":[{"taxonomy":"product_brand","embeddable":true,"href":"https:\/\/mobishop-posusje.com\/en\/wp-json\/wp\/v2\/product_brand?post=29553"},{"taxonomy":"product_cat","embeddable":true,"href":"https:\/\/mobishop-posusje.com\/en\/wp-json\/wp\/v2\/product_cat?post=29553"},{"taxonomy":"product_tag","embeddable":true,"href":"https:\/\/mobishop-posusje.com\/en\/wp-json\/wp\/v2\/product_tag?post=29553"}],"curies":[{"name":"wp","href":"https:\/\/api.w.org\/{rel}","templated":true}]}}