{"id":29556,"date":"2025-02-28T10:14:12","date_gmt":"2025-02-28T10:14:12","guid":{"rendered":"https:\/\/mobishop-posusje.com\/?post_type=product&#038;p=29556"},"modified":"2025-05-12T10:41:19","modified_gmt":"2025-05-12T10:41:19","slug":"apple-watch-se-44mm","status":"publish","type":"product","link":"https:\/\/mobishop-posusje.com\/en\/svi-proizvodi\/pametni-satovi\/apple-sat\/apple-watch-se-44mm\/","title":{"rendered":"Apple Watch SE 44mm"},"content":{"rendered":"","protected":false},"excerpt":{"rendered":"<div class=\"gem-list gem-list-type-check-style-1 gem-list-color-14\">\n<ul>\n  <strong>Dimenzije i te\u017eina:<\/strong><\/p>\n<li>Visina: 44 mm<\/li>\n<li>\u0160irina: 38 mm<\/li>\n<li>Debljina: 10,7 mm<\/li>\n<li>Te\u017eina: 32,9 g (GPS); 33 g (GPS + Cellular)<\/li>\n<p><strong>Materijal:<\/strong><\/p>\n<li>Ku\u0107i\u0161te: Aluminijum<\/li>\n<li>Boje: Midnight, Starlight, Silver<\/li>\n<p><strong>Water Resistance:<\/strong><\/p>\n<li>Vodootpornost do 50 metara<\/li>\n<p><strong>Screen:<\/strong><\/p>\n<li>Veli\u010dina: 1,78 in\u010da<\/li>\n<li>Tip: Retina LTPO OLED<\/li>\n<li>Rezolucija: 368 x 448 piksela<\/li>\n<li>Osvetljenost: Do 1000 nita<\/li>\n<p><strong>Povezivost:<\/strong><\/p>\n<li>Wi-Fi 802.11b\/g\/n 2,4 GHz<\/li>\n<li>Bluetooth 5.0<\/li>\n<li>GPS\/GNSS<\/li>\n<li>Opcionalno: LTE i UMTS (samo GPS + Cellular modeli)<\/li>\n<p><strong>Senzori:<\/strong><\/p>\n<li>Opti\u010dki senzor za merenje pulsa<\/li>\n<li>Akcelerometar<\/li>\n<li>\u017diroskop<\/li>\n<li>Altimetar<\/li>\n<li>Kompas<\/li>\n<li>Senzor ambijentalnog osvetljenja<\/li>\n<p><strong>Procesor:<\/strong><\/p>\n<li>\u010cipset: S5 SiP sa 64-bitnim dvojezgrenim procesorom<\/li>\n<li>Be\u017ei\u010dni \u010dip: W3<\/li>\n<p><strong>Memorija i skladi\u0161tenje:<\/strong><\/p>\n<li>Interna memorija: 32 GB<\/li>\n<p><strong>Battery:<\/strong><\/p>\n<li>Trajanje: Do 18 sati<\/li>\n<li>Na\u010din punjenja: Magnetni kabl za punjenje<\/li>\n<p><strong>Operating System:<\/strong><\/p>\n<li>watchOS 7 (mogu\u0107nost nadogradnje na novije verzije)<\/li>\n<p><strong>Other Features:<\/strong><\/p>\n<li>Podr\u0161ka za Apple Pay<\/li>\n<li>Obave\u0161tenja o visokom i niskom pulsu<\/li>\n<li>Obave\u0161tenja o nepravilnom ritmu srca<\/li>\n<li>Detekcija pada<\/li>\n<li>Hitni SOS pozivi<\/li>\n<\/ul>\n<\/div>","protected":false},"featured_media":30288,"comment_status":"closed","ping_status":"closed","template":"","meta":{"_themeisle_gutenberg_block_has_review":false},"product_brand":[],"product_cat":[354,346,288],"product_tag":[],"class_list":{"0":"post-29556","1":"product","2":"type-product","3":"status-publish","4":"has-post-thumbnail","6":"product_cat-apple-sat","7":"product_cat-pametni-satovi","8":"product_cat-svi-proizvodi","10":"first","11":"instock","12":"featured","13":"purchasable","14":"product-type-simple","15":"add-to-wishlist-after_add_to_cart"},"_links":{"self":[{"href":"https:\/\/mobishop-posusje.com\/en\/wp-json\/wp\/v2\/product\/29556","targetHints":{"allow":["GET"]}}],"collection":[{"href":"https:\/\/mobishop-posusje.com\/en\/wp-json\/wp\/v2\/product"}],"about":[{"href":"https:\/\/mobishop-posusje.com\/en\/wp-json\/wp\/v2\/types\/product"}],"replies":[{"embeddable":true,"href":"https:\/\/mobishop-posusje.com\/en\/wp-json\/wp\/v2\/comments?post=29556"}],"version-history":[{"count":1,"href":"https:\/\/mobishop-posusje.com\/en\/wp-json\/wp\/v2\/product\/29556\/revisions"}],"predecessor-version":[{"id":29558,"href":"https:\/\/mobishop-posusje.com\/en\/wp-json\/wp\/v2\/product\/29556\/revisions\/29558"}],"wp:featuredmedia":[{"embeddable":true,"href":"https:\/\/mobishop-posusje.com\/en\/wp-json\/wp\/v2\/media\/30288"}],"wp:attachment":[{"href":"https:\/\/mobishop-posusje.com\/en\/wp-json\/wp\/v2\/media?parent=29556"}],"wp:term":[{"taxonomy":"product_brand","embeddable":true,"href":"https:\/\/mobishop-posusje.com\/en\/wp-json\/wp\/v2\/product_brand?post=29556"},{"taxonomy":"product_cat","embeddable":true,"href":"https:\/\/mobishop-posusje.com\/en\/wp-json\/wp\/v2\/product_cat?post=29556"},{"taxonomy":"product_tag","embeddable":true,"href":"https:\/\/mobishop-posusje.com\/en\/wp-json\/wp\/v2\/product_tag?post=29556"}],"curies":[{"name":"wp","href":"https:\/\/api.w.org\/{rel}","templated":true}]}}