{"id":29559,"date":"2025-02-28T10:25:05","date_gmt":"2025-02-28T10:25:05","guid":{"rendered":"https:\/\/mobishop-posusje.com\/?post_type=product&#038;p=29559"},"modified":"2025-04-23T15:00:56","modified_gmt":"2025-04-23T15:00:56","slug":"xiaomi-smart-camera-c500-dual","status":"publish","type":"product","link":"https:\/\/mobishop-posusje.com\/en\/svi-proizvodi\/kamere-i-dronovi\/kamere\/xiaomi-smart-camera-c500-dual\/","title":{"rendered":"Xiaomi Smart Camera C500 Dual"},"content":{"rendered":"","protected":false},"excerpt":{"rendered":"<div class=\"gem-list gem-list-type-check-style-1 gem-list-color-14\">\n<ul>\n <strong>Dimenzije i te\u017eina:<\/strong><\/p>\n<li>Dimenzije: 78 x 77 x 128 mm<\/li>\n<li>Te\u017eina: pribli\u017eno 305 g<\/li>\n<p><strong>Materijal:<\/strong><\/p>\n<li>Informacije o materijalu nisu dostupne<\/li>\n<p><strong>Water Resistance:<\/strong><\/p>\n<li>Informacije o vodootpornosti nisu dostupne<\/li>\n<p><strong>Screen:<\/strong><\/p>\n<li>Informacije o ekranu nisu dostupne<\/li>\n<p><strong>Povezivost:<\/strong><\/p>\n<li>Wi-Fi IEEE 802.11 a\/b\/g\/n\/ac\/ax (2,4 GHz\/5 GHz)<\/li>\n<li>Bluetooth 5.3<\/li>\n<p><strong>Senzori:<\/strong><\/p>\n<li>Informacije o senzorima nisu dostupne<\/li>\n<p><strong>Procesor:<\/strong><\/p>\n<li>Informacije o procesoru nisu dostupne<\/li>\n<p><strong>Memorija i skladi\u0161tenje:<\/strong><\/p>\n<li>Podr\u0161ka za microSD kartice od 16 GB do 256 GB<\/li>\n<li>Cloud skladi\u0161tenje<\/li>\n<li>NAS mre\u017eno skladi\u0161tenje<\/li>\n<p><strong>Camera:<\/strong><\/p>\n<li>Rezolucija: 2560 x 1440 piksela<\/li>\n<li>Video kodiranje: H.265<\/li>\n<li>Fiksna kamera: 2,8 mm \u0161irokougaona so\u010diva sa 110\u00b0 horizontalnim vidnim poljem<\/li>\n<li>PTZ kamera: 6 mm telefoto so\u010diva sa 58\u00b0 horizontalnim vidnim poljem<\/li>\n<p><strong>Battery:<\/strong><\/p>\n<li>Napajanje: 5V\u23932A<\/li>\n<p><strong>Operating System:<\/strong><\/p>\n<li>Kompatibilnost: Android 8.0 ili noviji; iOS 12.0 ili noviji<\/li>\n<p><strong>Other Features:<\/strong><\/p>\n<li>AI detekcija (detekcija ljudi, ku\u0107nih ljubimaca, pla\u010da bebe)<\/li>\n<li>Virtuelna ograda za nadzor klju\u010dnih oblasti<\/li>\n<li>Sinhronizovani rad dualnih kamera za pra\u0107enje objekata<\/li>\n<li>360\u00b0 panoramski nadzor sa PTZ funkcijom<\/li>\n<li>Podr\u0161ka za Xiaomi HyperOS Connect za automatizaciju<\/li>\n<li>Vi\u0161e opcija skladi\u0161tenja: microSD kartica, cloud skladi\u0161tenje, NAS<\/li>\n<\/ul>\n<\/div>","protected":false},"featured_media":30533,"comment_status":"closed","ping_status":"closed","template":"","meta":{"_themeisle_gutenberg_block_has_review":false},"product_brand":[],"product_cat":[304,302,288],"product_tag":[],"class_list":{"0":"post-29559","1":"product","2":"type-product","3":"status-publish","4":"has-post-thumbnail","6":"product_cat-kamere","7":"product_cat-kamere-i-dronovi","8":"product_cat-svi-proizvodi","10":"first","11":"instock","12":"featured","13":"purchasable","14":"product-type-simple","15":"add-to-wishlist-after_add_to_cart"},"_links":{"self":[{"href":"https:\/\/mobishop-posusje.com\/en\/wp-json\/wp\/v2\/product\/29559","targetHints":{"allow":["GET"]}}],"collection":[{"href":"https:\/\/mobishop-posusje.com\/en\/wp-json\/wp\/v2\/product"}],"about":[{"href":"https:\/\/mobishop-posusje.com\/en\/wp-json\/wp\/v2\/types\/product"}],"replies":[{"embeddable":true,"href":"https:\/\/mobishop-posusje.com\/en\/wp-json\/wp\/v2\/comments?post=29559"}],"version-history":[{"count":1,"href":"https:\/\/mobishop-posusje.com\/en\/wp-json\/wp\/v2\/product\/29559\/revisions"}],"predecessor-version":[{"id":29561,"href":"https:\/\/mobishop-posusje.com\/en\/wp-json\/wp\/v2\/product\/29559\/revisions\/29561"}],"wp:featuredmedia":[{"embeddable":true,"href":"https:\/\/mobishop-posusje.com\/en\/wp-json\/wp\/v2\/media\/30533"}],"wp:attachment":[{"href":"https:\/\/mobishop-posusje.com\/en\/wp-json\/wp\/v2\/media?parent=29559"}],"wp:term":[{"taxonomy":"product_brand","embeddable":true,"href":"https:\/\/mobishop-posusje.com\/en\/wp-json\/wp\/v2\/product_brand?post=29559"},{"taxonomy":"product_cat","embeddable":true,"href":"https:\/\/mobishop-posusje.com\/en\/wp-json\/wp\/v2\/product_cat?post=29559"},{"taxonomy":"product_tag","embeddable":true,"href":"https:\/\/mobishop-posusje.com\/en\/wp-json\/wp\/v2\/product_tag?post=29559"}],"curies":[{"name":"wp","href":"https:\/\/api.w.org\/{rel}","templated":true}]}}