{"id":29562,"date":"2025-02-28T10:28:16","date_gmt":"2025-02-28T10:28:16","guid":{"rendered":"https:\/\/mobishop-posusje.com\/?post_type=product&#038;p=29562"},"modified":"2025-04-23T15:01:05","modified_gmt":"2025-04-23T15:01:05","slug":"xiaomi-smart-camera-c700","status":"publish","type":"product","link":"https:\/\/mobishop-posusje.com\/en\/svi-proizvodi\/kamere-i-dronovi\/kamere\/xiaomi-smart-camera-c700\/","title":{"rendered":"Xiaomi Smart Camera C700"},"content":{"rendered":"","protected":false},"excerpt":{"rendered":"<div class=\"gem-list gem-list-type-check-style-1 gem-list-color-14\">\n<ul>\n<strong>Dimenzije i te\u017eina:<\/strong><\/p>\n<li>Dimenzije: 82 x 82 x 130 mm<\/li>\n<li>Te\u017eina: pribli\u017eno 362 g<\/li>\n<p><strong>Materijal:<\/strong><\/p>\n<li>Informacije o materijalu nisu dostupne<\/li>\n<p><strong>Water Resistance:<\/strong><\/p>\n<li>Informacije o vodootpornosti nisu dostupne; ure\u0111aj je namenjen za unutra\u0161nju upotrebu<\/li>\n<p><strong>Camera:<\/strong><\/p>\n<li>Rezolucija: 3840 x 2160 piksela (4K Ultra HD)<\/li>\n<li>Senzor: 8 MP<\/li>\n<li>Video kodiranje: H.265<\/li>\n<li>Ugao gledanja: 110\u00b0<\/li>\n<li>No\u0107ni vid: Infracrveni sa dometom do 10 metara<\/li>\n<p><strong>Povezivost:<\/strong><\/p>\n<li>Wi-Fi: IEEE 802.11 a\/b\/g\/n\/ac\/ax, 2,4 GHz\/5 GHz<\/li>\n<li>Bluetooth: 5.3<\/li>\n<p><strong>Skladi\u0161tenje:<\/strong><\/p>\n<li>Podr\u0161ka za microSD kartice kapaciteta od 8 GB do 256 GB<\/li>\n<li>Podr\u0161ka za NAS mre\u017eno skladi\u0161tenje<\/li>\n<p><strong>Operating System:<\/strong><\/p>\n<li>Kompatibilnost: Android 8.0 ili noviji; iOS 12.0 ili noviji<\/li>\n<p><strong>Other Features:<\/strong><\/p>\n<li>AI detekcija (prepoznavanje ljudi, ku\u0107nih ljubimaca, pla\u010da bebe)<\/li>\n<li>Fizi\u010dko zatvaranje so\u010diva za privatnost<\/li>\n<li>Podr\u0161ka za Xiaomi HyperOS Connect<\/li>\n<li>Napajanje: 5V\u23932A putem USB Type-C porta<\/li>\n<\/ul>\n<\/div>","protected":false},"featured_media":30534,"comment_status":"closed","ping_status":"closed","template":"","meta":{"_themeisle_gutenberg_block_has_review":false},"product_brand":[],"product_cat":[304,302,288],"product_tag":[],"class_list":{"0":"post-29562","1":"product","2":"type-product","3":"status-publish","4":"has-post-thumbnail","6":"product_cat-kamere","7":"product_cat-kamere-i-dronovi","8":"product_cat-svi-proizvodi","10":"first","11":"instock","12":"featured","13":"purchasable","14":"product-type-simple","15":"add-to-wishlist-after_add_to_cart"},"_links":{"self":[{"href":"https:\/\/mobishop-posusje.com\/en\/wp-json\/wp\/v2\/product\/29562","targetHints":{"allow":["GET"]}}],"collection":[{"href":"https:\/\/mobishop-posusje.com\/en\/wp-json\/wp\/v2\/product"}],"about":[{"href":"https:\/\/mobishop-posusje.com\/en\/wp-json\/wp\/v2\/types\/product"}],"replies":[{"embeddable":true,"href":"https:\/\/mobishop-posusje.com\/en\/wp-json\/wp\/v2\/comments?post=29562"}],"version-history":[{"count":1,"href":"https:\/\/mobishop-posusje.com\/en\/wp-json\/wp\/v2\/product\/29562\/revisions"}],"predecessor-version":[{"id":29564,"href":"https:\/\/mobishop-posusje.com\/en\/wp-json\/wp\/v2\/product\/29562\/revisions\/29564"}],"wp:featuredmedia":[{"embeddable":true,"href":"https:\/\/mobishop-posusje.com\/en\/wp-json\/wp\/v2\/media\/30534"}],"wp:attachment":[{"href":"https:\/\/mobishop-posusje.com\/en\/wp-json\/wp\/v2\/media?parent=29562"}],"wp:term":[{"taxonomy":"product_brand","embeddable":true,"href":"https:\/\/mobishop-posusje.com\/en\/wp-json\/wp\/v2\/product_brand?post=29562"},{"taxonomy":"product_cat","embeddable":true,"href":"https:\/\/mobishop-posusje.com\/en\/wp-json\/wp\/v2\/product_cat?post=29562"},{"taxonomy":"product_tag","embeddable":true,"href":"https:\/\/mobishop-posusje.com\/en\/wp-json\/wp\/v2\/product_tag?post=29562"}],"curies":[{"name":"wp","href":"https:\/\/api.w.org\/{rel}","templated":true}]}}