{"id":29573,"date":"2025-03-20T09:38:09","date_gmt":"2025-03-20T09:38:09","guid":{"rendered":"https:\/\/mobishop-posusje.com\/?post_type=product&#038;p=29573"},"modified":"2025-06-27T15:16:00","modified_gmt":"2025-06-27T15:16:00","slug":"apple-iphone-16e-128gb","status":"publish","type":"product","link":"https:\/\/mobishop-posusje.com\/en\/svi-proizvodi\/mobiteli-i-oprema\/apple\/apple-iphone-16e-128gb\/","title":{"rendered":"Apple iPhone 16E 128GB"},"content":{"rendered":"","protected":false},"excerpt":{"rendered":"<p><strong>Cash Payment Price<\/strong><\/p>\n<div class=\"gem-list gem-list-type-check-style-1 gem-list-color-14\">\n<ul>\n    <strong>Screen:<\/strong><\/p>\n<li>Veli\u010dina: 6,1 in\u010da<\/li>\n<li>Type: Super Retina XDR OLED<\/li>\n<li>Rezolucija: 2532 x 1170 piksela, 460 ppi<\/li>\n<p>    <strong>Chipset:<\/strong><\/p>\n<li>Apple A18 sa 6-jezgrenim CPU-om i 4-jezgrenim GPU-om<\/li>\n<p>    <strong>Camera:<\/strong><\/p>\n<li>Glavna kamera: 48 MP Fusion 2-u-1<\/li>\n<li>Prednja kamera: 12 MP TrueDepth<\/li>\n<li>Video: 4K snimanje do 60 fps<\/li>\n<p>    <strong>Battery:<\/strong><\/p>\n<li>Trajanje video reprodukcije: do 26 sati<\/li>\n<li>Trajanje strimovane video reprodukcije: do 21 sat<\/li>\n<li>Trajanje audio reprodukcije: do 90 sati<\/li>\n<li>Podr\u0161ka za be\u017ei\u010dno punjenje (Qi) i USB-C punjenje<\/li>\n<p>    <strong>Security:<\/strong><\/p>\n<li>Face ID enabled by TrueDepth camera<\/li>\n<p>    <strong>Connectivity:<\/strong><\/p>\n<li>5G, Wi-Fi 6, Bluetooth 5.3, NFC<\/li>\n<p>    <strong>Operating System:<\/strong><\/p>\n<li>iOS 18<\/li>\n<p>    <strong>Other Features:<\/strong><\/p>\n<li>Akcioni taster za prilagodljive funkcije<\/li>\n<li>Vodootpornost IP68 (do 6 metara do 30 minuta)<\/li>\n<li>USB-C port<\/li>\n<\/ul>\n<\/div>","protected":false},"featured_media":30145,"comment_status":"closed","ping_status":"closed","template":"","meta":{"_themeisle_gutenberg_block_has_review":false},"product_brand":[],"product_cat":[355,369,288],"product_tag":[],"class_list":{"0":"post-29573","1":"product","2":"type-product","3":"status-publish","4":"has-post-thumbnail","6":"product_cat-mobiteli-i-oprema","7":"product_cat-apple","8":"product_cat-svi-proizvodi","10":"first","11":"instock","12":"sale","13":"featured","14":"purchasable","15":"product-type-simple","16":"add-to-wishlist-after_add_to_cart"},"_links":{"self":[{"href":"https:\/\/mobishop-posusje.com\/en\/wp-json\/wp\/v2\/product\/29573","targetHints":{"allow":["GET"]}}],"collection":[{"href":"https:\/\/mobishop-posusje.com\/en\/wp-json\/wp\/v2\/product"}],"about":[{"href":"https:\/\/mobishop-posusje.com\/en\/wp-json\/wp\/v2\/types\/product"}],"replies":[{"embeddable":true,"href":"https:\/\/mobishop-posusje.com\/en\/wp-json\/wp\/v2\/comments?post=29573"}],"version-history":[{"count":2,"href":"https:\/\/mobishop-posusje.com\/en\/wp-json\/wp\/v2\/product\/29573\/revisions"}],"predecessor-version":[{"id":29576,"href":"https:\/\/mobishop-posusje.com\/en\/wp-json\/wp\/v2\/product\/29573\/revisions\/29576"}],"wp:featuredmedia":[{"embeddable":true,"href":"https:\/\/mobishop-posusje.com\/en\/wp-json\/wp\/v2\/media\/30145"}],"wp:attachment":[{"href":"https:\/\/mobishop-posusje.com\/en\/wp-json\/wp\/v2\/media?parent=29573"}],"wp:term":[{"taxonomy":"product_brand","embeddable":true,"href":"https:\/\/mobishop-posusje.com\/en\/wp-json\/wp\/v2\/product_brand?post=29573"},{"taxonomy":"product_cat","embeddable":true,"href":"https:\/\/mobishop-posusje.com\/en\/wp-json\/wp\/v2\/product_cat?post=29573"},{"taxonomy":"product_tag","embeddable":true,"href":"https:\/\/mobishop-posusje.com\/en\/wp-json\/wp\/v2\/product_tag?post=29573"}],"curies":[{"name":"wp","href":"https:\/\/api.w.org\/{rel}","templated":true}]}}