{"id":29580,"date":"2025-03-20T10:06:41","date_gmt":"2025-03-20T10:06:41","guid":{"rendered":"https:\/\/mobishop-posusje.com\/?post_type=product&#038;p=29580"},"modified":"2025-04-23T19:04:15","modified_gmt":"2025-04-23T19:04:15","slug":"ps5-pulse-elite-wireless-headset","status":"publish","type":"product","link":"https:\/\/mobishop-posusje.com\/en\/svi-proizvodi\/gaming\/playstation\/ostalo\/ps5-pulse-elite-wireless-headset\/","title":{"rendered":"PS5 PULSE Elite Wireless Headset"},"content":{"rendered":"","protected":false},"excerpt":{"rendered":"<div class=\"gem-list gem-list-type-check-style-1 gem-list-color-14\">\n<ul>\n    <strong>Tip:<\/strong><\/p>\n<li>Be\u017ei\u010dne gejming slu\u0161alice<\/li>\n<p>    <strong>Kompatibilnost:<\/strong><\/p>\n<li>PlayStation 5<\/li>\n<li>PlayStation Portal<\/li>\n<li>PC<\/li>\n<li>Mac<\/li>\n<li>Mobilni ure\u0111aji<\/li>\n<p>    <strong>Zvuk:<\/strong><\/p>\n<li>Planarni magnetski drajveri za visok kvalitet zvuka<\/li>\n<li>3D audio podr\u0161ka na PS5<\/li>\n<p>    <strong>Mikrofon:<\/strong><\/p>\n<li>Ugra\u0111eni mikrofon sa poni\u0161tavanjem buke<\/li>\n<li>AI pobolj\u0161ano filtriranje \u0161uma<\/li>\n<p>    <strong>Connectivity:<\/strong><\/p>\n<li>PlayStation Link be\u017ei\u010dna tehnologija<\/li>\n<li>Bluetooth<\/li>\n<li>USB-C port za punjenje<\/li>\n<p>    <strong>Battery:<\/strong><\/p>\n<li>Trajanje baterije: do 30 sati<\/li>\n<li>Brzo punjenje: 10 minuta punjenja omogu\u0107ava do 2 sata reprodukcije<\/li>\n<p>    <strong>Other Features:<\/strong><\/p>\n<li>Fleksibilan i lagan dizajn za udobno no\u0161enje<\/li>\n<li>Dolazi sa magnetnim postoljem za punjenje<\/li>\n<li>Touch kontrole za pode\u0161avanje zvuka i mikrofona<\/li>\n<\/ul>\n<\/div>","protected":false},"featured_media":30511,"comment_status":"closed","ping_status":"closed","template":"","meta":{"_themeisle_gutenberg_block_has_review":false},"product_brand":[],"product_cat":[329,325,330,288],"product_tag":[],"class_list":{"0":"post-29580","1":"product","2":"type-product","3":"status-publish","4":"has-post-thumbnail","6":"product_cat-playstation","7":"product_cat-gaming","8":"product_cat-ostalo","9":"product_cat-svi-proizvodi","11":"first","12":"instock","13":"purchasable","14":"product-type-simple","15":"add-to-wishlist-after_add_to_cart"},"_links":{"self":[{"href":"https:\/\/mobishop-posusje.com\/en\/wp-json\/wp\/v2\/product\/29580","targetHints":{"allow":["GET"]}}],"collection":[{"href":"https:\/\/mobishop-posusje.com\/en\/wp-json\/wp\/v2\/product"}],"about":[{"href":"https:\/\/mobishop-posusje.com\/en\/wp-json\/wp\/v2\/types\/product"}],"replies":[{"embeddable":true,"href":"https:\/\/mobishop-posusje.com\/en\/wp-json\/wp\/v2\/comments?post=29580"}],"version-history":[{"count":1,"href":"https:\/\/mobishop-posusje.com\/en\/wp-json\/wp\/v2\/product\/29580\/revisions"}],"predecessor-version":[{"id":29582,"href":"https:\/\/mobishop-posusje.com\/en\/wp-json\/wp\/v2\/product\/29580\/revisions\/29582"}],"wp:featuredmedia":[{"embeddable":true,"href":"https:\/\/mobishop-posusje.com\/en\/wp-json\/wp\/v2\/media\/30511"}],"wp:attachment":[{"href":"https:\/\/mobishop-posusje.com\/en\/wp-json\/wp\/v2\/media?parent=29580"}],"wp:term":[{"taxonomy":"product_brand","embeddable":true,"href":"https:\/\/mobishop-posusje.com\/en\/wp-json\/wp\/v2\/product_brand?post=29580"},{"taxonomy":"product_cat","embeddable":true,"href":"https:\/\/mobishop-posusje.com\/en\/wp-json\/wp\/v2\/product_cat?post=29580"},{"taxonomy":"product_tag","embeddable":true,"href":"https:\/\/mobishop-posusje.com\/en\/wp-json\/wp\/v2\/product_tag?post=29580"}],"curies":[{"name":"wp","href":"https:\/\/api.w.org\/{rel}","templated":true}]}}