{"id":29583,"date":"2025-03-20T10:09:02","date_gmt":"2025-03-20T10:09:02","guid":{"rendered":"https:\/\/mobishop-posusje.com\/?post_type=product&#038;p=29583"},"modified":"2025-04-23T19:04:47","modified_gmt":"2025-04-23T19:04:47","slug":"ps5-joystick-starlight-blue","status":"publish","type":"product","link":"https:\/\/mobishop-posusje.com\/en\/svi-proizvodi\/gaming\/playstation\/joystici\/ps5-joystick-starlight-blue\/","title":{"rendered":"PS5 Joystick Starlight Blue"},"content":{"rendered":"","protected":false},"excerpt":{"rendered":"<div class=\"gem-list gem-list-type-check-style-1 gem-list-color-14\">\n<ul>\n    <strong>Boja:<\/strong><\/p>\n<li>Starlight Blue<\/li>\n<p>    <strong>Kompatibilnost:<\/strong><\/p>\n<li>PlayStation 5<\/li>\n<li>PC<\/li>\n<li>Mac<\/li>\n<li>Android i iOS ure\u0111aji<\/li>\n<p>    <strong>Povezivanje:<\/strong><\/p>\n<li>Be\u017ei\u010dno putem Bluetooth-a<\/li>\n<li>USB Type-C port za punjenje i povezivanje<\/li>\n<p>    <strong>Funkcije:<\/strong><\/p>\n<li>Hapti\u010dka povratna informacija za realisti\u010dnije iskustvo<\/li>\n<li>Adaptivni okida\u010di s promjenjivim otporom<\/li>\n<li>Ugra\u0111eni mikrofon i 3,5 mm priklju\u010dak za slu\u0161alice<\/li>\n<li>Integrisani zvu\u010dnik<\/li>\n<li>Touchpad s dvostrukom ta\u010dkom dodira<\/li>\n<li>Motion senzor s troosnim \u017eiroskopom i akcelerometrom<\/li>\n<li>Dugme &#8220;Create&#8221; za snimanje i dijeljenje sadr\u017eaja<\/li>\n<li>Dugme za isklju\u010divanje mikrofona<\/li>\n<p>    <strong>Battery:<\/strong><\/p>\n<li>Ugra\u0111ena punjiva litijum-jonska baterija<\/li>\n<li>Punjenje putem USB Type-C kabla (nije uklju\u010den)<\/li>\n<p>    <strong>Dimenzije i te\u017eina:<\/strong><\/p>\n<li>Dimenzije: 160 mm x 66 mm x 106 mm<\/li>\n<li>Te\u017eina: 280 g<\/li>\n<\/ul>\n<\/div>","protected":false},"featured_media":30514,"comment_status":"closed","ping_status":"closed","template":"","meta":{"_themeisle_gutenberg_block_has_review":false},"product_brand":[],"product_cat":[329,333,325,288],"product_tag":[],"class_list":{"0":"post-29583","1":"product","2":"type-product","3":"status-publish","4":"has-post-thumbnail","6":"product_cat-playstation","7":"product_cat-joystici","8":"product_cat-gaming","9":"product_cat-svi-proizvodi","11":"first","12":"instock","13":"featured","14":"purchasable","15":"product-type-simple","16":"add-to-wishlist-after_add_to_cart"},"_links":{"self":[{"href":"https:\/\/mobishop-posusje.com\/en\/wp-json\/wp\/v2\/product\/29583","targetHints":{"allow":["GET"]}}],"collection":[{"href":"https:\/\/mobishop-posusje.com\/en\/wp-json\/wp\/v2\/product"}],"about":[{"href":"https:\/\/mobishop-posusje.com\/en\/wp-json\/wp\/v2\/types\/product"}],"replies":[{"embeddable":true,"href":"https:\/\/mobishop-posusje.com\/en\/wp-json\/wp\/v2\/comments?post=29583"}],"version-history":[{"count":2,"href":"https:\/\/mobishop-posusje.com\/en\/wp-json\/wp\/v2\/product\/29583\/revisions"}],"predecessor-version":[{"id":30515,"href":"https:\/\/mobishop-posusje.com\/en\/wp-json\/wp\/v2\/product\/29583\/revisions\/30515"}],"wp:featuredmedia":[{"embeddable":true,"href":"https:\/\/mobishop-posusje.com\/en\/wp-json\/wp\/v2\/media\/30514"}],"wp:attachment":[{"href":"https:\/\/mobishop-posusje.com\/en\/wp-json\/wp\/v2\/media?parent=29583"}],"wp:term":[{"taxonomy":"product_brand","embeddable":true,"href":"https:\/\/mobishop-posusje.com\/en\/wp-json\/wp\/v2\/product_brand?post=29583"},{"taxonomy":"product_cat","embeddable":true,"href":"https:\/\/mobishop-posusje.com\/en\/wp-json\/wp\/v2\/product_cat?post=29583"},{"taxonomy":"product_tag","embeddable":true,"href":"https:\/\/mobishop-posusje.com\/en\/wp-json\/wp\/v2\/product_tag?post=29583"}],"curies":[{"name":"wp","href":"https:\/\/api.w.org\/{rel}","templated":true}]}}