{"id":29611,"date":"2025-03-25T08:45:24","date_gmt":"2025-03-25T08:45:24","guid":{"rendered":"https:\/\/mobishop-posusje.com\/?post_type=product&#038;p=29611"},"modified":"2025-07-03T19:26:34","modified_gmt":"2025-07-03T19:26:34","slug":"redmi-buds-6-pro","status":"publish","type":"product","link":"https:\/\/mobishop-posusje.com\/en\/svi-proizvodi\/mobiteli-i-oprema\/mobitel-slusalice\/bluetooth-slusalice-mobitel\/redmi-buds-6-pro\/","title":{"rendered":"Redmi Buds 6 Pro"},"content":{"rendered":"","protected":false},"excerpt":{"rendered":"<div class=\"gem-list gem-list-type-check-style-1 gem-list-color-14\">\n<ul>\n    <strong>Dimenzije i te\u017eina:<\/strong><\/p>\n<li>Dimenzije pojedina\u010dne slu\u0161alice: 30,6 mm x 21,4 mm x 24,5 mm<\/li>\n<li>Dimenzije ku\u0107i\u0161ta za punjenje: 61,05 mm x 48,28 mm x 25,17 mm<\/li>\n<li>Te\u017eina pojedina\u010dne slu\u0161alice: oko 5,2 g<\/li>\n<li>Te\u017eina ku\u0107i\u0161ta za punjenje: oko 36,1 g<\/li>\n<li>Ukupna te\u017eina: oko 46,5 g<\/li>\n<p>    <strong>Battery:<\/strong><\/p>\n<li>Kapacitet baterije slu\u0161alica: 54 mAh<\/li>\n<li>Kapacitet baterije ku\u0107i\u0161ta za punjenje: 480 mAh<\/li>\n<li>Port za punjenje: USB Type-C<\/li>\n<li>Ulazni parametri slu\u0161alica: 5V\u2393160mA MAX<\/li>\n<li>Ulazni parametri ku\u0107i\u0161ta za punjenje: 5V\u2393700mA MAX<\/li>\n<li>Izlazni parametri ku\u0107i\u0161ta za punjenje: 5V\u2393320mA MAX<\/li>\n<p>    <strong>Povezivanje:<\/strong><\/p>\n<li>Be\u017ei\u010dna veza: Bluetooth\u00ae 5.3<\/li>\n<li>Bluetooth protokoli: Bluetooth\u00ae Low Energy \/ HFP \/ A2DP \/ AVRCP<\/li>\n<li>Domet komunikacije: 10 m (u otvorenom prostoru bez prepreka)<\/li>\n<p>    <strong>Audio karakteristike:<\/strong><\/p>\n<li>Koaksijalni trostruki drajveri za oboga\u0107ene visoke tonove<\/li>\n<li>Ugra\u0111eni dimenzionalni zvuk sa pra\u0107enjem pokreta glave<\/li>\n<li>Do 55dB aktivno poni\u0161tavanje buke sa vi\u0161estrukim nivoima pode\u0161avanja<\/li>\n<li>Hi-Res Audio Wireless sertifikat sa LDAC podr\u0161kom<\/li>\n<p>    <strong>Otpornost:<\/strong><\/p>\n<li>IP54 sertifikat za otpornost na pra\u0161inu i vodu<\/li>\n<p>    <strong>Other Features:<\/strong><\/p>\n<li>Podr\u0161ka za istovremeno povezivanje sa dva ure\u0111aja<\/li>\n<li>Brzo punjenje: 5 minuta punjenja omogu\u0107ava do 2 sata reprodukcije<\/li>\n<li>Do 36 sati ukupnog trajanja baterije sa ku\u0107i\u0161tem za punjenje<\/li>\n<\/ul>\n<\/div>","protected":false},"featured_media":29936,"comment_status":"closed","ping_status":"closed","template":"","meta":{"_themeisle_gutenberg_block_has_review":false},"product_brand":[],"product_cat":[355,362,320,316,361,288],"product_tag":[],"class_list":{"0":"post-29611","1":"product","2":"type-product","3":"status-publish","4":"has-post-thumbnail","6":"product_cat-mobiteli-i-oprema","7":"product_cat-bluetooth-slusalice-mobitel","8":"product_cat-bluetooth-slusalice","9":"product_cat-zvucnici-i-slusalice","10":"product_cat-mobitel-slusalice","11":"product_cat-svi-proizvodi","13":"first","14":"instock","15":"featured","16":"purchasable","17":"product-type-simple","18":"add-to-wishlist-after_add_to_cart"},"_links":{"self":[{"href":"https:\/\/mobishop-posusje.com\/en\/wp-json\/wp\/v2\/product\/29611","targetHints":{"allow":["GET"]}}],"collection":[{"href":"https:\/\/mobishop-posusje.com\/en\/wp-json\/wp\/v2\/product"}],"about":[{"href":"https:\/\/mobishop-posusje.com\/en\/wp-json\/wp\/v2\/types\/product"}],"replies":[{"embeddable":true,"href":"https:\/\/mobishop-posusje.com\/en\/wp-json\/wp\/v2\/comments?post=29611"}],"version-history":[{"count":5,"href":"https:\/\/mobishop-posusje.com\/en\/wp-json\/wp\/v2\/product\/29611\/revisions"}],"predecessor-version":[{"id":30060,"href":"https:\/\/mobishop-posusje.com\/en\/wp-json\/wp\/v2\/product\/29611\/revisions\/30060"}],"wp:featuredmedia":[{"embeddable":true,"href":"https:\/\/mobishop-posusje.com\/en\/wp-json\/wp\/v2\/media\/29936"}],"wp:attachment":[{"href":"https:\/\/mobishop-posusje.com\/en\/wp-json\/wp\/v2\/media?parent=29611"}],"wp:term":[{"taxonomy":"product_brand","embeddable":true,"href":"https:\/\/mobishop-posusje.com\/en\/wp-json\/wp\/v2\/product_brand?post=29611"},{"taxonomy":"product_cat","embeddable":true,"href":"https:\/\/mobishop-posusje.com\/en\/wp-json\/wp\/v2\/product_cat?post=29611"},{"taxonomy":"product_tag","embeddable":true,"href":"https:\/\/mobishop-posusje.com\/en\/wp-json\/wp\/v2\/product_tag?post=29611"}],"curies":[{"name":"wp","href":"https:\/\/api.w.org\/{rel}","templated":true}]}}