{"id":29615,"date":"2025-03-25T08:53:09","date_gmt":"2025-03-25T08:53:09","guid":{"rendered":"https:\/\/mobishop-posusje.com\/?post_type=product&#038;p=29615"},"modified":"2025-07-03T19:23:28","modified_gmt":"2025-07-03T19:23:28","slug":"stapni-usisivac-philips-xc8057-01","status":"publish","type":"product","link":"https:\/\/mobishop-posusje.com\/en\/svi-proizvodi\/mali-kucni-aparati\/stapni-usisivaci\/stapni-usisivac-philips-xc8057-01\/","title":{"rendered":"Philips \u0160tapni Usisiva\u010d XC8057\/01"},"content":{"rendered":"","protected":false},"excerpt":{"rendered":"<div class=\"gem-list gem-list-type-check-style-1 gem-list-color-14\">\n<ul>\n    <strong>Tip ure\u0111aja:<\/strong><\/p>\n<li>Be\u017ei\u010dni \u0161tapni usisiva\u010d 3-u-1 sa ru\u010dnim i \u0161tapnim re\u017eimom rada<\/li>\n<p>    <strong>Snaga i baterija:<\/strong><\/p>\n<li>Baterija: Litijum-jonska 25,2 V<\/li>\n<li>Vrijeme rada: do 65 minuta<\/li>\n<li>Vrijeme punjenja: oko 5 sati<\/li>\n<li>Tri re\u017eima rada: Eco, Normal i Turbo<\/li>\n<p>    <strong>Tehnologija usisavanja:<\/strong><\/p>\n<li>PowerCyclone 10 tehnologija za sna\u017eno usisavanje<\/li>\n<li>Digitalni motor nove generacije<\/li>\n<p>    <strong>Kapacitet i filter:<\/strong><\/p>\n<li>Kapacitet posude za pra\u0161inu: 0,6 litara<\/li>\n<li>Filter: trostruki sistem filtracije<\/li>\n<li>Perivi filteri<\/li>\n<p>    <strong>\u010cetke i nastavci:<\/strong><\/p>\n<li>LED \u010detka za podove (usisava i na tamnim mjestima)<\/li>\n<li>Mini Turbo \u010detka za dlake ku\u0107nih ljubimaca<\/li>\n<li>Ugra\u0111eni uski nastavak i \u010detka<\/li>\n<li>Fleksibilna crevna cev za te\u017ee dostupna mesta<\/li>\n<p>    <strong>Osvetljenje:<\/strong><\/p>\n<li>LED svetla na \u010detki za bolju vidljivost pra\u0161ine<\/li>\n<p>    <strong>Weight:<\/strong><\/p>\n<li>Ukupna te\u017eina: oko 2,7 kg<\/li>\n<p>    <strong>Other Features:<\/strong><\/p>\n<li>Samostoje\u0107i dizajn<\/li>\n<li>Indikator baterije<\/li>\n<li>Be\u0161uman rad<\/li>\n<\/ul>\n<\/div>","protected":false},"featured_media":29813,"comment_status":"closed","ping_status":"closed","template":"","meta":{"_themeisle_gutenberg_block_has_review":false},"product_brand":[],"product_cat":[315,309,288],"product_tag":[],"class_list":{"0":"post-29615","1":"product","2":"type-product","3":"status-publish","4":"has-post-thumbnail","6":"product_cat-stapni-usisivaci","7":"product_cat-mali-kucni-aparati","8":"product_cat-svi-proizvodi","10":"first","11":"instock","12":"featured","13":"shipping-taxable","14":"purchasable","15":"product-type-simple","16":"add-to-wishlist-after_add_to_cart"},"_links":{"self":[{"href":"https:\/\/mobishop-posusje.com\/en\/wp-json\/wp\/v2\/product\/29615","targetHints":{"allow":["GET"]}}],"collection":[{"href":"https:\/\/mobishop-posusje.com\/en\/wp-json\/wp\/v2\/product"}],"about":[{"href":"https:\/\/mobishop-posusje.com\/en\/wp-json\/wp\/v2\/types\/product"}],"replies":[{"embeddable":true,"href":"https:\/\/mobishop-posusje.com\/en\/wp-json\/wp\/v2\/comments?post=29615"}],"version-history":[{"count":4,"href":"https:\/\/mobishop-posusje.com\/en\/wp-json\/wp\/v2\/product\/29615\/revisions"}],"predecessor-version":[{"id":30670,"href":"https:\/\/mobishop-posusje.com\/en\/wp-json\/wp\/v2\/product\/29615\/revisions\/30670"}],"wp:featuredmedia":[{"embeddable":true,"href":"https:\/\/mobishop-posusje.com\/en\/wp-json\/wp\/v2\/media\/29813"}],"wp:attachment":[{"href":"https:\/\/mobishop-posusje.com\/en\/wp-json\/wp\/v2\/media?parent=29615"}],"wp:term":[{"taxonomy":"product_brand","embeddable":true,"href":"https:\/\/mobishop-posusje.com\/en\/wp-json\/wp\/v2\/product_brand?post=29615"},{"taxonomy":"product_cat","embeddable":true,"href":"https:\/\/mobishop-posusje.com\/en\/wp-json\/wp\/v2\/product_cat?post=29615"},{"taxonomy":"product_tag","embeddable":true,"href":"https:\/\/mobishop-posusje.com\/en\/wp-json\/wp\/v2\/product_tag?post=29615"}],"curies":[{"name":"wp","href":"https:\/\/api.w.org\/{rel}","templated":true}]}}