{"id":29618,"date":"2025-03-25T08:57:25","date_gmt":"2025-03-25T08:57:25","guid":{"rendered":"https:\/\/mobishop-posusje.com\/?post_type=product&#038;p=29618"},"modified":"2025-07-03T19:23:58","modified_gmt":"2025-07-03T19:23:58","slug":"stapni-usisivac-philips-xc3031-01","status":"publish","type":"product","link":"https:\/\/mobishop-posusje.com\/en\/svi-proizvodi\/mali-kucni-aparati\/stapni-usisivaci\/stapni-usisivac-philips-xc3031-01\/","title":{"rendered":"Philips \u0160tapni Usisiva\u010d XC3031\/01"},"content":{"rendered":"","protected":false},"excerpt":{"rendered":"<div class=\"gem-list gem-list-type-check-style-1 gem-list-color-14\">\n<ul>\n    <strong>Tip ure\u0111aja:<\/strong><\/p>\n<li>Be\u017ei\u010dni \u0161tapni usisiva\u010d 2-u-1 sa integrisanim ru\u010dnim usisiva\u010dem<\/li>\n<p>    <strong>Battery:<\/strong><\/p>\n<li>Litijum-jonska baterija 18 V<\/li>\n<li>Vrijeme rada: do 30 minuta<\/li>\n<li>Vrijeme punjenja: oko 5 sati<\/li>\n<p>    <strong>Kapacitet i filter:<\/strong><\/p>\n<li>Kapacitet posude za pra\u0161inu: 0,4 litra<\/li>\n<li>Filter: trostruki sistem filtracije<\/li>\n<p>    <strong>Tehnologija:<\/strong><\/p>\n<li>PowerCyclone 8 tehnologija za visoku efikasnost<\/li>\n<li>Digitalni motor za sna\u017eno usisavanje<\/li>\n<p>    <strong>Nastavci:<\/strong><\/p>\n<li>Turbo \u010detka za tvrde podove i tepihe<\/li>\n<li>Ugra\u0111eni uski nastavak i \u010detka<\/li>\n<p>    <strong>Weight:<\/strong><\/p>\n<li>Ukupna te\u017eina: oko 2,7 kg<\/li>\n<p>    <strong>Dodatne karakteristike:<\/strong><\/p>\n<li>Samostoje\u0107i dizajn<\/li>\n<li>Indikator baterije<\/li>\n<li>Ergonomska dr\u0161ka za lak\u0161u upotrebu<\/li>\n<\/ul>\n<\/div>","protected":false},"featured_media":29810,"comment_status":"closed","ping_status":"closed","template":"","meta":{"_themeisle_gutenberg_block_has_review":false},"product_brand":[],"product_cat":[315,309,288],"product_tag":[],"class_list":{"0":"post-29618","1":"product","2":"type-product","3":"status-publish","4":"has-post-thumbnail","6":"product_cat-stapni-usisivaci","7":"product_cat-mali-kucni-aparati","8":"product_cat-svi-proizvodi","10":"first","11":"instock","12":"featured","13":"shipping-taxable","14":"purchasable","15":"product-type-simple","16":"add-to-wishlist-after_add_to_cart"},"_links":{"self":[{"href":"https:\/\/mobishop-posusje.com\/en\/wp-json\/wp\/v2\/product\/29618","targetHints":{"allow":["GET"]}}],"collection":[{"href":"https:\/\/mobishop-posusje.com\/en\/wp-json\/wp\/v2\/product"}],"about":[{"href":"https:\/\/mobishop-posusje.com\/en\/wp-json\/wp\/v2\/types\/product"}],"replies":[{"embeddable":true,"href":"https:\/\/mobishop-posusje.com\/en\/wp-json\/wp\/v2\/comments?post=29618"}],"version-history":[{"count":5,"href":"https:\/\/mobishop-posusje.com\/en\/wp-json\/wp\/v2\/product\/29618\/revisions"}],"predecessor-version":[{"id":30669,"href":"https:\/\/mobishop-posusje.com\/en\/wp-json\/wp\/v2\/product\/29618\/revisions\/30669"}],"wp:featuredmedia":[{"embeddable":true,"href":"https:\/\/mobishop-posusje.com\/en\/wp-json\/wp\/v2\/media\/29810"}],"wp:attachment":[{"href":"https:\/\/mobishop-posusje.com\/en\/wp-json\/wp\/v2\/media?parent=29618"}],"wp:term":[{"taxonomy":"product_brand","embeddable":true,"href":"https:\/\/mobishop-posusje.com\/en\/wp-json\/wp\/v2\/product_brand?post=29618"},{"taxonomy":"product_cat","embeddable":true,"href":"https:\/\/mobishop-posusje.com\/en\/wp-json\/wp\/v2\/product_cat?post=29618"},{"taxonomy":"product_tag","embeddable":true,"href":"https:\/\/mobishop-posusje.com\/en\/wp-json\/wp\/v2\/product_tag?post=29618"}],"curies":[{"name":"wp","href":"https:\/\/api.w.org\/{rel}","templated":true}]}}