{"id":29621,"date":"2025-03-25T09:03:08","date_gmt":"2025-03-25T09:03:08","guid":{"rendered":"https:\/\/mobishop-posusje.com\/?post_type=product&#038;p=29621"},"modified":"2025-07-03T19:23:57","modified_gmt":"2025-07-03T19:23:57","slug":"stapni-usisivac-philips-xc3133-01","status":"publish","type":"product","link":"https:\/\/mobishop-posusje.com\/en\/svi-proizvodi\/mali-kucni-aparati\/stapni-usisivaci\/stapni-usisivac-philips-xc3133-01\/","title":{"rendered":"Philips \u0160tapni Usisiva\u010d XC3133\/01"},"content":{"rendered":"","protected":false},"excerpt":{"rendered":"<div class=\"gem-list gem-list-type-check-style-1 gem-list-color-14\">\n<ul>\n    <strong>Tip ure\u0111aja:<\/strong><\/p>\n<li>Be\u017ei\u010dni \u0161tapni usisiva\u010d s funkcijom mokrog i suhog \u010di\u0161\u0107enja<\/li>\n<p>    <strong>Boja:<\/strong><\/p>\n<li>Misty Dawn<\/li>\n<p>    <strong>Kapacitet posude za pra\u0161inu:<\/strong><\/p>\n<li>0,27 litara<\/li>\n<p>    <strong>Tehnologija filtracije:<\/strong><\/p>\n<li>Trostruki sistem filtracije<\/li>\n<p>    <strong>\u010ci\u0161\u0107enje:<\/strong><\/p>\n<li>Suho i mokro<\/li>\n<p>    <strong>Battery:<\/strong><\/p>\n<li>Tip: Litijum-jonska, zamjenjiva<\/li>\n<li>Napon: 25,2 V<\/li>\n<li>Vrijeme rada: do 60 minuta u Eco modu, do 15 minuta u Turbo modu<\/li>\n<li>Vrijeme punjenja: oko 5 sati<\/li>\n<p>    <strong>Strength:<\/strong><\/p>\n<li>Maksimalni protok vazduha: 14,4 l\/min<\/li>\n<p>    <strong>Nivo buke:<\/strong><\/p>\n<li>Manje od 80 dB<\/li>\n<p>    <strong>Dimenzije:<\/strong><\/p>\n<li>Dimenzije pakovanja (\u0160 x V x D): 37,9 x 73,2 x 13,4 cm<\/li>\n<p>    <strong>Weight:<\/strong><\/p>\n<li>Te\u017eina ru\u010dnog dijela: oko 1,5 kg<\/li>\n<p>    <strong>Dodatne karakteristike:<\/strong><\/p>\n<li>LED osvjetljenje na \u010detki za bolju vidljivost pra\u0161ine<\/li>\n<li>PowerCyclone 8 tehnologija za sna\u017eno usisavanje<\/li>\n<li>Digitalni motor za du\u017ei vijek trajanja<\/li>\n<li>Funkcija brisanja poda pomo\u0107u Aqua modula<\/li>\n<li>Samostoje\u0107i dizajn za jednostavno odlaganje<\/li>\n<\/ul>\n<\/div>","protected":false},"featured_media":29808,"comment_status":"closed","ping_status":"closed","template":"","meta":{"_themeisle_gutenberg_block_has_review":false},"product_brand":[],"product_cat":[315,309,288],"product_tag":[],"class_list":{"0":"post-29621","1":"product","2":"type-product","3":"status-publish","4":"has-post-thumbnail","6":"product_cat-stapni-usisivaci","7":"product_cat-mali-kucni-aparati","8":"product_cat-svi-proizvodi","10":"first","11":"instock","12":"featured","13":"shipping-taxable","14":"purchasable","15":"product-type-simple","16":"add-to-wishlist-after_add_to_cart"},"_links":{"self":[{"href":"https:\/\/mobishop-posusje.com\/en\/wp-json\/wp\/v2\/product\/29621","targetHints":{"allow":["GET"]}}],"collection":[{"href":"https:\/\/mobishop-posusje.com\/en\/wp-json\/wp\/v2\/product"}],"about":[{"href":"https:\/\/mobishop-posusje.com\/en\/wp-json\/wp\/v2\/types\/product"}],"replies":[{"embeddable":true,"href":"https:\/\/mobishop-posusje.com\/en\/wp-json\/wp\/v2\/comments?post=29621"}],"version-history":[{"count":4,"href":"https:\/\/mobishop-posusje.com\/en\/wp-json\/wp\/v2\/product\/29621\/revisions"}],"predecessor-version":[{"id":30667,"href":"https:\/\/mobishop-posusje.com\/en\/wp-json\/wp\/v2\/product\/29621\/revisions\/30667"}],"wp:featuredmedia":[{"embeddable":true,"href":"https:\/\/mobishop-posusje.com\/en\/wp-json\/wp\/v2\/media\/29808"}],"wp:attachment":[{"href":"https:\/\/mobishop-posusje.com\/en\/wp-json\/wp\/v2\/media?parent=29621"}],"wp:term":[{"taxonomy":"product_brand","embeddable":true,"href":"https:\/\/mobishop-posusje.com\/en\/wp-json\/wp\/v2\/product_brand?post=29621"},{"taxonomy":"product_cat","embeddable":true,"href":"https:\/\/mobishop-posusje.com\/en\/wp-json\/wp\/v2\/product_cat?post=29621"},{"taxonomy":"product_tag","embeddable":true,"href":"https:\/\/mobishop-posusje.com\/en\/wp-json\/wp\/v2\/product_tag?post=29621"}],"curies":[{"name":"wp","href":"https:\/\/api.w.org\/{rel}","templated":true}]}}