{"id":29733,"date":"2025-04-08T07:38:17","date_gmt":"2025-04-08T07:38:17","guid":{"rendered":"https:\/\/mobishop-posusje.com\/?post_type=product&#038;p=29733"},"modified":"2025-11-06T10:17:51","modified_gmt":"2025-11-06T10:17:51","slug":"huawei-watch-gt-5","status":"publish","type":"product","link":"https:\/\/mobishop-posusje.com\/en\/svi-proizvodi\/pametni-satovi\/huawei-sat\/huawei-watch-gt-5\/","title":{"rendered":"Huawei Watch GT 5 41mm"},"content":{"rendered":"","protected":false},"excerpt":{"rendered":"<div class=\"gem-list gem-list-type-check-style-1 gem-list-color-14\">\n<ul>\n    <strong>Dimenzije i te\u017eina:<\/strong><\/p>\n<li>Ku\u0107i\u0161te: 41,3 \u00d7 41,3 \u00d7 ~9,5 mm<\/li>\n<li>Te\u017eina: ~35 g (bez narukvice)\n<p>    <strong>Materijali:<\/strong><\/p>\n<li>Prednja strana: Nehr\u0111aju\u0107i \u010delik (316L)<\/li>\n<li>Zadnja strana: vlaknima oja\u010dan kompozitni materijal\n<p>    <strong>Screen:<\/strong><\/p>\n<li>Veli\u010dina: 1,32 in\u010da AMOLED<\/li>\n<li>Rezolucija: 466 \u00d7 466 piksela (~352 ppi)\n<p>    <strong>Operativni sistem i povezivanje:<\/strong><\/p>\n<li>HarmonyOS \u2013 kompatibilan sa Android i iOS ure\u0111ajima\n<li>Bluetooth, Wi\u2011Fi, be\u017ei\u010dno punjenje\n<p><strong>Senzori:<\/strong><\/p>\n<li>Akcelerometar, \u017eiroskop, magnetometar, opti\u010dki senzor otkucaja srca, barometar, senzor temperature ko\u017ee, ambijentalno svjetlo\n<p><strong>Otpornost:<\/strong><\/p>\n<li>Vodootpornost: 5 ATM (do 50 m) + IP69K za\u0161tita od pra\u0161ine i vode\n<p><strong>Baterija i autonomija:<\/strong><\/p>\n<li>Autonomija: do 7 dana maksimalno, do 5 dana tipi\u010dno, do 3 dana sa Always\u2011On ekranom\n<p> <strong>Other Features:<\/strong><\/p>\n<li>Dual\u2011band GNSS (Sunflower positioning system), 100+ re\u017eima treninga, mo\u0107no pra\u0107enje zdravlja i aktivnosti\n  <\/ul>\n<\/div>","protected":false},"featured_media":30300,"comment_status":"closed","ping_status":"closed","template":"","meta":{"_themeisle_gutenberg_block_has_review":false},"product_brand":[],"product_cat":[346,351,288],"product_tag":[],"class_list":{"0":"post-29733","1":"product","2":"type-product","3":"status-publish","4":"has-post-thumbnail","6":"product_cat-pametni-satovi","7":"product_cat-huawei-sat","8":"product_cat-svi-proizvodi","10":"first","11":"instock","12":"featured","13":"purchasable","14":"product-type-simple","15":"add-to-wishlist-after_add_to_cart"},"_links":{"self":[{"href":"https:\/\/mobishop-posusje.com\/en\/wp-json\/wp\/v2\/product\/29733","targetHints":{"allow":["GET"]}}],"collection":[{"href":"https:\/\/mobishop-posusje.com\/en\/wp-json\/wp\/v2\/product"}],"about":[{"href":"https:\/\/mobishop-posusje.com\/en\/wp-json\/wp\/v2\/types\/product"}],"replies":[{"embeddable":true,"href":"https:\/\/mobishop-posusje.com\/en\/wp-json\/wp\/v2\/comments?post=29733"}],"version-history":[{"count":6,"href":"https:\/\/mobishop-posusje.com\/en\/wp-json\/wp\/v2\/product\/29733\/revisions"}],"predecessor-version":[{"id":31493,"href":"https:\/\/mobishop-posusje.com\/en\/wp-json\/wp\/v2\/product\/29733\/revisions\/31493"}],"wp:featuredmedia":[{"embeddable":true,"href":"https:\/\/mobishop-posusje.com\/en\/wp-json\/wp\/v2\/media\/30300"}],"wp:attachment":[{"href":"https:\/\/mobishop-posusje.com\/en\/wp-json\/wp\/v2\/media?parent=29733"}],"wp:term":[{"taxonomy":"product_brand","embeddable":true,"href":"https:\/\/mobishop-posusje.com\/en\/wp-json\/wp\/v2\/product_brand?post=29733"},{"taxonomy":"product_cat","embeddable":true,"href":"https:\/\/mobishop-posusje.com\/en\/wp-json\/wp\/v2\/product_cat?post=29733"},{"taxonomy":"product_tag","embeddable":true,"href":"https:\/\/mobishop-posusje.com\/en\/wp-json\/wp\/v2\/product_tag?post=29733"}],"curies":[{"name":"wp","href":"https:\/\/api.w.org\/{rel}","templated":true}]}}