{"id":29739,"date":"2025-04-08T07:48:39","date_gmt":"2025-04-08T07:48:39","guid":{"rendered":"https:\/\/mobishop-posusje.com\/?post_type=product&#038;p=29739"},"modified":"2025-04-23T14:50:46","modified_gmt":"2025-04-23T14:50:46","slug":"xiaomi-electric-scooter-4-ultra","status":"publish","type":"product","link":"https:\/\/mobishop-posusje.com\/en\/svi-proizvodi\/romobili-i-hoverboardovi\/romobili\/xiaomi-electric-scooter-4-ultra\/","title":{"rendered":"Xiaomi Electric Scooter 4 Ultra Romobil"},"content":{"rendered":"","protected":false},"excerpt":{"rendered":"<div class=\"gem-list gem-list-type-check-style-1 gem-list-color-14\">\n<ul>\n    <strong>Dimenzije i te\u017eina:<\/strong><\/p>\n<li>Dimenzije (rasklopljen): 1200 x 550 x 1260 mm<\/li>\n<li>Dimenzije (sklopljen): 1200 x 550 x 535 mm<\/li>\n<li>Te\u017eina: pribli\u017eno 24,5 kg<\/li>\n<p>    <strong>Performanse:<\/strong><\/p>\n<li>Maksimalna brzina: 25 km\/h (modovi: Pje\u0161a\u010dki: 6 km\/h; D: 20 km\/h; S: 25 km\/h; S+: 25 km\/h)<\/li>\n<li>Maksimalni domet: pribli\u017eno 70 km<\/li>\n<li>Maksimalni nagib: 25%<\/li>\n<li>Nominalna snaga motora: 500 W<\/li>\n<li>Maksimalna snaga motora: 940 W<\/li>\n<p>    <strong>Battery:<\/strong><\/p>\n<li>Kapacitet: 12.000 mAh \/ 561,5 Wh<\/li>\n<li>Vrijeme punjenja: pribli\u017eno 6,5 sati<\/li>\n<p>    <strong>Ko\u010dioni sistem:<\/strong><\/p>\n<li>Prednja ko\u010dnica: bubanj<\/li>\n<li>Zadnja ko\u010dnica: E-ABS<\/li>\n<p>    <strong>Pneumatici:<\/strong><\/p>\n<li>Veli\u010dina: 10&#8221; Xiaomi DuraGel bez zra\u010dnica, samobrtve\u0107i<\/li>\n<p>    <strong>Nosivost:<\/strong><\/p>\n<li>Maksimalno optere\u0107enje: 120 kg<\/li>\n<li>Preporu\u010dena visina voza\u010da: 120 cm\u2013200 cm<\/li>\n<li>Preporu\u010dena starost voza\u010da: 16\u201350 godina<\/li>\n<p>    <strong>Other Features:<\/strong><\/p>\n<li>Sistem dvostrukog oslanjanja za pobolj\u0161anu apsorpciju udara<\/li>\n<li>IP55 ocjena otpornosti na pra\u0161inu i vodu<\/li>\n<li>Povezivanje: Bluetooth<\/li>\n<li>Kompatibilnost s aplikacijom Xiaomi Home\/Mi Home za pra\u0107enje podataka o vo\u017enji, preostalog dometa i obavijesti o gre\u0161kama<\/li>\n<\/ul>\n<\/div>","protected":false},"featured_media":29967,"comment_status":"closed","ping_status":"closed","template":"","meta":{"_themeisle_gutenberg_block_has_review":false},"product_brand":[],"product_cat":[301,299,288],"product_tag":[],"class_list":{"0":"post-29739","1":"product","2":"type-product","3":"status-publish","4":"has-post-thumbnail","6":"product_cat-romobili","7":"product_cat-romobili-i-hoverboardovi","8":"product_cat-svi-proizvodi","10":"first","11":"instock","12":"featured","13":"purchasable","14":"product-type-simple","15":"add-to-wishlist-after_add_to_cart"},"_links":{"self":[{"href":"https:\/\/mobishop-posusje.com\/en\/wp-json\/wp\/v2\/product\/29739","targetHints":{"allow":["GET"]}}],"collection":[{"href":"https:\/\/mobishop-posusje.com\/en\/wp-json\/wp\/v2\/product"}],"about":[{"href":"https:\/\/mobishop-posusje.com\/en\/wp-json\/wp\/v2\/types\/product"}],"replies":[{"embeddable":true,"href":"https:\/\/mobishop-posusje.com\/en\/wp-json\/wp\/v2\/comments?post=29739"}],"version-history":[{"count":5,"href":"https:\/\/mobishop-posusje.com\/en\/wp-json\/wp\/v2\/product\/29739\/revisions"}],"predecessor-version":[{"id":30378,"href":"https:\/\/mobishop-posusje.com\/en\/wp-json\/wp\/v2\/product\/29739\/revisions\/30378"}],"wp:featuredmedia":[{"embeddable":true,"href":"https:\/\/mobishop-posusje.com\/en\/wp-json\/wp\/v2\/media\/29967"}],"wp:attachment":[{"href":"https:\/\/mobishop-posusje.com\/en\/wp-json\/wp\/v2\/media?parent=29739"}],"wp:term":[{"taxonomy":"product_brand","embeddable":true,"href":"https:\/\/mobishop-posusje.com\/en\/wp-json\/wp\/v2\/product_brand?post=29739"},{"taxonomy":"product_cat","embeddable":true,"href":"https:\/\/mobishop-posusje.com\/en\/wp-json\/wp\/v2\/product_cat?post=29739"},{"taxonomy":"product_tag","embeddable":true,"href":"https:\/\/mobishop-posusje.com\/en\/wp-json\/wp\/v2\/product_tag?post=29739"}],"curies":[{"name":"wp","href":"https:\/\/api.w.org\/{rel}","templated":true}]}}