{"id":29744,"date":"2025-04-08T08:04:51","date_gmt":"2025-04-08T08:04:51","guid":{"rendered":"https:\/\/mobishop-posusje.com\/?post_type=product&#038;p=29744"},"modified":"2025-06-19T13:48:10","modified_gmt":"2025-06-19T13:48:10","slug":"xiaomi-electric-scooter-5-pro","status":"publish","type":"product","link":"https:\/\/mobishop-posusje.com\/en\/svi-proizvodi\/romobili-i-hoverboardovi\/romobili\/xiaomi-electric-scooter-5-pro\/","title":{"rendered":"Xiaomi Electric Scooter 5 Pro Romobil"},"content":{"rendered":"","protected":false},"excerpt":{"rendered":"<div class=\"gem-list gem-list-type-check-style-1 gem-list-color-14\">\n<ul>\n    <strong>Dimenzije i te\u017eina:<\/strong><\/p>\n<li>Dimenzije (rasklopljen): 1192 x 565 x 1271 mm<\/li>\n<li>Dimenzije (sklopljen): 1192 x 565 x 584 mm<\/li>\n<li>Te\u017eina: 22,4 kg<\/li>\n<p>    <strong>Performanse:<\/strong><\/p>\n<li>Maksimalna brzina: 25 km\/h (modovi: Pje\u0161a\u010dki: 6 km\/h; Standardni: 20 km\/h; Sportski: 25 km\/h)<\/li>\n<li>Domet: pribli\u017eno 60 km<\/li>\n<li>Maksimalni nagib: oko 22%<\/li>\n<li>Motor: Nazivna snaga 400 W, maksimalna snaga 1000 W<\/li>\n<p>    <strong>Battery:<\/strong><\/p>\n<li>Kapacitet: 477 Wh (10,2 Ah)<\/li>\n<li>Vrijeme punjenja: pribli\u017eno 9 sati<\/li>\n<p>    <strong>Ko\u010dnice:<\/strong><\/p>\n<li>Prednja bubanj ko\u010dnica i zadnja E-ABS elektronska ko\u010dnica<\/li>\n<p>    <strong>Pneumatici:<\/strong><\/p>\n<li>10-in\u010dni bezzra\u010dni pneumatici \u0161irine 60 mm<\/li>\n<p>    <strong>Maksimalno optere\u0107enje:<\/strong><\/p>\n<li>120 kg<\/li>\n<p>    <strong>Water Resistance:<\/strong><\/p>\n<li>IPX5<\/li>\n<p>    <strong>Other Features:<\/strong><\/p>\n<li>Prednji dvostruki opru\u017eni amortizeri i zadnji jednostruki opru\u017eni amortizer<\/li>\n<li>Ugra\u0111eni pokaziva\u010di smjera<\/li>\n<li>Povezivanje s aplikacijom Xiaomi Home za pra\u0107enje statusa skutera i a\u017euriranja firmvera<\/li>\n<li>Vi\u0161enamjenska komandna tabla za prikaz brzine, baterije i statusa skutera<\/li>\n<li>Automatsko prednje svjetlo visokog intenziteta za sigurniju vo\u017enju no\u0107u<\/li>\n<li>Pouzdan sistem dvostrukih ko\u010dnica za kra\u0107i zaustavni put<\/li>\n<li>Pametni sistem za povrat energije koji kineti\u010dku energiju pretvara u elektri\u010dnu za pove\u0107anje dometa<\/li>\n<\/ul>\n<\/div>","protected":false},"featured_media":29963,"comment_status":"closed","ping_status":"closed","template":"","meta":{"_themeisle_gutenberg_block_has_review":false},"product_brand":[],"product_cat":[301,299,288],"product_tag":[],"class_list":{"0":"post-29744","1":"product","2":"type-product","3":"status-publish","4":"has-post-thumbnail","6":"product_cat-romobili","7":"product_cat-romobili-i-hoverboardovi","8":"product_cat-svi-proizvodi","10":"first","11":"instock","12":"sale","13":"featured","14":"purchasable","15":"product-type-simple","16":"add-to-wishlist-after_add_to_cart"},"_links":{"self":[{"href":"https:\/\/mobishop-posusje.com\/en\/wp-json\/wp\/v2\/product\/29744","targetHints":{"allow":["GET"]}}],"collection":[{"href":"https:\/\/mobishop-posusje.com\/en\/wp-json\/wp\/v2\/product"}],"about":[{"href":"https:\/\/mobishop-posusje.com\/en\/wp-json\/wp\/v2\/types\/product"}],"replies":[{"embeddable":true,"href":"https:\/\/mobishop-posusje.com\/en\/wp-json\/wp\/v2\/comments?post=29744"}],"version-history":[{"count":5,"href":"https:\/\/mobishop-posusje.com\/en\/wp-json\/wp\/v2\/product\/29744\/revisions"}],"predecessor-version":[{"id":30375,"href":"https:\/\/mobishop-posusje.com\/en\/wp-json\/wp\/v2\/product\/29744\/revisions\/30375"}],"wp:featuredmedia":[{"embeddable":true,"href":"https:\/\/mobishop-posusje.com\/en\/wp-json\/wp\/v2\/media\/29963"}],"wp:attachment":[{"href":"https:\/\/mobishop-posusje.com\/en\/wp-json\/wp\/v2\/media?parent=29744"}],"wp:term":[{"taxonomy":"product_brand","embeddable":true,"href":"https:\/\/mobishop-posusje.com\/en\/wp-json\/wp\/v2\/product_brand?post=29744"},{"taxonomy":"product_cat","embeddable":true,"href":"https:\/\/mobishop-posusje.com\/en\/wp-json\/wp\/v2\/product_cat?post=29744"},{"taxonomy":"product_tag","embeddable":true,"href":"https:\/\/mobishop-posusje.com\/en\/wp-json\/wp\/v2\/product_tag?post=29744"}],"curies":[{"name":"wp","href":"https:\/\/api.w.org\/{rel}","templated":true}]}}