{"id":30366,"date":"2025-04-15T05:36:12","date_gmt":"2025-04-15T05:36:12","guid":{"rendered":"https:\/\/mobishop-posusje.com\/?post_type=product&#038;p=30366"},"modified":"2025-07-03T19:26:38","modified_gmt":"2025-07-03T19:26:38","slug":"trevi-bluetooth-slusalice-e12e10","status":"publish","type":"product","link":"https:\/\/mobishop-posusje.com\/en\/svi-proizvodi\/mobiteli-i-oprema\/mobitel-slusalice\/bluetooth-slusalice-mobitel\/trevi-bluetooth-slusalice-e12e10\/","title":{"rendered":"Trevi Bluetooth Slu\u0161alice E12E10"},"content":{"rendered":"","protected":false},"excerpt":{"rendered":"<div class=\"gem-list gem-list-type-check-style-1 gem-list-color-14\">\n<ul>\n    <strong>Tip:<\/strong><\/p>\n<li>True Wireless Stereo (TWS) be\u017ei\u010dne slu\u0161alice<\/li>\n<p>    <strong>Bluetooth:<\/strong><\/p>\n<li>Verzija 5.1<\/li>\n<p>    <strong>Kontrole:<\/strong><\/p>\n<li>Dodirne kontrole na slu\u0161alicama<\/li>\n<p>    <strong>Mikrofon:<\/strong><\/p>\n<li>Ugra\u0111eni mikrofon za hands-free pozive<\/li>\n<p>    <strong>LED indikacija:<\/strong><\/p>\n<li>LED svetlosni indikator funkcija<\/li>\n<p>    <strong>Battery:<\/strong><\/p>\n<li>Litijumske baterije sa autonomijom do 3 sata<\/li>\n<li>Punjenje putem microUSB konektora na ku\u0107i\u0161tu<\/li>\n<p>    <strong>Ku\u0107i\u0161te za punjenje:<\/strong><\/p>\n<li>Funkcioni\u0161e kao baza za punjenje slu\u0161alica<\/li>\n<p>    <strong>Dizajn:<\/strong><\/p>\n<li>Lagana i udobna konstrukcija, pogodna za sportske aktivnosti<\/li>\n<p>    <strong>Kompatibilnost:<\/strong><\/p>\n<li>Kompatibilne sa pametnim telefonima i Bluetooth ure\u0111ajima<\/li>\n<\/ul>\n<\/div>","protected":false},"featured_media":30575,"comment_status":"closed","ping_status":"closed","template":"","meta":{"_themeisle_gutenberg_block_has_review":false},"product_brand":[],"product_cat":[355,362,320,316,361,288],"product_tag":[],"class_list":{"0":"post-30366","1":"product","2":"type-product","3":"status-publish","4":"has-post-thumbnail","6":"product_cat-mobiteli-i-oprema","7":"product_cat-bluetooth-slusalice-mobitel","8":"product_cat-bluetooth-slusalice","9":"product_cat-zvucnici-i-slusalice","10":"product_cat-mobitel-slusalice","11":"product_cat-svi-proizvodi","13":"first","14":"instock","15":"featured","16":"purchasable","17":"product-type-simple","18":"add-to-wishlist-after_add_to_cart"},"_links":{"self":[{"href":"https:\/\/mobishop-posusje.com\/en\/wp-json\/wp\/v2\/product\/30366","targetHints":{"allow":["GET"]}}],"collection":[{"href":"https:\/\/mobishop-posusje.com\/en\/wp-json\/wp\/v2\/product"}],"about":[{"href":"https:\/\/mobishop-posusje.com\/en\/wp-json\/wp\/v2\/types\/product"}],"replies":[{"embeddable":true,"href":"https:\/\/mobishop-posusje.com\/en\/wp-json\/wp\/v2\/comments?post=30366"}],"version-history":[{"count":2,"href":"https:\/\/mobishop-posusje.com\/en\/wp-json\/wp\/v2\/product\/30366\/revisions"}],"predecessor-version":[{"id":30649,"href":"https:\/\/mobishop-posusje.com\/en\/wp-json\/wp\/v2\/product\/30366\/revisions\/30649"}],"wp:featuredmedia":[{"embeddable":true,"href":"https:\/\/mobishop-posusje.com\/en\/wp-json\/wp\/v2\/media\/30575"}],"wp:attachment":[{"href":"https:\/\/mobishop-posusje.com\/en\/wp-json\/wp\/v2\/media?parent=30366"}],"wp:term":[{"taxonomy":"product_brand","embeddable":true,"href":"https:\/\/mobishop-posusje.com\/en\/wp-json\/wp\/v2\/product_brand?post=30366"},{"taxonomy":"product_cat","embeddable":true,"href":"https:\/\/mobishop-posusje.com\/en\/wp-json\/wp\/v2\/product_cat?post=30366"},{"taxonomy":"product_tag","embeddable":true,"href":"https:\/\/mobishop-posusje.com\/en\/wp-json\/wp\/v2\/product_tag?post=30366"}],"curies":[{"name":"wp","href":"https:\/\/api.w.org\/{rel}","templated":true}]}}