{"id":30660,"date":"2025-05-01T18:43:40","date_gmt":"2025-05-01T18:43:40","guid":{"rendered":"https:\/\/mobishop-posusje.com\/?post_type=product&#038;p=30660"},"modified":"2025-07-03T19:23:51","modified_gmt":"2025-07-03T19:23:51","slug":"xiaomi-truclean-w20","status":"publish","type":"product","link":"https:\/\/mobishop-posusje.com\/en\/svi-proizvodi\/mali-kucni-aparati\/stapni-usisivaci\/xiaomi-truclean-w20\/","title":{"rendered":"Xiaomi \u0160tapni Usisiva\u010d Truclean W20"},"content":{"rendered":"","protected":false},"excerpt":{"rendered":"<div class=\"gem-list gem-list-type-check-style-1 gem-list-color-14\">\n<ul>\n    <strong>Funkcije:<\/strong><\/p>\n<li>3-u-1: usisavanje, brisanje i samo\u010di\u0161\u0107enje<\/li>\n<p>    <strong>Snaga usisavanja:<\/strong><\/p>\n<li>15.000 Pa<\/li>\n<p>    <strong>Brzina rotacije \u010detke:<\/strong><\/p>\n<li>500 okretaja u minuti<\/li>\n<p>    <strong>Kapacitet rezervoara:<\/strong><\/p>\n<li>\u010cista voda: 780 ml<\/li>\n<li>Prljava voda: 550 ml<\/li>\n<p>    <strong>Battery:<\/strong><\/p>\n<li>Kapacitet: 2500 mAh<\/li>\n<li>Autonomija: do 30 minuta<\/li>\n<li>Vrijeme punjenja: pribli\u017eno 5 sati<\/li>\n<p>    <strong>Dimenzije i te\u017eina:<\/strong><\/p>\n<li>Dimenzije: 271 x 230 x 1093 mm<\/li>\n<li>Te\u017eina: 4,2 kg<\/li>\n<p>    <strong>Posebne karakteristike:<\/strong><\/p>\n<li>Samopokretni dizajn za lak\u0161e upravljanje<\/li>\n<li>Automatsko \u010di\u0161\u0107enje valjka \u010detke<\/li>\n<li>Tehnologija protiv zapetljavanja dlaka<\/li>\n<li>LED indikator statusa baterije i re\u017eima rada<\/li>\n<li>Prikladan za tvrde podove: drvo, plo\u010dice, mermer<\/li>\n<\/ul>\n<\/div>","protected":false},"featured_media":30661,"comment_status":"closed","ping_status":"closed","template":"","meta":{"_themeisle_gutenberg_block_has_review":false},"product_brand":[],"product_cat":[315,309,288],"product_tag":[],"class_list":{"0":"post-30660","1":"product","2":"type-product","3":"status-publish","4":"has-post-thumbnail","6":"product_cat-stapni-usisivaci","7":"product_cat-mali-kucni-aparati","8":"product_cat-svi-proizvodi","10":"first","11":"instock","12":"featured","13":"shipping-taxable","14":"purchasable","15":"product-type-simple","16":"add-to-wishlist-after_add_to_cart"},"_links":{"self":[{"href":"https:\/\/mobishop-posusje.com\/en\/wp-json\/wp\/v2\/product\/30660","targetHints":{"allow":["GET"]}}],"collection":[{"href":"https:\/\/mobishop-posusje.com\/en\/wp-json\/wp\/v2\/product"}],"about":[{"href":"https:\/\/mobishop-posusje.com\/en\/wp-json\/wp\/v2\/types\/product"}],"replies":[{"embeddable":true,"href":"https:\/\/mobishop-posusje.com\/en\/wp-json\/wp\/v2\/comments?post=30660"}],"version-history":[{"count":2,"href":"https:\/\/mobishop-posusje.com\/en\/wp-json\/wp\/v2\/product\/30660\/revisions"}],"predecessor-version":[{"id":30668,"href":"https:\/\/mobishop-posusje.com\/en\/wp-json\/wp\/v2\/product\/30660\/revisions\/30668"}],"wp:featuredmedia":[{"embeddable":true,"href":"https:\/\/mobishop-posusje.com\/en\/wp-json\/wp\/v2\/media\/30661"}],"wp:attachment":[{"href":"https:\/\/mobishop-posusje.com\/en\/wp-json\/wp\/v2\/media?parent=30660"}],"wp:term":[{"taxonomy":"product_brand","embeddable":true,"href":"https:\/\/mobishop-posusje.com\/en\/wp-json\/wp\/v2\/product_brand?post=30660"},{"taxonomy":"product_cat","embeddable":true,"href":"https:\/\/mobishop-posusje.com\/en\/wp-json\/wp\/v2\/product_cat?post=30660"},{"taxonomy":"product_tag","embeddable":true,"href":"https:\/\/mobishop-posusje.com\/en\/wp-json\/wp\/v2\/product_tag?post=30660"}],"curies":[{"name":"wp","href":"https:\/\/api.w.org\/{rel}","templated":true}]}}