{"id":30663,"date":"2025-05-01T18:46:14","date_gmt":"2025-05-01T18:46:14","guid":{"rendered":"https:\/\/mobishop-posusje.com\/?post_type=product&#038;p=30663"},"modified":"2025-09-17T08:57:49","modified_gmt":"2025-09-17T08:57:49","slug":"samsung-galaxy-s24-fe-8-256gb","status":"publish","type":"product","link":"https:\/\/mobishop-posusje.com\/en\/svi-proizvodi\/mobiteli-i-oprema\/samsung\/samsung-galaxy-s24-fe-8-256gb\/","title":{"rendered":"Samsung Galaxy S24 FE 8\/256GB"},"content":{"rendered":"","protected":false},"excerpt":{"rendered":"<div class=\"gem-list gem-list-type-check-style-1 gem-list-color-14\">\n<ul>\n    <strong>Screen:<\/strong><\/p>\n<li>Veli\u010dina: 6,7 cm<\/li>\n<li>Tip: Dynamic AMOLED 2X<\/li>\n<li>Rezolucija: 2340 x 1080 piksela<\/li>\n<li>Osvje\u017eavanje: 120 Hz<\/li>\n<li>Svjetlina: do 1900 nita<\/li>\n<p>    <strong>Chipset:<\/strong><\/p>\n<li>Samsung Exynos 2400e (4 nm)<\/li>\n<li>CPU: 10-jezgreni (1&#215;3,1 GHz + 2&#215;2,9 GHz + 3&#215;2,6 GHz + 4&#215;1,95 GHz)<\/li>\n<li>GPU: Xclipse 940<\/li>\n<p>    <strong>Camera:<\/strong><\/p>\n<li>Glavna kamera: 50 MP, f\/1.8, OIS<\/li>\n<li>Telefoto: 8 MP, f\/2.4, 3x opti\u010dki zum, OIS<\/li>\n<li>Ultra\u0161iroka: 12 MP, f\/2.2<\/li>\n<li>Prednja kamera: 10 MP, f\/2.2<\/li>\n<li>Video: 8K@24fps, 4K@30\/60fps, 1080p@30\/60\/240fps, 720p@960fps<\/li>\n<p>    <strong>Battery:<\/strong><\/p>\n<li>Kapacitet: 4700 mAh<\/li>\n<li>Punjenje: 25W brzo punjenje, 15W be\u017ei\u010dno punjenje, 4.5W obrnuto be\u017ei\u010dno punjenje<\/li>\n<p>    <strong>Security:<\/strong><\/p>\n<li>Opti\u010dki senzor otiska prsta ispod ekrana<\/li>\n<li>IP68 otpornost na vodu i pra\u0161inu<\/li>\n<p>    <strong>Connectivity:<\/strong><\/p>\n<li>5G, Wi-Fi 6E, Bluetooth 5.3, NFC, USB-C 3.2<\/li>\n<p>    <strong>Operating System:<\/strong><\/p>\n<li>Android 14 sa One UI 6.1<\/li>\n<li>Podr\u0161ka za 7 godina a\u017euriranja<\/li>\n<p>    <strong>Other Features:<\/strong><\/p>\n<li>Galaxy AI funkcije: Live Translate, Circle to Search, ProVisual Engine<\/li>\n<li>Dimenzije: 162 x 77,3 x 8 mm<\/li>\n<li>Te\u017eina: 213 g<\/li>\n<li>Boje: Grafitna, Siva, \u017duta, Plava, Mint<\/li>\n<\/ul>\n<\/div>","protected":false},"featured_media":30664,"comment_status":"closed","ping_status":"closed","template":"","meta":{"_themeisle_gutenberg_block_has_review":false},"product_brand":[],"product_cat":[355,368,288],"product_tag":[],"class_list":{"0":"post-30663","1":"product","2":"type-product","3":"status-publish","4":"has-post-thumbnail","6":"product_cat-mobiteli-i-oprema","7":"product_cat-samsung","8":"product_cat-svi-proizvodi","10":"first","11":"instock","12":"sale","13":"featured","14":"purchasable","15":"product-type-simple","16":"add-to-wishlist-after_add_to_cart"},"_links":{"self":[{"href":"https:\/\/mobishop-posusje.com\/en\/wp-json\/wp\/v2\/product\/30663","targetHints":{"allow":["GET"]}}],"collection":[{"href":"https:\/\/mobishop-posusje.com\/en\/wp-json\/wp\/v2\/product"}],"about":[{"href":"https:\/\/mobishop-posusje.com\/en\/wp-json\/wp\/v2\/types\/product"}],"replies":[{"embeddable":true,"href":"https:\/\/mobishop-posusje.com\/en\/wp-json\/wp\/v2\/comments?post=30663"}],"version-history":[{"count":1,"href":"https:\/\/mobishop-posusje.com\/en\/wp-json\/wp\/v2\/product\/30663\/revisions"}],"predecessor-version":[{"id":30665,"href":"https:\/\/mobishop-posusje.com\/en\/wp-json\/wp\/v2\/product\/30663\/revisions\/30665"}],"wp:featuredmedia":[{"embeddable":true,"href":"https:\/\/mobishop-posusje.com\/en\/wp-json\/wp\/v2\/media\/30664"}],"wp:attachment":[{"href":"https:\/\/mobishop-posusje.com\/en\/wp-json\/wp\/v2\/media?parent=30663"}],"wp:term":[{"taxonomy":"product_brand","embeddable":true,"href":"https:\/\/mobishop-posusje.com\/en\/wp-json\/wp\/v2\/product_brand?post=30663"},{"taxonomy":"product_cat","embeddable":true,"href":"https:\/\/mobishop-posusje.com\/en\/wp-json\/wp\/v2\/product_cat?post=30663"},{"taxonomy":"product_tag","embeddable":true,"href":"https:\/\/mobishop-posusje.com\/en\/wp-json\/wp\/v2\/product_tag?post=30663"}],"curies":[{"name":"wp","href":"https:\/\/api.w.org\/{rel}","templated":true}]}}