{"id":30761,"date":"2025-06-09T18:56:19","date_gmt":"2025-06-09T18:56:19","guid":{"rendered":"https:\/\/mobishop-posusje.com\/?post_type=product&#038;p=30761"},"modified":"2025-07-03T19:25:46","modified_gmt":"2025-07-03T19:25:46","slug":"xiaomi-redmi-a3-4-128-kopiraj","status":"publish","type":"product","link":"https:\/\/mobishop-posusje.com\/en\/svi-proizvodi\/mobiteli-i-oprema\/xiaomi\/xiaomi-redmi-a3-4-128-kopiraj\/","title":{"rendered":"Xiaomi Redmi A5 4\/128GB"},"content":{"rendered":"","protected":false},"excerpt":{"rendered":"<div class=\"gem-list gem-list-type-check-style-1 gem-list-color-14\">\n<ul>\n    <strong>Dimenzije i te\u017eina:<\/strong><\/p>\n<li>Visina: 17,17\u202fcm<\/li>\n<li>\u0160irina: 7,78\u202fcm<\/li>\n<li>Debljina: 0,83\u202fcm<\/li>\n<li>Te\u017eina: ~193\u202fg<\/li>\n<p>    <strong>Screen:<\/strong><\/p>\n<li>Veli\u010dina: 6,88\u202fin** (~17,47\u202fcm ekran dijagonale)<\/li>\n<li>Tip: IPS LCD, osve\u017eavanje do 120\u202fHz<\/li>\n<li>Rezolucija: 720\u202f\u00d7\u202f1640 piksela (~260\u202fppi)<\/li>\n<li>Svjetlina: ~450\u202fnita (typ.)<\/li>\n<p>    <strong>Chipset:<\/strong><\/p>\n<li>Unisoc\u202fT7250 (12\u202fnm), octa-core do 1,8\u202fGHz<\/li>\n<li>GPU: Mali\u2011G57 MP1<\/li>\n<p>    <strong>Memorija:<\/strong><\/p>\n<li>RAM: 4\u202fGB (LPDDR4X)<\/li>\n<li>Interna: 128\u202fGB (eMMC\u202f5.1), pro\u0161iriva microSDXC do 2\u202fTB<\/li>\n<p>    <strong>Camera:<\/strong><\/p>\n<li>Glavna: 32\u202fMP AI dual, f\/1.8, LED blic, HDR<\/li>\n<li>Prednja: 8\u202fMP, f\/2.0<\/li>\n<li>Video snimanje: 1080p@30fps<\/li>\n<p>    <strong>Battery:<\/strong><\/p>\n<li>Kapacitet: 5\u202f200\u202fmAh (typ.)<\/li>\n<li>Brzo punjenje: 15\u202fW preko USB\u2011C<\/li>\n<p>    <strong>Povezivanje:<\/strong><\/p>\n<li>2G\/3G\/4G LTE<\/li>\n<li>Wi\u2011Fi a\/b\/g\/n\/ac<\/li>\n<li>Bluetooth\u202f5.1<\/li>\n<li>GPS (GNSS)<\/li>\n<p>    <strong>Senzori i sigurnost:<\/strong><\/p>\n<li>Bokni \u010dita\u010d otiska prsta<\/li>\n<li>Prepoznavanje lica<\/li>\n<p>    <strong>Operating System:<\/strong><\/p>\n<li>Android\u202f15 Go Edition (HyperOS)<\/li>\n<p>    <strong>Other Features:<\/strong><\/p>\n<li>Triple T\u00dcV Rheinland certifikati za za\u0161titu o\u010diju<\/li>\n<li>IP52 \u2013 otpornost na prskanja vode (ovisno o regiji)<\/li>\n<li>Lako su\u010delje za po\u010detnike<\/li>\n<\/ul>\n<\/div>","protected":false},"featured_media":30763,"comment_status":"open","ping_status":"closed","template":"","meta":{"_themeisle_gutenberg_block_has_review":false},"product_brand":[],"product_cat":[355,367],"product_tag":[],"class_list":{"0":"post-30761","1":"product","2":"type-product","3":"status-publish","4":"has-post-thumbnail","6":"product_cat-mobiteli-i-oprema","7":"product_cat-xiaomi","9":"first","10":"instock","11":"featured","12":"shipping-taxable","13":"purchasable","14":"product-type-simple","15":"add-to-wishlist-after_add_to_cart"},"_links":{"self":[{"href":"https:\/\/mobishop-posusje.com\/en\/wp-json\/wp\/v2\/product\/30761","targetHints":{"allow":["GET"]}}],"collection":[{"href":"https:\/\/mobishop-posusje.com\/en\/wp-json\/wp\/v2\/product"}],"about":[{"href":"https:\/\/mobishop-posusje.com\/en\/wp-json\/wp\/v2\/types\/product"}],"replies":[{"embeddable":true,"href":"https:\/\/mobishop-posusje.com\/en\/wp-json\/wp\/v2\/comments?post=30761"}],"version-history":[{"count":4,"href":"https:\/\/mobishop-posusje.com\/en\/wp-json\/wp\/v2\/product\/30761\/revisions"}],"predecessor-version":[{"id":30767,"href":"https:\/\/mobishop-posusje.com\/en\/wp-json\/wp\/v2\/product\/30761\/revisions\/30767"}],"wp:featuredmedia":[{"embeddable":true,"href":"https:\/\/mobishop-posusje.com\/en\/wp-json\/wp\/v2\/media\/30763"}],"wp:attachment":[{"href":"https:\/\/mobishop-posusje.com\/en\/wp-json\/wp\/v2\/media?parent=30761"}],"wp:term":[{"taxonomy":"product_brand","embeddable":true,"href":"https:\/\/mobishop-posusje.com\/en\/wp-json\/wp\/v2\/product_brand?post=30761"},{"taxonomy":"product_cat","embeddable":true,"href":"https:\/\/mobishop-posusje.com\/en\/wp-json\/wp\/v2\/product_cat?post=30761"},{"taxonomy":"product_tag","embeddable":true,"href":"https:\/\/mobishop-posusje.com\/en\/wp-json\/wp\/v2\/product_tag?post=30761"}],"curies":[{"name":"wp","href":"https:\/\/api.w.org\/{rel}","templated":true}]}}