{"id":30776,"date":"2025-06-19T12:26:07","date_gmt":"2025-06-19T12:26:07","guid":{"rendered":"https:\/\/mobishop-posusje.com\/?post_type=product&#038;p=30776"},"modified":"2025-06-19T12:26:48","modified_gmt":"2025-06-19T12:26:48","slug":"xiaomi-smart-camera-c500-pro","status":"publish","type":"product","link":"https:\/\/mobishop-posusje.com\/en\/svi-proizvodi\/kamere-i-dronovi\/kamere\/xiaomi-smart-camera-c500-pro\/","title":{"rendered":"Xiaomi Smart Camera C500 Pro"},"content":{"rendered":"","protected":false},"excerpt":{"rendered":"<div class=\"gem-list gem-list-type-check-style-1 gem-list-color-14\">\n<ul>\n    <strong>Rezolucija:<\/strong><\/p>\n<li>3K (2960\u202f\u00d7\u202f1666), 5\u202fMP senzor<\/li>\n<p>    <strong>Video tehnologija:<\/strong><\/p>\n<li>HDR, H.265 kompresija<\/li>\n<li>Ultra-low light re\u017eim (boje i no\u0107ni re\u017eim a\u017euiran 24\u202fh)<\/li>\n<p>    <strong>Rotacija i nagib:<\/strong><\/p>\n<li>Pan 360\u00b0 + Tilt 114\u00b0 (dvomotorni PTZ sistem)<\/li>\n<p>    <strong>Detekcija i AI:<\/strong><\/p>\n<li>Prepoznavanje ljudi, ku\u0107nih ljubimaca, zvuka i bebinog pla\u010da<\/li>\n<li>Pra\u0107enje pokreta (AI tracking)<\/li>\n<p>    <strong>Skladi\u0161tenje:<\/strong><\/p>\n<li>MicroSD (8\u2013256\u202fGB), podr\u0161ka za NAS i cloud<\/li>\n<p>    <strong>Povezivanje:<\/strong><\/p>\n<li>Wi\u2011Fi 802.11 a\/b\/g\/n, 2,4 + 5\u202fGHz<\/li>\n<li>Bluetooth\u202f5.2, podr\u0161ka za Google Assistant, Alexa<\/li>\n<p>    <strong>Bezbednost\/privatnost:<\/strong><\/p>\n<li>Hardverski sigurnosni \u010dip MJA1<\/li>\n<li>Fizi\u010dka pokretna maska za kameru<\/li>\n<li>AES128-bit \u0161ifrovanje<\/li>\n<p>    <strong>Audio:<\/strong><\/p>\n<li>Dvosmerna komunikacija \u2013 mikrafon + zvu\u010dnik (\u00b15\u202fm)<\/li>\n<p>    <strong>Napajanje i rad:<\/strong><\/p>\n<li>5\u202fV \u2393 2\u202fA preko USB-C<\/li>\n<li>Radna temperatura: \u201310\u202f\u00b0C do 45\u202f\u00b0C<\/li>\n<p>    <strong>Fizi\u010dke dimenzije:<\/strong><\/p>\n<li>78 \u00d7 78 \u00d7 124\u202fmm<\/li>\n<li>Te\u017eina: 301\u202fg<\/li>\n<p>    <strong>Dodatne karakteristike:<\/strong><\/p>\n<li>Boja: beli mat dizajn<\/li>\n<li>Kompatibilnost: Google Home, Amazon Alexa<\/li>\n<\/ul>\n<\/div>","protected":false},"featured_media":30777,"comment_status":"closed","ping_status":"closed","template":"","meta":{"_themeisle_gutenberg_block_has_review":false},"product_brand":[],"product_cat":[304,302,288],"product_tag":[],"class_list":{"0":"post-30776","1":"product","2":"type-product","3":"status-publish","4":"has-post-thumbnail","6":"product_cat-kamere","7":"product_cat-kamere-i-dronovi","8":"product_cat-svi-proizvodi","10":"first","11":"instock","12":"featured","13":"purchasable","14":"product-type-simple","15":"add-to-wishlist-after_add_to_cart"},"_links":{"self":[{"href":"https:\/\/mobishop-posusje.com\/en\/wp-json\/wp\/v2\/product\/30776","targetHints":{"allow":["GET"]}}],"collection":[{"href":"https:\/\/mobishop-posusje.com\/en\/wp-json\/wp\/v2\/product"}],"about":[{"href":"https:\/\/mobishop-posusje.com\/en\/wp-json\/wp\/v2\/types\/product"}],"replies":[{"embeddable":true,"href":"https:\/\/mobishop-posusje.com\/en\/wp-json\/wp\/v2\/comments?post=30776"}],"version-history":[{"count":1,"href":"https:\/\/mobishop-posusje.com\/en\/wp-json\/wp\/v2\/product\/30776\/revisions"}],"predecessor-version":[{"id":30778,"href":"https:\/\/mobishop-posusje.com\/en\/wp-json\/wp\/v2\/product\/30776\/revisions\/30778"}],"wp:featuredmedia":[{"embeddable":true,"href":"https:\/\/mobishop-posusje.com\/en\/wp-json\/wp\/v2\/media\/30777"}],"wp:attachment":[{"href":"https:\/\/mobishop-posusje.com\/en\/wp-json\/wp\/v2\/media?parent=30776"}],"wp:term":[{"taxonomy":"product_brand","embeddable":true,"href":"https:\/\/mobishop-posusje.com\/en\/wp-json\/wp\/v2\/product_brand?post=30776"},{"taxonomy":"product_cat","embeddable":true,"href":"https:\/\/mobishop-posusje.com\/en\/wp-json\/wp\/v2\/product_cat?post=30776"},{"taxonomy":"product_tag","embeddable":true,"href":"https:\/\/mobishop-posusje.com\/en\/wp-json\/wp\/v2\/product_tag?post=30776"}],"curies":[{"name":"wp","href":"https:\/\/api.w.org\/{rel}","templated":true}]}}