{"id":30797,"date":"2025-06-19T12:44:34","date_gmt":"2025-06-19T12:44:34","guid":{"rendered":"https:\/\/mobishop-posusje.com\/?post_type=product&#038;p=30797"},"modified":"2025-07-03T19:27:38","modified_gmt":"2025-07-03T19:27:38","slug":"samsung-galaxy-a26-5g-6-128gb","status":"publish","type":"product","link":"https:\/\/mobishop-posusje.com\/en\/svi-proizvodi\/mobiteli-i-oprema\/samsung\/samsung-galaxy-a26-5g-6-128gb\/","title":{"rendered":"Samsung Galaxy A26 5G 6\/128GB"},"content":{"rendered":"","protected":false},"excerpt":{"rendered":"<div class=\"gem-list gem-list-type-check-style-1 gem-list-color-14\">\n<ul>\n    <strong>Screen:<\/strong><\/p>\n<li>Veli\u010dina: 17,02 cm<\/li>\n<li>Tip: Super AMOLED<\/li>\n<li>Rezolucija: 2340 x 1080 piksela<\/li>\n<li>Brzina osvje\u017eavanja: 120 Hz<\/li>\n<li>Za\u0161tita: Corning Gorilla Glass Victus+<\/li>\n<p>    <strong>Chipset:<\/strong><\/p>\n<li>Model: Exynos 1380<\/li>\n<li>Procesor: Octa-core (2x 2,4 GHz Cortex-A78 &#038; 6x 2,0 GHz Cortex-A55)<\/li>\n<li>Grafika: Mali-G68<\/li>\n<p>    <strong>Memorija:<\/strong><\/p>\n<li>RAM: 6 GB<\/li>\n<li>Interna memorija: 128 GB<\/li>\n<li>Pro\u0161iriva memorija: microSDXC do 1 TB<\/li>\n<p>    <strong>Camera:<\/strong><\/p>\n<li>Glavna kamera: 50 MP (\u0161irokougaona, f\/1.8, PDAF, OIS)<\/li>\n<li>Ultra\u0161iroka kamera: 8 MP (f\/2.2)<\/li>\n<li>Makro kamera: 2 MP (f\/2.4)<\/li>\n<li>Prednja kamera: 13 MP (f\/2.2)<\/li>\n<p>    <strong>Battery:<\/strong><\/p>\n<li>Kapacitet: 5.000 mAh<\/li>\n<li>Brzo punjenje: Do 25 W<\/li>\n<p>    <strong>Operating System:<\/strong><\/p>\n<li>Android 15 sa One UI 7<\/li>\n<p>    <strong>Dimenzije i te\u017eina:<\/strong><\/p>\n<li>Dimenzije: 16,4 x 7,75 x 0,77 cm<\/li>\n<li>Te\u017eina: 200 g<\/li>\n<p>    <strong>Other Features:<\/strong><\/p>\n<li>Otpornost na vodu i pra\u0161inu: IP67<\/li>\n<li>Be\u017ei\u010dno povezivanje: Wi-Fi, Bluetooth 5.3, NFC<\/li>\n<li>Portovi: USB Type-C<\/li>\n<li>\u010cita\u010d otisaka prstiju: Bo\u010dno postavljen<\/li>\n<\/ul>\n<\/div>","protected":false},"featured_media":29878,"comment_status":"closed","ping_status":"closed","template":"","meta":{"_themeisle_gutenberg_block_has_review":false},"product_brand":[],"product_cat":[355,368,288],"product_tag":[],"class_list":{"0":"post-30797","1":"product","2":"type-product","3":"status-publish","4":"has-post-thumbnail","6":"product_cat-mobiteli-i-oprema","7":"product_cat-samsung","8":"product_cat-svi-proizvodi","10":"first","11":"instock","12":"featured","13":"purchasable","14":"product-type-simple","15":"add-to-wishlist-after_add_to_cart"},"_links":{"self":[{"href":"https:\/\/mobishop-posusje.com\/en\/wp-json\/wp\/v2\/product\/30797","targetHints":{"allow":["GET"]}}],"collection":[{"href":"https:\/\/mobishop-posusje.com\/en\/wp-json\/wp\/v2\/product"}],"about":[{"href":"https:\/\/mobishop-posusje.com\/en\/wp-json\/wp\/v2\/types\/product"}],"replies":[{"embeddable":true,"href":"https:\/\/mobishop-posusje.com\/en\/wp-json\/wp\/v2\/comments?post=30797"}],"version-history":[{"count":1,"href":"https:\/\/mobishop-posusje.com\/en\/wp-json\/wp\/v2\/product\/30797\/revisions"}],"predecessor-version":[{"id":30798,"href":"https:\/\/mobishop-posusje.com\/en\/wp-json\/wp\/v2\/product\/30797\/revisions\/30798"}],"wp:featuredmedia":[{"embeddable":true,"href":"https:\/\/mobishop-posusje.com\/en\/wp-json\/wp\/v2\/media\/29878"}],"wp:attachment":[{"href":"https:\/\/mobishop-posusje.com\/en\/wp-json\/wp\/v2\/media?parent=30797"}],"wp:term":[{"taxonomy":"product_brand","embeddable":true,"href":"https:\/\/mobishop-posusje.com\/en\/wp-json\/wp\/v2\/product_brand?post=30797"},{"taxonomy":"product_cat","embeddable":true,"href":"https:\/\/mobishop-posusje.com\/en\/wp-json\/wp\/v2\/product_cat?post=30797"},{"taxonomy":"product_tag","embeddable":true,"href":"https:\/\/mobishop-posusje.com\/en\/wp-json\/wp\/v2\/product_tag?post=30797"}],"curies":[{"name":"wp","href":"https:\/\/api.w.org\/{rel}","templated":true}]}}