{"id":30808,"date":"2025-06-19T13:39:45","date_gmt":"2025-06-19T13:39:45","guid":{"rendered":"https:\/\/mobishop-posusje.com\/?post_type=product&#038;p=30808"},"modified":"2025-06-19T13:40:52","modified_gmt":"2025-06-19T13:40:52","slug":"xiaomi-monitor-a27i","status":"publish","type":"product","link":"https:\/\/mobishop-posusje.com\/en\/svi-proizvodi\/racunari\/monitori\/xiaomi-monitor-a27i\/","title":{"rendered":"Xiaomi Monitor A27I"},"content":{"rendered":"","protected":false},"excerpt":{"rendered":"<div class=\"gem-list gem-list-type-check-style-1 gem-list-color-14\">\n<ul>\n    <strong>Screen:<\/strong><\/p>\n<li>Veli\u010dina: 27&#8221;, IPS<\/li>\n<li>Rezolucija: 1920\u202f\u00d7\u202f1080 (Full\u202fHD), 16:9<\/li>\n<li>Brzina osve\u017eavanja: 100\u202fHz<\/li>\n<li>Vremenski odziv: 6\u202fms (GTG)<\/li>\n<li>\u0160iroki uglovi gledanja: 178\u00b0\/178\u00b0<\/li>\n<li>Pokriva 99\u202f% sRGB, 16,7\u202fmil boja (8\u2011bit preko 6\u2011bit+FRC)<\/li>\n<li>Kalibrisan Delta E\u202f&lt;\u202f2<\/li>\n<li>Svetlina: 250\u202fnits (tipi\u010dno), podr\u0161ka za HDR10<\/li>\n<p>    <strong>Tijelo i monta\u017ea:<\/strong><\/p>\n<li>Ultra\u2011tanak okvir (bo\u010dne i gornji: ~7,5\u202fmm)<\/li>\n<li>Nagatica: -5\u00b0\u202f\u00b12 do +15\u00b0\u202f\u00b12<\/li>\n<li>VESA monta\u017ea: 75\u00d775\u202fmm<\/li>\n<li>Dimenzije (sa stalkom): 612.3 \u00d7 170 \u00d7 451.7\u202fmm<\/li>\n<li>Te\u017eina (sa stalkom): 3,6\u202fkg<\/li>\n<p>    <strong>Povezivanje:<\/strong><\/p>\n<li>1\u00d7 DisplayPort 1.4<\/li>\n<li>1\u00d7 HDMI 2.0<\/li>\n<li>DC\u2011IN (12\u202fV \u2393\u202f2\u202fA, max potro\u0161nja 24\u202fW)<\/li>\n<p>    <strong>Za\u0161tita o\u010diju:<\/strong><\/p>\n<li>T\u00dcV Low Blue Light certificiran + DC dimming (bez treptanja)<\/li>\n<p>    <strong>Dodatno:<\/strong><\/p>\n<li>Factory color calibration uvedena \u2013 dosljedna boja<\/li>\n<li>Bez ugra\u0111enih zvu\u010dnika, moderna crna mat zavr\u0161nica<\/li>\n<\/ul>\n<\/div>","protected":false},"featured_media":30809,"comment_status":"closed","ping_status":"closed","template":"","meta":{"_themeisle_gutenberg_block_has_review":false},"product_brand":[],"product_cat":[335,343,288],"product_tag":[],"class_list":{"0":"post-30808","1":"product","2":"type-product","3":"status-publish","4":"has-post-thumbnail","6":"product_cat-racunari","7":"product_cat-monitori","8":"product_cat-svi-proizvodi","10":"first","11":"instock","12":"purchasable","13":"product-type-simple","14":"add-to-wishlist-after_add_to_cart"},"_links":{"self":[{"href":"https:\/\/mobishop-posusje.com\/en\/wp-json\/wp\/v2\/product\/30808","targetHints":{"allow":["GET"]}}],"collection":[{"href":"https:\/\/mobishop-posusje.com\/en\/wp-json\/wp\/v2\/product"}],"about":[{"href":"https:\/\/mobishop-posusje.com\/en\/wp-json\/wp\/v2\/types\/product"}],"replies":[{"embeddable":true,"href":"https:\/\/mobishop-posusje.com\/en\/wp-json\/wp\/v2\/comments?post=30808"}],"version-history":[{"count":1,"href":"https:\/\/mobishop-posusje.com\/en\/wp-json\/wp\/v2\/product\/30808\/revisions"}],"predecessor-version":[{"id":30810,"href":"https:\/\/mobishop-posusje.com\/en\/wp-json\/wp\/v2\/product\/30808\/revisions\/30810"}],"wp:featuredmedia":[{"embeddable":true,"href":"https:\/\/mobishop-posusje.com\/en\/wp-json\/wp\/v2\/media\/30809"}],"wp:attachment":[{"href":"https:\/\/mobishop-posusje.com\/en\/wp-json\/wp\/v2\/media?parent=30808"}],"wp:term":[{"taxonomy":"product_brand","embeddable":true,"href":"https:\/\/mobishop-posusje.com\/en\/wp-json\/wp\/v2\/product_brand?post=30808"},{"taxonomy":"product_cat","embeddable":true,"href":"https:\/\/mobishop-posusje.com\/en\/wp-json\/wp\/v2\/product_cat?post=30808"},{"taxonomy":"product_tag","embeddable":true,"href":"https:\/\/mobishop-posusje.com\/en\/wp-json\/wp\/v2\/product_tag?post=30808"}],"curies":[{"name":"wp","href":"https:\/\/api.w.org\/{rel}","templated":true}]}}