{"id":30811,"date":"2025-06-19T13:42:04","date_gmt":"2025-06-19T13:42:04","guid":{"rendered":"https:\/\/mobishop-posusje.com\/?post_type=product&#038;p=30811"},"modified":"2025-06-19T13:42:33","modified_gmt":"2025-06-19T13:42:33","slug":"xiaomi-monitor-a24i-100hz","status":"publish","type":"product","link":"https:\/\/mobishop-posusje.com\/en\/svi-proizvodi\/racunari\/monitori\/xiaomi-monitor-a24i-100hz\/","title":{"rendered":"Xiaomi Monitor A24I 100HZ"},"content":{"rendered":"","protected":false},"excerpt":{"rendered":"<div class=\"gem-list gem-list-type-check-style-1 gem-list-color-14\">\n<ul>\n    <strong>Screen:<\/strong><\/p>\n<li>Veli\u010dina: 23,8\u2033 (~60,5\u202fcm)<\/li>\n<li>Panel: IPS LCD<\/li>\n<li>Rezolucija: 1920\u202f\u00d7\u202f1080 (Full\u202fHD)<\/li>\n<li>Osvje\u017eavanje: do 100\u202fHz<\/li>\n<li>Vrijeme odziva: 6\u202fms (GtG)<\/li>\n<li>Pokrivenost boja: 99\u202f% sRGB<\/li>\n<li>Preciznost boja: \u0394E\u202f<\u202f2 (fabri\u010dki kalibrisan)<\/li>\n<li>Svetlina: 250\u202fnita<\/li>\n<li>Viewing angle: 178\u00b0\/178\u00b0<\/li>\n<li>Ultra-tanki okvir: ~7,5\u202fmm<\/li>\n<p>    <strong>Povezivanje:<\/strong><\/p>\n<li>1\u202f\u00d7 DisplayPort\u202f1.4<\/li>\n<li>1\u202f\u00d7 HDMI\u202f2.0<\/li>\n<li>1\u202f\u00d7 DC\u2011IN (12\u202fV \u2393 2\u202fA)<\/li>\n<li>VESA monta\u017ea: 75 \u00d7 75\u202fmm<\/li>\n<p>    <strong>Fizika i dimenzije:<\/strong><\/p>\n<li>Dimenzije (s postoljem): 539,9 \u00d7 170 \u00d7 411,4\u202fmm<\/li>\n<li>Debljina: 7,5\u202fmm naj\u0161trije<\/li>\n<li>Te\u017eina: 2,98\u202fkg (sa stalkom)<\/li>\n<p>    <strong>Strength:<\/strong><\/p>\n<li>Max. potro\u0161nja: ~24\u202fW<\/li>\n<p>    <strong>Za\u0161tita o\u010diju:<\/strong><\/p>\n<li>T\u00dcV Low Blue Light sertifikat<\/li>\n<li>DC dimming \u2013 ne treperi<\/li>\n<p>    <strong>Ostalo:<\/strong><\/p>\n<li>90\u202f% screen-to-body ratio<\/li>\n<li>Elegantni minimalisti\u010dki dizajn bez ugra\u0111enih zvu\u010dnika<\/li>\n<\/ul>\n<\/div>","protected":false},"featured_media":30812,"comment_status":"closed","ping_status":"closed","template":"","meta":{"_themeisle_gutenberg_block_has_review":false},"product_brand":[],"product_cat":[335,343,288],"product_tag":[],"class_list":{"0":"post-30811","1":"product","2":"type-product","3":"status-publish","4":"has-post-thumbnail","6":"product_cat-racunari","7":"product_cat-monitori","8":"product_cat-svi-proizvodi","10":"first","11":"instock","12":"purchasable","13":"product-type-simple","14":"add-to-wishlist-after_add_to_cart"},"_links":{"self":[{"href":"https:\/\/mobishop-posusje.com\/en\/wp-json\/wp\/v2\/product\/30811","targetHints":{"allow":["GET"]}}],"collection":[{"href":"https:\/\/mobishop-posusje.com\/en\/wp-json\/wp\/v2\/product"}],"about":[{"href":"https:\/\/mobishop-posusje.com\/en\/wp-json\/wp\/v2\/types\/product"}],"replies":[{"embeddable":true,"href":"https:\/\/mobishop-posusje.com\/en\/wp-json\/wp\/v2\/comments?post=30811"}],"version-history":[{"count":1,"href":"https:\/\/mobishop-posusje.com\/en\/wp-json\/wp\/v2\/product\/30811\/revisions"}],"predecessor-version":[{"id":30813,"href":"https:\/\/mobishop-posusje.com\/en\/wp-json\/wp\/v2\/product\/30811\/revisions\/30813"}],"wp:featuredmedia":[{"embeddable":true,"href":"https:\/\/mobishop-posusje.com\/en\/wp-json\/wp\/v2\/media\/30812"}],"wp:attachment":[{"href":"https:\/\/mobishop-posusje.com\/en\/wp-json\/wp\/v2\/media?parent=30811"}],"wp:term":[{"taxonomy":"product_brand","embeddable":true,"href":"https:\/\/mobishop-posusje.com\/en\/wp-json\/wp\/v2\/product_brand?post=30811"},{"taxonomy":"product_cat","embeddable":true,"href":"https:\/\/mobishop-posusje.com\/en\/wp-json\/wp\/v2\/product_cat?post=30811"},{"taxonomy":"product_tag","embeddable":true,"href":"https:\/\/mobishop-posusje.com\/en\/wp-json\/wp\/v2\/product_tag?post=30811"}],"curies":[{"name":"wp","href":"https:\/\/api.w.org\/{rel}","templated":true}]}}