{"id":30830,"date":"2025-06-25T19:36:57","date_gmt":"2025-06-25T19:36:57","guid":{"rendered":"https:\/\/mobishop-posusje.com\/?post_type=product&#038;p=30830"},"modified":"2025-06-28T13:23:00","modified_gmt":"2025-06-28T13:23:00","slug":"djecji-tablet-blackview-tab-50-kids-3-64gb","status":"publish","type":"product","link":"https:\/\/mobishop-posusje.com\/en\/svi-proizvodi\/racunari\/tableti\/djecji-tablet-blackview-tab-50-kids-3-64gb\/","title":{"rendered":"Dje\u010dji Tablet Blackview Tab 50 Kids 3\/64GB"},"content":{"rendered":"","protected":false},"excerpt":{"rendered":"<div class=\"gem-list gem-list-type-check-style-1 gem-list-color-14\">\n<ul>\n    <strong>Screen:<\/strong><\/p>\n<li>Veli\u010dina: 8\u2033 IPS (83\u202f% screen-to-body)<\/li>\n<li>Rezolucija: 1280\u202f\u00d7\u202f800 piksela (HD+)<\/li>\n<p>    <strong>\u010cipset i performanse:<\/strong><\/p>\n<li>Rockchip\u202fRK3562 (quad-core)<\/li>\n<li>RAM: 3\u202fGB fizi\u010dki (+ do 3\u202fGB ekstenzivni RAM)<\/li>\n<li>Memorija: 64\u202fGB interna, pro\u0161iriva microSD do 1\u202fTB<\/li>\n<p>    <strong>Kamere:<\/strong><\/p>\n<li>Zadnja: 2\u202fMP<\/li>\n<li>Prednja: 0.3\u202fMP<\/li>\n<p>    <strong>Baterija i punjenje:<\/strong><\/p>\n<li>Kapacitet: 5\u202f580\u202fmAh<\/li>\n<li>Punjiva putem USB\u2011C, standardno oko 5\u202fW<\/li>\n<p>    <strong>Povezivanje:<\/strong><\/p>\n<li>Wi\u2011Fi: 802.11 a\/b\/g\/n\/ac\/ax (2,4 i 5\u202fGHz), Wi\u2011Fi 6<\/li>\n<li>Bluetooth: 5.0<\/li>\n<p>    <strong>Softver:<\/strong><\/p>\n<li>Android\u00a013 sa DokeOS_P\u00a03.0 korisni\u010dkim interfejsom<\/li>\n<p>    <strong>Fizi\u010dke karakteristike:<\/strong><\/p>\n<li>Dimenzije: 211,2 \u00d7 126,2 \u00d7 9,7\u202fmm<\/li>\n<li>Te\u017eina: 355\u202fg<\/li>\n<li>Debelo EVA ku\u0107i\u0161te za za\u0161titu od udara<\/li>\n<p>    <strong>Audio:<\/strong><\/p>\n<li>Dva stereo zvu\u010dnika (Smart PA)<\/li>\n<p>    <strong>Ostalo:<\/strong><\/p>\n<li>\u0394E<2 kalibracija boja (prema proizvo\u0111a\u010du)<\/li>\n<li>Bez LTE\/SIM, nema NFC\/GPS\/radio<\/li>\n<\/ul>\n<\/div>","protected":false},"featured_media":30831,"comment_status":"closed","ping_status":"closed","template":"","meta":{"_themeisle_gutenberg_block_has_review":false},"product_brand":[],"product_cat":[344,335,288],"product_tag":[],"class_list":{"0":"post-30830","1":"product","2":"type-product","3":"status-publish","4":"has-post-thumbnail","6":"product_cat-tableti","7":"product_cat-racunari","8":"product_cat-svi-proizvodi","10":"first","11":"instock","12":"featured","13":"purchasable","14":"product-type-simple","15":"add-to-wishlist-after_add_to_cart"},"_links":{"self":[{"href":"https:\/\/mobishop-posusje.com\/en\/wp-json\/wp\/v2\/product\/30830","targetHints":{"allow":["GET"]}}],"collection":[{"href":"https:\/\/mobishop-posusje.com\/en\/wp-json\/wp\/v2\/product"}],"about":[{"href":"https:\/\/mobishop-posusje.com\/en\/wp-json\/wp\/v2\/types\/product"}],"replies":[{"embeddable":true,"href":"https:\/\/mobishop-posusje.com\/en\/wp-json\/wp\/v2\/comments?post=30830"}],"version-history":[{"count":1,"href":"https:\/\/mobishop-posusje.com\/en\/wp-json\/wp\/v2\/product\/30830\/revisions"}],"predecessor-version":[{"id":30832,"href":"https:\/\/mobishop-posusje.com\/en\/wp-json\/wp\/v2\/product\/30830\/revisions\/30832"}],"wp:featuredmedia":[{"embeddable":true,"href":"https:\/\/mobishop-posusje.com\/en\/wp-json\/wp\/v2\/media\/30831"}],"wp:attachment":[{"href":"https:\/\/mobishop-posusje.com\/en\/wp-json\/wp\/v2\/media?parent=30830"}],"wp:term":[{"taxonomy":"product_brand","embeddable":true,"href":"https:\/\/mobishop-posusje.com\/en\/wp-json\/wp\/v2\/product_brand?post=30830"},{"taxonomy":"product_cat","embeddable":true,"href":"https:\/\/mobishop-posusje.com\/en\/wp-json\/wp\/v2\/product_cat?post=30830"},{"taxonomy":"product_tag","embeddable":true,"href":"https:\/\/mobishop-posusje.com\/en\/wp-json\/wp\/v2\/product_tag?post=30830"}],"curies":[{"name":"wp","href":"https:\/\/api.w.org\/{rel}","templated":true}]}}