{"id":30923,"date":"2025-09-03T10:09:15","date_gmt":"2025-09-03T10:09:15","guid":{"rendered":"https:\/\/mobishop-posusje.com\/?post_type=product&#038;p=30923"},"modified":"2025-09-30T09:28:42","modified_gmt":"2025-09-30T09:28:42","slug":"xiaomi-humidifier-2-lite","status":"publish","type":"product","link":"https:\/\/mobishop-posusje.com\/en\/svi-proizvodi\/mali-kucni-aparati\/ovlazivaci-zraka\/xiaomi-humidifier-2-lite\/","title":{"rendered":"Xiaomi Humidifier 2 Lite"},"content":{"rendered":"","protected":false},"excerpt":{"rendered":"<div class=\"gem-list gem-list-type-check-style-1 gem-list-color-14\">\n<ul>\n    <strong>Dimenzije i te\u017eina:<\/strong><\/p>\n<li>Dimenzije: 190 x 190 x 315 mm<\/li>\n<li>Te\u017eina: 1,4 kg<\/li>\n<p>    <strong>Kapacitet spremnika za vodu:<\/strong><\/p>\n<li>Kapacitet: 4 L<\/li>\n<p>    <strong>Performanse:<\/strong><\/p>\n<li>Maksimalna koli\u010dina isparavanja: do 300 ml\/h<\/li>\n<li>Pokrivenost prostora: do 25\u201330 m\u00b2<\/li>\n<p>    <strong>Rad i kontrola:<\/strong><\/p>\n<li>Jednostavno upravljanje jednim dugmetom<\/li>\n<li>Tihi rad: manje od 38 dB<\/li>\n<li>Automatsko isklju\u010divanje kada ponestane vode<\/li>\n<p>    <strong>Odr\u017eavanje:<\/strong><\/p>\n<li>Lako punjenje vodom s gornje strane<\/li>\n<li>Jednostavno \u010di\u0161\u0107enje<\/li>\n<p>    <strong>Other Features:<\/strong><\/p>\n<li>360\u00b0 rotiraju\u0107a mlaznica<\/li>\n<li>Moderan minimalisti\u010dki dizajn<\/li>\n<li>Niska potro\u0161nja energije (do 23 W)<\/li>\n<\/ul>\n<\/div>","protected":false},"featured_media":31192,"comment_status":"closed","ping_status":"closed","template":"","meta":{"_themeisle_gutenberg_block_has_review":false},"product_brand":[],"product_cat":[312,309,288],"product_tag":[],"class_list":{"0":"post-30923","1":"product","2":"type-product","3":"status-publish","4":"has-post-thumbnail","6":"product_cat-ovlazivaci-zraka","7":"product_cat-mali-kucni-aparati","8":"product_cat-svi-proizvodi","10":"first","11":"instock","12":"purchasable","13":"product-type-simple","14":"add-to-wishlist-after_add_to_cart"},"_links":{"self":[{"href":"https:\/\/mobishop-posusje.com\/en\/wp-json\/wp\/v2\/product\/30923","targetHints":{"allow":["GET"]}}],"collection":[{"href":"https:\/\/mobishop-posusje.com\/en\/wp-json\/wp\/v2\/product"}],"about":[{"href":"https:\/\/mobishop-posusje.com\/en\/wp-json\/wp\/v2\/types\/product"}],"replies":[{"embeddable":true,"href":"https:\/\/mobishop-posusje.com\/en\/wp-json\/wp\/v2\/comments?post=30923"}],"version-history":[{"count":1,"href":"https:\/\/mobishop-posusje.com\/en\/wp-json\/wp\/v2\/product\/30923\/revisions"}],"predecessor-version":[{"id":30925,"href":"https:\/\/mobishop-posusje.com\/en\/wp-json\/wp\/v2\/product\/30923\/revisions\/30925"}],"wp:featuredmedia":[{"embeddable":true,"href":"https:\/\/mobishop-posusje.com\/en\/wp-json\/wp\/v2\/media\/31192"}],"wp:attachment":[{"href":"https:\/\/mobishop-posusje.com\/en\/wp-json\/wp\/v2\/media?parent=30923"}],"wp:term":[{"taxonomy":"product_brand","embeddable":true,"href":"https:\/\/mobishop-posusje.com\/en\/wp-json\/wp\/v2\/product_brand?post=30923"},{"taxonomy":"product_cat","embeddable":true,"href":"https:\/\/mobishop-posusje.com\/en\/wp-json\/wp\/v2\/product_cat?post=30923"},{"taxonomy":"product_tag","embeddable":true,"href":"https:\/\/mobishop-posusje.com\/en\/wp-json\/wp\/v2\/product_tag?post=30923"}],"curies":[{"name":"wp","href":"https:\/\/api.w.org\/{rel}","templated":true}]}}