{"id":30926,"date":"2025-09-03T10:15:56","date_gmt":"2025-09-03T10:15:56","guid":{"rendered":"https:\/\/mobishop-posusje.com\/?post_type=product&#038;p=30926"},"modified":"2025-09-30T09:36:47","modified_gmt":"2025-09-30T09:36:47","slug":"xiaomi-robot-vacuum-x20-max","status":"publish","type":"product","link":"https:\/\/mobishop-posusje.com\/en\/svi-proizvodi\/mali-kucni-aparati\/robot-usisivaci\/xiaomi-robot-vacuum-x20-max\/","title":{"rendered":"Xiaomi Robot Vacuum X20 Max"},"content":{"rendered":"","protected":false},"excerpt":{"rendered":"<div class=\"gem-list gem-list-type-check-style-1 gem-list-color-14\">\n<ul>\n    <strong>Dimenzije i te\u017eina:<\/strong><\/p>\n<li>Dimenzije: 350 x 350 x 97 mm<\/li>\n<li>Te\u017eina: 4,2 kg<\/li>\n<p>    <strong>Usisna snaga:<\/strong><\/p>\n<li>Maksimalna usisna snaga: 6000 Pa<\/li>\n<p>    <strong>Battery:<\/strong><\/p>\n<li>Kapacitet: 5200 mAh<\/li>\n<li>Vrijeme rada: do 180 minuta<\/li>\n<li>Vrijeme punjenja: pribli\u017eno 4 sata<\/li>\n<p>    <strong>Spremnik za pra\u0161inu:<\/strong><\/p>\n<li>Kapacitet: 350 ml<\/li>\n<p>    <strong>Spremnik za vodu:<\/strong><\/p>\n<li>Kapacitet: 200 ml<\/li>\n<p>    <strong>Navigacija:<\/strong><\/p>\n<li>Tip: LDS laserska navigacija + AI vizuelna detekcija prepreka<\/li>\n<p>    <strong>Funkcije:<\/strong><\/p>\n<li>Automatsko pra\u017enjenje spremnika za pra\u0161inu<\/li>\n<li>Automatsko pranje i su\u0161enje mopova<\/li>\n<li>Automatsko punjenje spremnika za vodu<\/li>\n<li>Detekcija tepiha s automatskim pode\u0161avanjem snage i podizanjem mopova<\/li>\n<li>Vi\u0161estruko mapiranje prostora<\/li>\n<li>Podr\u0161ka za glasovne asistente: Amazon Alexa, Google Assistant<\/li>\n<p>    <strong>Other Features:<\/strong><\/p>\n<li>Automatsko vra\u0107anje na stanicu za punjenje<\/li>\n<li>Upravljanje putem mobilne aplikacije<\/li>\n<li>Podr\u0161ka za mokro i suho \u010di\u0161\u0107enje<\/li>\n<li>Napredna detekcija prepreka i sigurnosni senzori<\/li>\n<\/ul>\n<\/div>","protected":false},"featured_media":31198,"comment_status":"closed","ping_status":"closed","template":"","meta":{"_themeisle_gutenberg_block_has_review":false},"product_brand":[],"product_cat":[314,309,288],"product_tag":[],"class_list":{"0":"post-30926","1":"product","2":"type-product","3":"status-publish","4":"has-post-thumbnail","6":"product_cat-robot-usisivaci","7":"product_cat-mali-kucni-aparati","8":"product_cat-svi-proizvodi","10":"first","11":"instock","12":"featured","13":"shipping-taxable","14":"purchasable","15":"product-type-simple","16":"add-to-wishlist-after_add_to_cart"},"_links":{"self":[{"href":"https:\/\/mobishop-posusje.com\/en\/wp-json\/wp\/v2\/product\/30926","targetHints":{"allow":["GET"]}}],"collection":[{"href":"https:\/\/mobishop-posusje.com\/en\/wp-json\/wp\/v2\/product"}],"about":[{"href":"https:\/\/mobishop-posusje.com\/en\/wp-json\/wp\/v2\/types\/product"}],"replies":[{"embeddable":true,"href":"https:\/\/mobishop-posusje.com\/en\/wp-json\/wp\/v2\/comments?post=30926"}],"version-history":[{"count":1,"href":"https:\/\/mobishop-posusje.com\/en\/wp-json\/wp\/v2\/product\/30926\/revisions"}],"predecessor-version":[{"id":30928,"href":"https:\/\/mobishop-posusje.com\/en\/wp-json\/wp\/v2\/product\/30926\/revisions\/30928"}],"wp:featuredmedia":[{"embeddable":true,"href":"https:\/\/mobishop-posusje.com\/en\/wp-json\/wp\/v2\/media\/31198"}],"wp:attachment":[{"href":"https:\/\/mobishop-posusje.com\/en\/wp-json\/wp\/v2\/media?parent=30926"}],"wp:term":[{"taxonomy":"product_brand","embeddable":true,"href":"https:\/\/mobishop-posusje.com\/en\/wp-json\/wp\/v2\/product_brand?post=30926"},{"taxonomy":"product_cat","embeddable":true,"href":"https:\/\/mobishop-posusje.com\/en\/wp-json\/wp\/v2\/product_cat?post=30926"},{"taxonomy":"product_tag","embeddable":true,"href":"https:\/\/mobishop-posusje.com\/en\/wp-json\/wp\/v2\/product_tag?post=30926"}],"curies":[{"name":"wp","href":"https:\/\/api.w.org\/{rel}","templated":true}]}}