{"id":30929,"date":"2025-09-03T10:18:58","date_gmt":"2025-09-03T10:18:58","guid":{"rendered":"https:\/\/mobishop-posusje.com\/?post_type=product&#038;p=30929"},"modified":"2025-09-30T09:14:09","modified_gmt":"2025-09-30T09:14:09","slug":"jbl-bluetooth-zvucnik-clip-4","status":"publish","type":"product","link":"https:\/\/mobishop-posusje.com\/en\/svi-proizvodi\/zvucnici-i-slusalice\/bluetooth-zvucnici\/jbl-bluetooth-zvucnik-clip-4\/","title":{"rendered":"JBL Bluetooth zvu\u010dnik Clip 4"},"content":{"rendered":"","protected":false},"excerpt":{"rendered":"<div class=\"gem-list gem-list-type-check-style-1 gem-list-color-14\">\n<ul>\n    <strong>Dimenzije i te\u017eina:<\/strong><\/p>\n<li>Dimenzije: 86,3 x 134,5 x 46 mm<\/li>\n<li>Te\u017eina: 239 g<\/li>\n<p>    <strong>Zvu\u010dnik:<\/strong><\/p>\n<li>Snaga: 5 W RMS<\/li>\n<li>Frekventni opseg: 100 Hz \u2013 20 kHz<\/li>\n<p>    <strong>Battery:<\/strong><\/p>\n<li>Tip: Li-polimer 3,885 Wh<\/li>\n<li>Vrijeme reprodukcije: do 10 sati<\/li>\n<li>Vrijeme punjenja: oko 3 sata (USB-C)<\/li>\n<p>    <strong>Konekcija:<\/strong><\/p>\n<li>Bluetooth verzija: 5.1<\/li>\n<li>Bluetooth profil: A2DP 1.3, AVRCP 1.6<\/li>\n<li>Domet: do 10 m<\/li>\n<p>    <strong>Otpornost:<\/strong><\/p>\n<li>IP67 vodootporan i otporan na pra\u0161inu<\/li>\n<p>    <strong>Other Features:<\/strong><\/p>\n<li>Integrirana kop\u010da za lako no\u0161enje<\/li>\n<li>Moderan i kompaktan dizajn<\/li>\n<li>Podr\u0161ka za brzo i jednostavno be\u017ei\u010dno povezivanje<\/li>\n<\/ul>\n<\/div>","protected":false},"featured_media":31177,"comment_status":"closed","ping_status":"closed","template":"","meta":{"_themeisle_gutenberg_block_has_review":false},"product_brand":[],"product_cat":[318,316,288],"product_tag":[],"class_list":{"0":"post-30929","1":"product","2":"type-product","3":"status-publish","4":"has-post-thumbnail","6":"product_cat-bluetooth-zvucnici","7":"product_cat-zvucnici-i-slusalice","8":"product_cat-svi-proizvodi","10":"first","11":"instock","12":"purchasable","13":"product-type-simple","14":"add-to-wishlist-after_add_to_cart"},"_links":{"self":[{"href":"https:\/\/mobishop-posusje.com\/en\/wp-json\/wp\/v2\/product\/30929","targetHints":{"allow":["GET"]}}],"collection":[{"href":"https:\/\/mobishop-posusje.com\/en\/wp-json\/wp\/v2\/product"}],"about":[{"href":"https:\/\/mobishop-posusje.com\/en\/wp-json\/wp\/v2\/types\/product"}],"replies":[{"embeddable":true,"href":"https:\/\/mobishop-posusje.com\/en\/wp-json\/wp\/v2\/comments?post=30929"}],"version-history":[{"count":2,"href":"https:\/\/mobishop-posusje.com\/en\/wp-json\/wp\/v2\/product\/30929\/revisions"}],"predecessor-version":[{"id":31200,"href":"https:\/\/mobishop-posusje.com\/en\/wp-json\/wp\/v2\/product\/30929\/revisions\/31200"}],"wp:featuredmedia":[{"embeddable":true,"href":"https:\/\/mobishop-posusje.com\/en\/wp-json\/wp\/v2\/media\/31177"}],"wp:attachment":[{"href":"https:\/\/mobishop-posusje.com\/en\/wp-json\/wp\/v2\/media?parent=30929"}],"wp:term":[{"taxonomy":"product_brand","embeddable":true,"href":"https:\/\/mobishop-posusje.com\/en\/wp-json\/wp\/v2\/product_brand?post=30929"},{"taxonomy":"product_cat","embeddable":true,"href":"https:\/\/mobishop-posusje.com\/en\/wp-json\/wp\/v2\/product_cat?post=30929"},{"taxonomy":"product_tag","embeddable":true,"href":"https:\/\/mobishop-posusje.com\/en\/wp-json\/wp\/v2\/product_tag?post=30929"}],"curies":[{"name":"wp","href":"https:\/\/api.w.org\/{rel}","templated":true}]}}