{"id":30945,"date":"2025-09-03T10:28:55","date_gmt":"2025-09-03T10:28:55","guid":{"rendered":"https:\/\/mobishop-posusje.com\/?post_type=product&#038;p=30945"},"modified":"2025-09-30T09:19:31","modified_gmt":"2025-09-30T09:19:31","slug":"nanobuds-slusalice","status":"publish","type":"product","link":"https:\/\/mobishop-posusje.com\/en\/svi-proizvodi\/mobiteli-i-oprema\/mobitel-slusalice\/bluetooth-slusalice-mobitel\/nanobuds-slusalice\/","title":{"rendered":"NanoBuds Slu\u0161alice"},"content":{"rendered":"","protected":false},"excerpt":{"rendered":"<div class=\"gem-list gem-list-type-check-style-1 gem-list-color-14\">\n<ul>\n    <strong>Dimenzije i te\u017eina:<\/strong><\/p>\n<li>Dimenzije ku\u0107i\u0161ta: 48 x 30 x 22 mm<\/li>\n<li>Te\u017eina slu\u0161alice: 4 g po komadu<\/li>\n<li>Te\u017eina ku\u0107i\u0161ta: 32 g<\/li>\n<p>    <strong>Zvu\u010dnici:<\/strong><\/p>\n<li>Veli\u010dina drajvera: 10 mm<\/li>\n<li>Frekventni odziv: 20 Hz \u2013 20 kHz<\/li>\n<p>    <strong>Battery:<\/strong><\/p>\n<li>Trajanje reprodukcije: do 6 sati (slu\u0161alice)<\/li>\n<li>Ukupno s ku\u0107i\u0161tem: do 24 sata<\/li>\n<li>Vrijeme punjenja: oko 1,5 sati<\/li>\n<li>Brzo punjenje: 10 minuta = 1 sat reprodukcije<\/li>\n<p>    <strong>Konekcija:<\/strong><\/p>\n<li>Bluetooth verzija: 5.3<\/li>\n<li>Domet: do 10 m<\/li>\n<li>Podr\u0161ka za: SBC, AAC kodeke<\/li>\n<p>    <strong>Otpornost:<\/strong><\/p>\n<li>IPX5 otporne na znoj i prskanje vode<\/li>\n<p>    <strong>Other Features:<\/strong><\/p>\n<li>Dodirne kontrole za muziku i pozive<\/li>\n<li>Podr\u0161ka za glasovne asistente (Google Assistant, Siri)<\/li>\n<li>Ergonomski dizajn za udobno no\u0161enje<\/li>\n<li>USB-C punjenje<\/li>\n<p>    <strong>Dostupne boje:<\/strong><\/p>\n<li>Crna<\/li>\n<li>Bijela<\/li>\n<li>Plava<\/li>\n<\/ul>\n<\/div>","protected":false},"featured_media":31182,"comment_status":"closed","ping_status":"closed","template":"","meta":{"_themeisle_gutenberg_block_has_review":false},"product_brand":[],"product_cat":[362,355,320,316,361,288],"product_tag":[],"class_list":{"0":"post-30945","1":"product","2":"type-product","3":"status-publish","4":"has-post-thumbnail","6":"product_cat-bluetooth-slusalice-mobitel","7":"product_cat-mobiteli-i-oprema","8":"product_cat-bluetooth-slusalice","9":"product_cat-zvucnici-i-slusalice","10":"product_cat-mobitel-slusalice","11":"product_cat-svi-proizvodi","13":"first","14":"instock","15":"featured","16":"purchasable","17":"product-type-simple","18":"add-to-wishlist-after_add_to_cart"},"_links":{"self":[{"href":"https:\/\/mobishop-posusje.com\/en\/wp-json\/wp\/v2\/product\/30945","targetHints":{"allow":["GET"]}}],"collection":[{"href":"https:\/\/mobishop-posusje.com\/en\/wp-json\/wp\/v2\/product"}],"about":[{"href":"https:\/\/mobishop-posusje.com\/en\/wp-json\/wp\/v2\/types\/product"}],"replies":[{"embeddable":true,"href":"https:\/\/mobishop-posusje.com\/en\/wp-json\/wp\/v2\/comments?post=30945"}],"version-history":[{"count":1,"href":"https:\/\/mobishop-posusje.com\/en\/wp-json\/wp\/v2\/product\/30945\/revisions"}],"predecessor-version":[{"id":30947,"href":"https:\/\/mobishop-posusje.com\/en\/wp-json\/wp\/v2\/product\/30945\/revisions\/30947"}],"wp:featuredmedia":[{"embeddable":true,"href":"https:\/\/mobishop-posusje.com\/en\/wp-json\/wp\/v2\/media\/31182"}],"wp:attachment":[{"href":"https:\/\/mobishop-posusje.com\/en\/wp-json\/wp\/v2\/media?parent=30945"}],"wp:term":[{"taxonomy":"product_brand","embeddable":true,"href":"https:\/\/mobishop-posusje.com\/en\/wp-json\/wp\/v2\/product_brand?post=30945"},{"taxonomy":"product_cat","embeddable":true,"href":"https:\/\/mobishop-posusje.com\/en\/wp-json\/wp\/v2\/product_cat?post=30945"},{"taxonomy":"product_tag","embeddable":true,"href":"https:\/\/mobishop-posusje.com\/en\/wp-json\/wp\/v2\/product_tag?post=30945"}],"curies":[{"name":"wp","href":"https:\/\/api.w.org\/{rel}","templated":true}]}}