{"id":31057,"date":"2025-09-17T09:21:03","date_gmt":"2025-09-17T09:21:03","guid":{"rendered":"https:\/\/mobishop-posusje.com\/?post_type=product&#038;p=31057"},"modified":"2025-09-17T09:22:37","modified_gmt":"2025-09-17T09:22:37","slug":"xiaomi-outdoor-kamera-cw500-dual-kopiraj","status":"publish","type":"product","link":"https:\/\/mobishop-posusje.com\/en\/svi-proizvodi\/kamere-i-dronovi\/kamere\/xiaomi-outdoor-kamera-cw500-dual-kopiraj\/","title":{"rendered":"Xiaomi Outdoor Camera CW700S"},"content":{"rendered":"","protected":false},"excerpt":{"rendered":"<div class=\"gem-list gem-list-type-check-style-1 gem-list-color-14\">\n<ul>\n    <strong>Rezolucija i le\u0107e:<\/strong><\/p>\n<li>Rezolucija: 2560 x 1440 (2.5K Ultra-HD)<\/li>\n<li>Dvije le\u0107e: Wide-angle + Telephoto (dual 4 MP)<\/li>\n<p>    <strong>Zum i pokretljivost:<\/strong><\/p>\n<li>9\u00d7 hibridni zum<\/li>\n<li>Rotacija: horizontalno do 355\u00b0, vertikalno do 100\u00b0<\/li>\n<p>    <strong>No\u0107ni na\u010din:<\/strong><\/p>\n<li>Smart full-colour night vision (4 dodatne lampe: 2 za telephoto, 2 za wide-angle)<\/li>\n<li>Veliki aperture: f\/1.6<\/li>\n<p>    <strong>Povezivost i pohrana:<\/strong><\/p>\n<li>Wi-Fi: IEEE 802.11 b\/g\/n 2.4 GHz<\/li>\n<li>Mogu\u0107a \u017ei\u010dna veza (Ethernet port)<\/li>\n<li>Spremnik: MicroSD 8-256 GB, NAS, Xiaomi Cloud<\/li>\n<p>    <strong>Strujni ulaz i okoli\u0161:<\/strong><\/p>\n<li>Rated input: 12 V \/ 1 A<\/li>\n<li>Radna temperatura: -30 \u00b0C do 60 \u00b0C<\/li>\n<li>Otpornost: IP66 (protiv pra\u0161ine i vode)<\/li>\n<p>    <strong>Funkcije i detekcija:<\/strong><\/p>\n<li>Detekcija ljudi i vozila (AI algoritmi)<\/li>\n<li>Dvosmjerna komunikacija: mikrofon + zvu\u010dnik<\/li>\n<li>Svetlosni i zvu\u010dni alarmi kad se detektuje neovla\u0161teni pokret<\/li>\n<p>    <strong>Other Features:<\/strong><\/p>\n<li>Spoljna antena za ja\u010di i stabilniji Wi-Fi signal<\/li>\n<li>Vremenski intervalni snimak (time-lapse)<\/li>\n<\/ul>\n<\/div>","protected":false},"featured_media":31058,"comment_status":"closed","ping_status":"closed","template":"","meta":{"_themeisle_gutenberg_block_has_review":false},"product_brand":[],"product_cat":[304,302,288],"product_tag":[],"class_list":{"0":"post-31057","1":"product","2":"type-product","3":"status-publish","4":"has-post-thumbnail","6":"product_cat-kamere","7":"product_cat-kamere-i-dronovi","8":"product_cat-svi-proizvodi","10":"first","11":"instock","12":"featured","13":"purchasable","14":"product-type-simple","15":"add-to-wishlist-after_add_to_cart"},"_links":{"self":[{"href":"https:\/\/mobishop-posusje.com\/en\/wp-json\/wp\/v2\/product\/31057","targetHints":{"allow":["GET"]}}],"collection":[{"href":"https:\/\/mobishop-posusje.com\/en\/wp-json\/wp\/v2\/product"}],"about":[{"href":"https:\/\/mobishop-posusje.com\/en\/wp-json\/wp\/v2\/types\/product"}],"replies":[{"embeddable":true,"href":"https:\/\/mobishop-posusje.com\/en\/wp-json\/wp\/v2\/comments?post=31057"}],"version-history":[{"count":2,"href":"https:\/\/mobishop-posusje.com\/en\/wp-json\/wp\/v2\/product\/31057\/revisions"}],"predecessor-version":[{"id":31060,"href":"https:\/\/mobishop-posusje.com\/en\/wp-json\/wp\/v2\/product\/31057\/revisions\/31060"}],"wp:featuredmedia":[{"embeddable":true,"href":"https:\/\/mobishop-posusje.com\/en\/wp-json\/wp\/v2\/media\/31058"}],"wp:attachment":[{"href":"https:\/\/mobishop-posusje.com\/en\/wp-json\/wp\/v2\/media?parent=31057"}],"wp:term":[{"taxonomy":"product_brand","embeddable":true,"href":"https:\/\/mobishop-posusje.com\/en\/wp-json\/wp\/v2\/product_brand?post=31057"},{"taxonomy":"product_cat","embeddable":true,"href":"https:\/\/mobishop-posusje.com\/en\/wp-json\/wp\/v2\/product_cat?post=31057"},{"taxonomy":"product_tag","embeddable":true,"href":"https:\/\/mobishop-posusje.com\/en\/wp-json\/wp\/v2\/product_tag?post=31057"}],"curies":[{"name":"wp","href":"https:\/\/api.w.org\/{rel}","templated":true}]}}