{"id":31114,"date":"2025-09-18T09:14:17","date_gmt":"2025-09-18T09:14:17","guid":{"rendered":"https:\/\/mobishop-posusje.com\/?post_type=product&#038;p=31114"},"modified":"2025-09-30T09:11:13","modified_gmt":"2025-09-30T09:11:13","slug":"flashfire-monza-racing-volan","status":"publish","type":"product","link":"https:\/\/mobishop-posusje.com\/en\/svi-proizvodi\/gaming\/dodatna-oprema\/flashfire-monza-racing-volan\/","title":{"rendered":"Flashfire Monza Racing Volan"},"content":{"rendered":"","protected":false},"excerpt":{"rendered":"<div class=\"gem-list gem-list-type-check-style-1 gem-list-color-14\">\n<ul>\n    <strong>Komp. platforme:<\/strong><\/p>\n<li>PC<\/li>\n<li>PlayStation 3 \/ PlayStation 4<\/li>\n<li>Xbox One \/ Xbox Series X|S<\/li>\n<li>Nintendo Switch<\/li>\n<p>    <strong>Rad wheel-a:<\/strong><\/p>\n<li>Rotacija volana: 270\u00b0<\/li>\n<li>Hall-sensor tehnologija (magnetni senzor, bez habanja za preciznije upravljanje)<\/li>\n<li>Podesivost osjetljivosti volana<\/li>\n<p>    <strong>Kontrole i funkcije:<\/strong><\/p>\n<li>Tri pedale: gas, ko\u010dnica, kva\u010dilo<\/li>\n<li>6-stepeni mjenja\u010d (\u0161ifter) uklju\u010deno<\/li>\n<li>8-smjerna D-pad kontrola<\/li>\n<li>Paddle shifteri ili ru\u010dice za mjenja\u010d na volanu<\/li>\n<li>Dodatni dugmi\u0107i \u2013 10 programibilnih tipki<\/li>\n<li>LED indikator stanja<\/li>\n<p>    <strong>Vibracija \/ povratne sile:<\/strong><\/p>\n<li>Vibration feedback sa dva motora<\/li>\n<p>    <strong>Napajanje i priklju\u010dci:<\/strong><\/p>\n<li>USB veza (\u017ei\u010dani)<\/li>\n<p>    <strong>Dizajn i materijali:<\/strong><\/p>\n<li>Rubni dio volana: guma\/plasti\u010dni prelaz za bolji grip<\/li>\n<li>Komplet pedala izra\u0111en od metala \/ metal-finish-komponente<\/li>\n<li>Podloga s vacum-usisnim stopicama za stabilnost ili table clamp opcija<\/li>\n<p>    <strong>Other Features:<\/strong><\/p>\n<li>Kompletnija oprema: volan + pedale + \u0161ifter<\/li>\n<li>LED vizualne oznake<\/li>\n<\/ul>\n<\/div>","protected":false},"featured_media":31173,"comment_status":"closed","ping_status":"closed","template":"","meta":{"_themeisle_gutenberg_block_has_review":false},"product_brand":[],"product_cat":[325,326,288],"product_tag":[],"class_list":{"0":"post-31114","1":"product","2":"type-product","3":"status-publish","4":"has-post-thumbnail","6":"product_cat-gaming","7":"product_cat-dodatna-oprema","8":"product_cat-svi-proizvodi","10":"first","11":"instock","12":"purchasable","13":"product-type-simple","14":"add-to-wishlist-after_add_to_cart"},"_links":{"self":[{"href":"https:\/\/mobishop-posusje.com\/en\/wp-json\/wp\/v2\/product\/31114","targetHints":{"allow":["GET"]}}],"collection":[{"href":"https:\/\/mobishop-posusje.com\/en\/wp-json\/wp\/v2\/product"}],"about":[{"href":"https:\/\/mobishop-posusje.com\/en\/wp-json\/wp\/v2\/types\/product"}],"replies":[{"embeddable":true,"href":"https:\/\/mobishop-posusje.com\/en\/wp-json\/wp\/v2\/comments?post=31114"}],"version-history":[{"count":1,"href":"https:\/\/mobishop-posusje.com\/en\/wp-json\/wp\/v2\/product\/31114\/revisions"}],"predecessor-version":[{"id":31116,"href":"https:\/\/mobishop-posusje.com\/en\/wp-json\/wp\/v2\/product\/31114\/revisions\/31116"}],"wp:featuredmedia":[{"embeddable":true,"href":"https:\/\/mobishop-posusje.com\/en\/wp-json\/wp\/v2\/media\/31173"}],"wp:attachment":[{"href":"https:\/\/mobishop-posusje.com\/en\/wp-json\/wp\/v2\/media?parent=31114"}],"wp:term":[{"taxonomy":"product_brand","embeddable":true,"href":"https:\/\/mobishop-posusje.com\/en\/wp-json\/wp\/v2\/product_brand?post=31114"},{"taxonomy":"product_cat","embeddable":true,"href":"https:\/\/mobishop-posusje.com\/en\/wp-json\/wp\/v2\/product_cat?post=31114"},{"taxonomy":"product_tag","embeddable":true,"href":"https:\/\/mobishop-posusje.com\/en\/wp-json\/wp\/v2\/product_tag?post=31114"}],"curies":[{"name":"wp","href":"https:\/\/api.w.org\/{rel}","templated":true}]}}