{"id":31117,"date":"2025-09-18T09:17:46","date_gmt":"2025-09-18T09:17:46","guid":{"rendered":"https:\/\/mobishop-posusje.com\/?post_type=product&#038;p=31117"},"modified":"2025-09-30T09:15:47","modified_gmt":"2025-09-30T09:15:47","slug":"marshall-kilburn-ii","status":"publish","type":"product","link":"https:\/\/mobishop-posusje.com\/en\/svi-proizvodi\/zvucnici-i-slusalice\/bluetooth-zvucnici\/marshall-kilburn-ii\/","title":{"rendered":"Marshall Kilburn II"},"content":{"rendered":"","protected":false},"excerpt":{"rendered":"<div class=\"gem-list gem-list-type-check-style-1 gem-list-color-14\">\n<ul>\n    <strong>Dimenzije i te\u017eina:<\/strong><\/p>\n<li>Dimenzije: 243 \u00d7 162 \u00d7 140 mm<\/li>\n<li>Te\u017eina: 2,5 kg<\/li>\n<p>    <strong>Audio karakteristike:<\/strong><\/p>\n<li>Frekventni opseg: 52 \u2013 20.000 Hz<\/li>\n<li>Poja\u010dalo: 1 \u00d7 20 W Class D za woofer, 2 \u00d7 8 W Class D za tweeter<\/li>\n<li>Maksimalni nivo zvu\u010dnog pritiska (SPL): 100,4 dB @ 1 m<\/li>\n<li>Stereo zvuk sa Bass Reflex sistemom<\/li>\n<p>    <strong>Povezivanje:<\/strong><\/p>\n<li>Bluetooth 5.0 aptX<\/li>\n<li>3.5 mm AUX ulaz<\/li>\n<p>    <strong>Battery:<\/strong><\/p>\n<li>Kapacitet: integrisana litijum-jonska<\/li>\n<li>Vrijeme reprodukcije: do 20 sati (na srednjem volumenu)<\/li>\n<li>Vrijeme punjenja: oko 2,5 sata za 100%<\/li>\n<li>Brzo punjenje: 20 minuta = do 3 sata reprodukcije<\/li>\n<p>    <strong>Dizajn i funkcije:<\/strong><\/p>\n<li>Ikoni\u010dni Marshall dizajn sa ru\u010dkom oblo\u017eenom ekolo\u0161kom ko\u017eom<\/li>\n<li>Otpornost na vodu: IPX2 (otporan na prskanje)<\/li>\n<li>Analogni potenciometri za glasno\u0107u, bas i visoke tonove<\/li>\n<li>Funkcija multi-host (povezivanje dva ure\u0111aja istovremeno)<\/li>\n<p>    <strong>Dostupne boje:<\/strong><\/p>\n<li>Black<\/li>\n<li>Gray<\/li>\n<\/ul>\n<\/div>","protected":false},"featured_media":31179,"comment_status":"closed","ping_status":"closed","template":"","meta":{"_themeisle_gutenberg_block_has_review":false},"product_brand":[],"product_cat":[318,316,288],"product_tag":[],"class_list":{"0":"post-31117","1":"product","2":"type-product","3":"status-publish","4":"has-post-thumbnail","6":"product_cat-bluetooth-zvucnici","7":"product_cat-zvucnici-i-slusalice","8":"product_cat-svi-proizvodi","10":"first","11":"instock","12":"purchasable","13":"product-type-simple","14":"add-to-wishlist-after_add_to_cart"},"_links":{"self":[{"href":"https:\/\/mobishop-posusje.com\/en\/wp-json\/wp\/v2\/product\/31117","targetHints":{"allow":["GET"]}}],"collection":[{"href":"https:\/\/mobishop-posusje.com\/en\/wp-json\/wp\/v2\/product"}],"about":[{"href":"https:\/\/mobishop-posusje.com\/en\/wp-json\/wp\/v2\/types\/product"}],"replies":[{"embeddable":true,"href":"https:\/\/mobishop-posusje.com\/en\/wp-json\/wp\/v2\/comments?post=31117"}],"version-history":[{"count":1,"href":"https:\/\/mobishop-posusje.com\/en\/wp-json\/wp\/v2\/product\/31117\/revisions"}],"predecessor-version":[{"id":31119,"href":"https:\/\/mobishop-posusje.com\/en\/wp-json\/wp\/v2\/product\/31117\/revisions\/31119"}],"wp:featuredmedia":[{"embeddable":true,"href":"https:\/\/mobishop-posusje.com\/en\/wp-json\/wp\/v2\/media\/31179"}],"wp:attachment":[{"href":"https:\/\/mobishop-posusje.com\/en\/wp-json\/wp\/v2\/media?parent=31117"}],"wp:term":[{"taxonomy":"product_brand","embeddable":true,"href":"https:\/\/mobishop-posusje.com\/en\/wp-json\/wp\/v2\/product_brand?post=31117"},{"taxonomy":"product_cat","embeddable":true,"href":"https:\/\/mobishop-posusje.com\/en\/wp-json\/wp\/v2\/product_cat?post=31117"},{"taxonomy":"product_tag","embeddable":true,"href":"https:\/\/mobishop-posusje.com\/en\/wp-json\/wp\/v2\/product_tag?post=31117"}],"curies":[{"name":"wp","href":"https:\/\/api.w.org\/{rel}","templated":true}]}}