{"id":31147,"date":"2025-09-23T09:40:12","date_gmt":"2025-09-23T09:40:12","guid":{"rendered":"https:\/\/mobishop-posusje.com\/?post_type=product&#038;p=31147"},"modified":"2026-02-22T12:14:40","modified_gmt":"2026-02-22T12:14:40","slug":"apple-iphone-17-pro-256-gb","status":"publish","type":"product","link":"https:\/\/mobishop-posusje.com\/en\/svi-proizvodi\/mobiteli-i-oprema\/apple\/apple-iphone-17-pro-256-gb\/","title":{"rendered":"Apple iPhone 17 Pro 256 GB"},"content":{"rendered":"","protected":false},"excerpt":{"rendered":"<div class=\"gem-list gem-list-type-check-style-1 gem-list-color-14\">\n<ul>\n    <strong>Dimenzije i te\u017eina:<\/strong><\/p>\n<li>Visina: 150,0 mm<\/li>\n<li>\u0160irina: 71,9 mm<\/li>\n<li>Dubina: 8,75 mm<\/li>\n<li>Te\u017eina: 206 g<\/li>\n<p>    <strong>Screen:<\/strong><\/p>\n<li>Type: Super Retina XDR OLED<\/li>\n<li>Veli\u010dina: 6,3 in\u010da (dijagonalno)<\/li>\n<li>Rezolucija: 2622 x 1206 piksela (~460 ppi)<\/li>\n<li>Refresh rate: adaptivni do 120 Hz<\/li>\n<li>Always-On displej, HDR, True Tone<\/li>\n<p>    <strong>Procesor i memorija:<\/strong><\/p>\n<li>\u010cip: Apple A19 Pro<\/li>\n<li>RAM: 12 GB<\/li>\n<li>Interna memorija: 256 GB<\/li>\n<p>    <strong>Camera:<\/strong><\/p>\n<li>Tri zadnje kamere, po 48 MP: glavna, ultra-\u0161iroka, telefoto (4\u00d7 opti\u010dki \/ 8\u00d7 opti\u010dki kvalitet zoom senzor) <\/li>\n<li>LiDAR skener<\/li>\n<li>Prednja kamera: 18 MP Center Stage<\/li>\n<li>Video: ProRes, ProRes RAW, Dolby Vision<\/li>\n<p>    <strong>Otpornost i materijali:<\/strong><\/p>\n<li>Ku\u0107i\u0161te: aluminijumski unibody<\/li>\n<li>Prednje i zadnje staklo: Ceramic Shield 2<\/li>\n<li>\u0160to se boja ti\u010de: Cosmic Orange, Deep Blue, Silver<\/li>\n<li>Otporan na vodu i pra\u0161inu: IP68 (do 6 metara dubine, do 30 minuta) <\/li>\n<p>    <strong>Baterija i punjenje:<\/strong><\/p>\n<li>Kapacitet: ~4 252 mAh<\/li>\n<li>Podr\u017eano brzo punjenje putem USB-C<\/li>\n<li>Podr\u017eano be\u017ei\u010dno punjenje: MagSafe i Qi2<\/li>\n<p>    <strong>Povezivost i ostale funkcije:<\/strong><\/p>\n<li>Podr\u0161ka za 5G<\/li>\n<li>Wi-Fi 7<\/li>\n<li>Bluetooth 6.0<\/li>\n<li>NFC<\/li>\n<li>Face ID<\/li>\n<li>iOS 26<\/li>\n<\/ul>\n<\/div>","protected":false},"featured_media":31175,"comment_status":"closed","ping_status":"closed","template":"","meta":{"_themeisle_gutenberg_block_has_review":false},"product_brand":[],"product_cat":[355,369,288],"product_tag":[],"class_list":{"0":"post-31147","1":"product","2":"type-product","3":"status-publish","4":"has-post-thumbnail","6":"product_cat-mobiteli-i-oprema","7":"product_cat-apple","8":"product_cat-svi-proizvodi","10":"first","11":"instock","12":"sale","13":"featured","14":"purchasable","15":"product-type-simple","16":"add-to-wishlist-after_add_to_cart"},"_links":{"self":[{"href":"https:\/\/mobishop-posusje.com\/en\/wp-json\/wp\/v2\/product\/31147","targetHints":{"allow":["GET"]}}],"collection":[{"href":"https:\/\/mobishop-posusje.com\/en\/wp-json\/wp\/v2\/product"}],"about":[{"href":"https:\/\/mobishop-posusje.com\/en\/wp-json\/wp\/v2\/types\/product"}],"replies":[{"embeddable":true,"href":"https:\/\/mobishop-posusje.com\/en\/wp-json\/wp\/v2\/comments?post=31147"}],"version-history":[{"count":2,"href":"https:\/\/mobishop-posusje.com\/en\/wp-json\/wp\/v2\/product\/31147\/revisions"}],"predecessor-version":[{"id":31157,"href":"https:\/\/mobishop-posusje.com\/en\/wp-json\/wp\/v2\/product\/31147\/revisions\/31157"}],"wp:featuredmedia":[{"embeddable":true,"href":"https:\/\/mobishop-posusje.com\/en\/wp-json\/wp\/v2\/media\/31175"}],"wp:attachment":[{"href":"https:\/\/mobishop-posusje.com\/en\/wp-json\/wp\/v2\/media?parent=31147"}],"wp:term":[{"taxonomy":"product_brand","embeddable":true,"href":"https:\/\/mobishop-posusje.com\/en\/wp-json\/wp\/v2\/product_brand?post=31147"},{"taxonomy":"product_cat","embeddable":true,"href":"https:\/\/mobishop-posusje.com\/en\/wp-json\/wp\/v2\/product_cat?post=31147"},{"taxonomy":"product_tag","embeddable":true,"href":"https:\/\/mobishop-posusje.com\/en\/wp-json\/wp\/v2\/product_tag?post=31147"}],"curies":[{"name":"wp","href":"https:\/\/api.w.org\/{rel}","templated":true}]}}