{"id":31230,"date":"2025-09-30T10:18:54","date_gmt":"2025-09-30T10:18:54","guid":{"rendered":"https:\/\/mobishop-posusje.com\/?post_type=product&#038;p=31230"},"modified":"2025-09-30T10:20:49","modified_gmt":"2025-09-30T10:20:49","slug":"lg-monitor-27mr400-b","status":"publish","type":"product","link":"https:\/\/mobishop-posusje.com\/en\/svi-proizvodi\/racunari\/monitori\/lg-monitor-27mr400-b\/","title":{"rendered":"LG monitor 27MR400-B"},"content":{"rendered":"","protected":false},"excerpt":{"rendered":"<div class=\"gem-list gem-list-type-check-style-1 gem-list-color-14\">\n<ul>\n    <strong>Tip ekrana i rezolucija:<\/strong><\/p>\n<li>Veli\u010dina: 27 in\u010da (68,6 cm)<\/li>\n<li>Panel: IPS<\/li>\n<li>Rezolucija: Full HD (1920 \u00d7 1080)<\/li>\n<li>Omjer stranica: 16:9<\/li>\n<p>    <strong>Brzina i osvje\u017eenje:<\/strong><\/p>\n<li>Osvje\u017eenje: 100 Hz<\/li>\n<li>Vrijeme odziva: 5 ms (GtG)<\/li>\n<p>    <strong>Svjetlina i kontrast:<\/strong><\/p>\n<li>Svjetlina (tipi\u010dna): 250 cd\/m\u00b2<\/li>\n<li>Kontrast: 1300:1 (statisti\u010dki)<\/li>\n<p>    <strong>Vidljivi ugao:<\/strong><\/p>\n<li>Horizontalan \/ vertikalan: 178\u00b0 \/ 178\u00b0<\/li>\n<p>    <strong>Funkcije i tehnologije:<\/strong><\/p>\n<li>AMD FreeSync<\/li>\n<li>3-sides Borderless dizajn<\/li>\n<li>Dynamic Action Sync &#038; Black Stabilizer<\/li>\n<li>Reader Mode &#038; Flicker Safe<\/li>\n<li>OnScreen Control softver podr\u0161ka<\/li>\n<p>    <strong>Ulazi i konektori:<\/strong><\/p>\n<li>1 \u00d7 HDMI<\/li>\n<li>1 \u00d7 D-Sub (VGA)<\/li>\n<p>    <strong>Ostalo:<\/strong><\/p>\n<li>Tip ku\u0107i\u0161ta: crni mat fini\u0161<\/li>\n<\/ul>\n<\/div>","protected":false},"featured_media":31231,"comment_status":"closed","ping_status":"closed","template":"","meta":{"_themeisle_gutenberg_block_has_review":false},"product_brand":[],"product_cat":[335,343,288],"product_tag":[],"class_list":{"0":"post-31230","1":"product","2":"type-product","3":"status-publish","4":"has-post-thumbnail","6":"product_cat-racunari","7":"product_cat-monitori","8":"product_cat-svi-proizvodi","10":"first","11":"instock","12":"purchasable","13":"product-type-simple","14":"add-to-wishlist-after_add_to_cart"},"_links":{"self":[{"href":"https:\/\/mobishop-posusje.com\/en\/wp-json\/wp\/v2\/product\/31230","targetHints":{"allow":["GET"]}}],"collection":[{"href":"https:\/\/mobishop-posusje.com\/en\/wp-json\/wp\/v2\/product"}],"about":[{"href":"https:\/\/mobishop-posusje.com\/en\/wp-json\/wp\/v2\/types\/product"}],"replies":[{"embeddable":true,"href":"https:\/\/mobishop-posusje.com\/en\/wp-json\/wp\/v2\/comments?post=31230"}],"version-history":[{"count":1,"href":"https:\/\/mobishop-posusje.com\/en\/wp-json\/wp\/v2\/product\/31230\/revisions"}],"predecessor-version":[{"id":31232,"href":"https:\/\/mobishop-posusje.com\/en\/wp-json\/wp\/v2\/product\/31230\/revisions\/31232"}],"wp:featuredmedia":[{"embeddable":true,"href":"https:\/\/mobishop-posusje.com\/en\/wp-json\/wp\/v2\/media\/31231"}],"wp:attachment":[{"href":"https:\/\/mobishop-posusje.com\/en\/wp-json\/wp\/v2\/media?parent=31230"}],"wp:term":[{"taxonomy":"product_brand","embeddable":true,"href":"https:\/\/mobishop-posusje.com\/en\/wp-json\/wp\/v2\/product_brand?post=31230"},{"taxonomy":"product_cat","embeddable":true,"href":"https:\/\/mobishop-posusje.com\/en\/wp-json\/wp\/v2\/product_cat?post=31230"},{"taxonomy":"product_tag","embeddable":true,"href":"https:\/\/mobishop-posusje.com\/en\/wp-json\/wp\/v2\/product_tag?post=31230"}],"curies":[{"name":"wp","href":"https:\/\/api.w.org\/{rel}","templated":true}]}}