{"id":31242,"date":"2025-09-30T10:33:55","date_gmt":"2025-09-30T10:33:55","guid":{"rendered":"https:\/\/mobishop-posusje.com\/?post_type=product&#038;p=31242"},"modified":"2025-09-30T10:41:27","modified_gmt":"2025-09-30T10:41:27","slug":"canyon-gaming-ego-gh-13-slusalice","status":"publish","type":"product","link":"https:\/\/mobishop-posusje.com\/en\/svi-proizvodi\/zvucnici-i-slusalice\/bluetooth-slusalice\/canyon-gaming-ego-gh-13-slusalice\/","title":{"rendered":"Canyon Gaming EGO GH-13 Slu\u0161alice"},"content":{"rendered":"","protected":false},"excerpt":{"rendered":"<div class=\"gem-list gem-list-type-check-style-1 gem-list-color-14\">\n<ul>\n    <strong>Tip:<\/strong><\/p>\n<li>Be\u017ei\u010dne i \u017ei\u010dane gaming slu\u0161alice<\/li>\n<p>    <strong>Na\u010din povezivanja:<\/strong><\/p>\n<li>Bluetooth<\/li>\n<li>2.4 GHz wireless<\/li>\n<li>\u017di\u010dano (3.5mm kabel)<\/li>\n<p>    <strong>Mikrofon:<\/strong><\/p>\n<li>Odvojivi mikrofon sa pop filterom<\/li>\n<p>    <strong>Dizajn:<\/strong><\/p>\n<li>Lagane (177 g) \u2013 udobne za duge sesije<\/li>\n<li>Moderan gaming dizajn<\/li>\n<p>    <strong>Kompatibilnost:<\/strong><\/p>\n<li>PC, PlayStation, Xbox, Nintendo Switch, Smartphone<\/li>\n<\/ul>\n<\/div>","protected":false},"featured_media":31243,"comment_status":"closed","ping_status":"closed","template":"","meta":{"_themeisle_gutenberg_block_has_review":false},"product_brand":[],"product_cat":[320,316,288],"product_tag":[],"class_list":{"0":"post-31242","1":"product","2":"type-product","3":"status-publish","4":"has-post-thumbnail","6":"product_cat-bluetooth-slusalice","7":"product_cat-zvucnici-i-slusalice","8":"product_cat-svi-proizvodi","10":"first","11":"instock","12":"purchasable","13":"product-type-simple","14":"add-to-wishlist-after_add_to_cart"},"_links":{"self":[{"href":"https:\/\/mobishop-posusje.com\/en\/wp-json\/wp\/v2\/product\/31242","targetHints":{"allow":["GET"]}}],"collection":[{"href":"https:\/\/mobishop-posusje.com\/en\/wp-json\/wp\/v2\/product"}],"about":[{"href":"https:\/\/mobishop-posusje.com\/en\/wp-json\/wp\/v2\/types\/product"}],"replies":[{"embeddable":true,"href":"https:\/\/mobishop-posusje.com\/en\/wp-json\/wp\/v2\/comments?post=31242"}],"version-history":[{"count":1,"href":"https:\/\/mobishop-posusje.com\/en\/wp-json\/wp\/v2\/product\/31242\/revisions"}],"predecessor-version":[{"id":31244,"href":"https:\/\/mobishop-posusje.com\/en\/wp-json\/wp\/v2\/product\/31242\/revisions\/31244"}],"wp:featuredmedia":[{"embeddable":true,"href":"https:\/\/mobishop-posusje.com\/en\/wp-json\/wp\/v2\/media\/31243"}],"wp:attachment":[{"href":"https:\/\/mobishop-posusje.com\/en\/wp-json\/wp\/v2\/media?parent=31242"}],"wp:term":[{"taxonomy":"product_brand","embeddable":true,"href":"https:\/\/mobishop-posusje.com\/en\/wp-json\/wp\/v2\/product_brand?post=31242"},{"taxonomy":"product_cat","embeddable":true,"href":"https:\/\/mobishop-posusje.com\/en\/wp-json\/wp\/v2\/product_cat?post=31242"},{"taxonomy":"product_tag","embeddable":true,"href":"https:\/\/mobishop-posusje.com\/en\/wp-json\/wp\/v2\/product_tag?post=31242"}],"curies":[{"name":"wp","href":"https:\/\/api.w.org\/{rel}","templated":true}]}}