{"id":31252,"date":"2025-09-30T11:25:56","date_gmt":"2025-09-30T11:25:56","guid":{"rendered":"https:\/\/mobishop-posusje.com\/?post_type=product&#038;p=31252"},"modified":"2025-09-30T11:30:18","modified_gmt":"2025-09-30T11:30:18","slug":"xo-be35-slusalice","status":"publish","type":"product","link":"https:\/\/mobishop-posusje.com\/en\/svi-proizvodi\/zvucnici-i-slusalice\/bluetooth-slusalice\/xo-be35-slusalice\/","title":{"rendered":"XO BE35 Slu\u0161alice"},"content":{"rendered":"","protected":false},"excerpt":{"rendered":"<div class=\"gem-list gem-list-type-check-style-1 gem-list-color-14\">\n<ul>\n    <strong>Povezivanje:<\/strong><\/p>\n<li>Bluetooth 5.2<\/li>\n<li>3.5 mm AUX (\u017ei\u010dna konekcija)<\/li>\n<p>    <strong>Dizajn:<\/strong><\/p>\n<li>Sklopivi dizajn \u2013 lako za no\u0161enje<\/li>\n<li>Over-ear, udobni jastu\u010di\u0107i<\/li>\n<li>Crveno-crna kombinacija boja<\/li>\n<p>    <strong>Funkcije:<\/strong><\/p>\n<li>Be\u017ei\u010dni i \u017ei\u010dni rad<\/li>\n<li>Ugra\u0111eni kontrolni tasteri<\/li>\n<li>Ugra\u0111en mikrofon za pozive<\/li>\n<p>    <strong>Kompatibilnost:<\/strong><\/p>\n<li>Windows \/ macOS<\/li>\n<li>Mobilni ure\u0111aji, tableti i laptopovi<\/li>\n<\/ul>\n<\/div>","protected":false},"featured_media":31253,"comment_status":"closed","ping_status":"closed","template":"","meta":{"_themeisle_gutenberg_block_has_review":false},"product_brand":[],"product_cat":[320,316,288],"product_tag":[],"class_list":{"0":"post-31252","1":"product","2":"type-product","3":"status-publish","4":"has-post-thumbnail","6":"product_cat-bluetooth-slusalice","7":"product_cat-zvucnici-i-slusalice","8":"product_cat-svi-proizvodi","10":"first","11":"instock","12":"purchasable","13":"product-type-simple","14":"add-to-wishlist-after_add_to_cart"},"_links":{"self":[{"href":"https:\/\/mobishop-posusje.com\/en\/wp-json\/wp\/v2\/product\/31252","targetHints":{"allow":["GET"]}}],"collection":[{"href":"https:\/\/mobishop-posusje.com\/en\/wp-json\/wp\/v2\/product"}],"about":[{"href":"https:\/\/mobishop-posusje.com\/en\/wp-json\/wp\/v2\/types\/product"}],"replies":[{"embeddable":true,"href":"https:\/\/mobishop-posusje.com\/en\/wp-json\/wp\/v2\/comments?post=31252"}],"version-history":[{"count":1,"href":"https:\/\/mobishop-posusje.com\/en\/wp-json\/wp\/v2\/product\/31252\/revisions"}],"predecessor-version":[{"id":31254,"href":"https:\/\/mobishop-posusje.com\/en\/wp-json\/wp\/v2\/product\/31252\/revisions\/31254"}],"wp:featuredmedia":[{"embeddable":true,"href":"https:\/\/mobishop-posusje.com\/en\/wp-json\/wp\/v2\/media\/31253"}],"wp:attachment":[{"href":"https:\/\/mobishop-posusje.com\/en\/wp-json\/wp\/v2\/media?parent=31252"}],"wp:term":[{"taxonomy":"product_brand","embeddable":true,"href":"https:\/\/mobishop-posusje.com\/en\/wp-json\/wp\/v2\/product_brand?post=31252"},{"taxonomy":"product_cat","embeddable":true,"href":"https:\/\/mobishop-posusje.com\/en\/wp-json\/wp\/v2\/product_cat?post=31252"},{"taxonomy":"product_tag","embeddable":true,"href":"https:\/\/mobishop-posusje.com\/en\/wp-json\/wp\/v2\/product_tag?post=31252"}],"curies":[{"name":"wp","href":"https:\/\/api.w.org\/{rel}","templated":true}]}}