{"id":31293,"date":"2025-10-07T12:15:19","date_gmt":"2025-10-07T12:15:19","guid":{"rendered":"https:\/\/mobishop-posusje.com\/?post_type=product&#038;p=31293"},"modified":"2025-10-07T12:19:54","modified_gmt":"2025-10-07T12:19:54","slug":"bluetooth-audio-receiver-lv-b09","status":"publish","type":"product","link":"https:\/\/mobishop-posusje.com\/en\/svi-proizvodi\/racunari\/ostala-oprema\/bluetooth-audio-receiver-lv-b09\/","title":{"rendered":"Bluetooth Audio Receiver LV-B09"},"content":{"rendered":"","protected":false},"excerpt":{"rendered":"<div class=\"gem-list gem-list-type-check-style-1 gem-list-color-14\">\n<ul>\n    <strong>Povezivanje:<\/strong><\/p>\n<li>Bluetooth verzija: 5.0<\/li>\n<li>Domet signala: do 10 m<\/li>\n<li>3.5 mm AUX izlaz<\/li>\n<p>    <strong>Funkcije:<\/strong><\/p>\n<li>Podr\u0161ka za be\u017ei\u010dni hands-free pozive<\/li>\n<li>Upravlja\u010dke tipke za ja\u010dinu zvuka i promjenu pjesama<\/li>\n<li>Kompatibilan sa svim Bluetooth ure\u0111ajima<\/li>\n<p>    <strong>Battery:<\/strong><\/p>\n<li>Vrijeme rada: do 8 sati<\/li>\n<li>Vrijeme punjenja: oko 2 sata<\/li>\n<li>Punjenje preko micro USB kabla<\/li>\n<p>    <strong>Dizajn:<\/strong><\/p>\n<li>Kompaktan i lagan \u2013 idealan za automobil ili ku\u0107ni audio sistem<\/li>\n<li>Ugra\u0111eni mikrofon za pozive<\/li>\n<p>    <strong>Boja:<\/strong><\/p>\n<li>Crna<\/li>\n<\/ul>\n<\/div>","protected":false},"featured_media":31294,"comment_status":"closed","ping_status":"closed","template":"","meta":{"_themeisle_gutenberg_block_has_review":false},"product_brand":[],"product_cat":[355,335,336,356,288],"product_tag":[],"class_list":{"0":"post-31293","1":"product","2":"type-product","3":"status-publish","4":"has-post-thumbnail","6":"product_cat-mobiteli-i-oprema","7":"product_cat-racunari","8":"product_cat-ostala-oprema","9":"product_cat-dodatna-oprema-mobiteli-i-oprema","10":"product_cat-svi-proizvodi","12":"first","13":"instock","14":"purchasable","15":"product-type-simple","16":"add-to-wishlist-after_add_to_cart"},"_links":{"self":[{"href":"https:\/\/mobishop-posusje.com\/en\/wp-json\/wp\/v2\/product\/31293","targetHints":{"allow":["GET"]}}],"collection":[{"href":"https:\/\/mobishop-posusje.com\/en\/wp-json\/wp\/v2\/product"}],"about":[{"href":"https:\/\/mobishop-posusje.com\/en\/wp-json\/wp\/v2\/types\/product"}],"replies":[{"embeddable":true,"href":"https:\/\/mobishop-posusje.com\/en\/wp-json\/wp\/v2\/comments?post=31293"}],"version-history":[{"count":1,"href":"https:\/\/mobishop-posusje.com\/en\/wp-json\/wp\/v2\/product\/31293\/revisions"}],"predecessor-version":[{"id":31295,"href":"https:\/\/mobishop-posusje.com\/en\/wp-json\/wp\/v2\/product\/31293\/revisions\/31295"}],"wp:featuredmedia":[{"embeddable":true,"href":"https:\/\/mobishop-posusje.com\/en\/wp-json\/wp\/v2\/media\/31294"}],"wp:attachment":[{"href":"https:\/\/mobishop-posusje.com\/en\/wp-json\/wp\/v2\/media?parent=31293"}],"wp:term":[{"taxonomy":"product_brand","embeddable":true,"href":"https:\/\/mobishop-posusje.com\/en\/wp-json\/wp\/v2\/product_brand?post=31293"},{"taxonomy":"product_cat","embeddable":true,"href":"https:\/\/mobishop-posusje.com\/en\/wp-json\/wp\/v2\/product_cat?post=31293"},{"taxonomy":"product_tag","embeddable":true,"href":"https:\/\/mobishop-posusje.com\/en\/wp-json\/wp\/v2\/product_tag?post=31293"}],"curies":[{"name":"wp","href":"https:\/\/api.w.org\/{rel}","templated":true}]}}