{"id":31338,"date":"2025-10-09T09:30:22","date_gmt":"2025-10-09T09:30:22","guid":{"rendered":"https:\/\/mobishop-posusje.com\/?post_type=product&#038;p=31338"},"modified":"2025-10-09T09:32:14","modified_gmt":"2025-10-09T09:32:14","slug":"xiaomi-smart-plug-2","status":"publish","type":"product","link":"https:\/\/mobishop-posusje.com\/en\/svi-proizvodi\/racunari\/ostala-oprema\/xiaomi-smart-plug-2\/","title":{"rendered":"Xiaomi Smart Plug 2"},"content":{"rendered":"","protected":false},"excerpt":{"rendered":"<div class=\"gem-list gem-list-type-check-style-1 gem-list-color-14\">\n<ul>\n    <strong>Tip ure\u0111aja:<\/strong><\/p>\n<li>Pametna Wi-Fi uti\u010dnica (Smart Plug)<\/li>\n<p>    <strong>Povezivanje:<\/strong><\/p>\n<li>Wi-Fi 2.4 GHz (IEEE 802.11 b\/g\/n)<\/li>\n<li>Kontrola putem aplikacije Mi Home \/ Xiaomi Home<\/li>\n<p>    <strong>Kompatibilnost:<\/strong><\/p>\n<li>Radi sa Google Home i Amazon Alexa asistentima<\/li>\n<li>Podr\u017eava glasovne komande<\/li>\n<p>    <strong>Funkcije:<\/strong><\/p>\n<li>Daljinsko uklju\u010divanje i isklju\u010divanje ure\u0111aja<\/li>\n<li>Postavljanje rasporeda i tajmera<\/li>\n<li>Pra\u0107enje potro\u0161nje elektri\u010dne energije u realnom vremenu<\/li>\n<li>Sigurnosna za\u0161tita od preoptere\u0107enja<\/li>\n<p>    <strong>Specifikacije:<\/strong><\/p>\n<li>Maksimalna snaga: 3680 W<\/li>\n<li>Maksimalna struja: 16 A<\/li>\n<li>Napon: 230 V ~ 50\/60 Hz<\/li>\n<p>    <strong>Dizajn:<\/strong><\/p>\n<li>Kompaktan i minimalisti\u010dki dizajn<\/li>\n<li>LED indikator statusa<\/li>\n<li>Boja: Bijela<\/li>\n<p>    <strong>Dimenzije:<\/strong><\/p>\n<li>60 \u00d7 60 \u00d7 58 mm<\/li>\n<p>    <strong>Kompatibilni sistemi:<\/strong><\/p>\n<li>Android \/ iOS<\/li>\n<\/ul>\n<\/div>","protected":false},"featured_media":31339,"comment_status":"closed","ping_status":"closed","template":"","meta":{"_themeisle_gutenberg_block_has_review":false},"product_brand":[],"product_cat":[355,335,336,356,288],"product_tag":[],"class_list":{"0":"post-31338","1":"product","2":"type-product","3":"status-publish","4":"has-post-thumbnail","6":"product_cat-mobiteli-i-oprema","7":"product_cat-racunari","8":"product_cat-ostala-oprema","9":"product_cat-dodatna-oprema-mobiteli-i-oprema","10":"product_cat-svi-proizvodi","12":"first","13":"instock","14":"purchasable","15":"product-type-simple","16":"add-to-wishlist-after_add_to_cart"},"_links":{"self":[{"href":"https:\/\/mobishop-posusje.com\/en\/wp-json\/wp\/v2\/product\/31338","targetHints":{"allow":["GET"]}}],"collection":[{"href":"https:\/\/mobishop-posusje.com\/en\/wp-json\/wp\/v2\/product"}],"about":[{"href":"https:\/\/mobishop-posusje.com\/en\/wp-json\/wp\/v2\/types\/product"}],"replies":[{"embeddable":true,"href":"https:\/\/mobishop-posusje.com\/en\/wp-json\/wp\/v2\/comments?post=31338"}],"version-history":[{"count":1,"href":"https:\/\/mobishop-posusje.com\/en\/wp-json\/wp\/v2\/product\/31338\/revisions"}],"predecessor-version":[{"id":31340,"href":"https:\/\/mobishop-posusje.com\/en\/wp-json\/wp\/v2\/product\/31338\/revisions\/31340"}],"wp:featuredmedia":[{"embeddable":true,"href":"https:\/\/mobishop-posusje.com\/en\/wp-json\/wp\/v2\/media\/31339"}],"wp:attachment":[{"href":"https:\/\/mobishop-posusje.com\/en\/wp-json\/wp\/v2\/media?parent=31338"}],"wp:term":[{"taxonomy":"product_brand","embeddable":true,"href":"https:\/\/mobishop-posusje.com\/en\/wp-json\/wp\/v2\/product_brand?post=31338"},{"taxonomy":"product_cat","embeddable":true,"href":"https:\/\/mobishop-posusje.com\/en\/wp-json\/wp\/v2\/product_cat?post=31338"},{"taxonomy":"product_tag","embeddable":true,"href":"https:\/\/mobishop-posusje.com\/en\/wp-json\/wp\/v2\/product_tag?post=31338"}],"curies":[{"name":"wp","href":"https:\/\/api.w.org\/{rel}","templated":true}]}}