{"id":31401,"date":"2025-10-27T19:27:30","date_gmt":"2025-10-27T19:27:30","guid":{"rendered":"https:\/\/mobishop-posusje.com\/?post_type=product&#038;p=31401"},"modified":"2025-10-27T19:30:13","modified_gmt":"2025-10-27T19:30:13","slug":"samsung-65w-pd-power-adapter-trio-usb-c-x2-usb-a","status":"publish","type":"product","link":"https:\/\/mobishop-posusje.com\/en\/svi-proizvodi\/mobiteli-i-oprema\/punjaci\/punjaci-za-telefone-i-kablovi\/samsung-65w-pd-power-adapter-trio-usb-c-x2-usb-a\/","title":{"rendered":"Samsung 65W PD Power Adapter Trio (USB-C x2, USB-A)"},"content":{"rendered":"","protected":false},"excerpt":{"rendered":"<div class=\"gem-list gem-list-type-check-style-1 gem-list-color-14\">\n<ul>\n    <strong>Model:<\/strong><\/p>\n<li>Samsung 65W PD Power Adapter Trio<\/li>\n<p>    <strong>Vrsta:<\/strong><\/p>\n<li>Brzi zidni punja\u010d (Super Fast Charging)<\/li>\n<p>    <strong>Izlazi:<\/strong><\/p>\n<li>2 \u00d7 USB-C porta<\/li>\n<li>1 \u00d7 USB-A port<\/li>\n<p>    <strong>Snaga punjenja:<\/strong><\/p>\n<li>Ukupna snaga: 65 W<\/li>\n<li>USB-C 1: do 65 W (PD 3.0)<\/li>\n<li>USB-C 2: do 25 W<\/li>\n<li>USB-A: do 15 W<\/li>\n<p>    <strong>Tehnologije:<\/strong><\/p>\n<li>Super Fast Charging 2.0<\/li>\n<li>Power Delivery (PD) i PPS podr\u0161ka<\/li>\n<li>Adaptive Fast Charging (AFC)<\/li>\n<p>    <strong>Kompatibilnost:<\/strong><\/p>\n<li>Telefoni, tableti, laptopi, slu\u0161alice i pametni satovi<\/li>\n<li>Podr\u017eava punjenje vi\u0161e ure\u0111aja istovremeno<\/li>\n<p>    <strong>Ulaz:<\/strong><\/p>\n<li>100\u2013240 V ~ 50\/60 Hz<\/li>\n<p>    <strong>Boja:<\/strong><\/p>\n<li>Crna (Black)<\/li>\n<p>    <strong>Dodatne karakteristike:<\/strong><\/p>\n<li>Za\u0161tita od pregrevanja, prenapona i kratkog spoja<\/li>\n<li>Kompaktan dizajn za jednostavno putovanje<\/li>\n<\/ul>\n<\/div>","protected":false},"featured_media":31402,"comment_status":"closed","ping_status":"closed","template":"","meta":{"_themeisle_gutenberg_block_has_review":false},"product_brand":[],"product_cat":[355,359,358,288],"product_tag":[],"class_list":{"0":"post-31401","1":"product","2":"type-product","3":"status-publish","4":"has-post-thumbnail","6":"product_cat-mobiteli-i-oprema","7":"product_cat-punjaci-za-telefone-i-kablovi","8":"product_cat-punjaci","9":"product_cat-svi-proizvodi","11":"first","12":"instock","13":"purchasable","14":"product-type-simple","15":"add-to-wishlist-after_add_to_cart"},"_links":{"self":[{"href":"https:\/\/mobishop-posusje.com\/en\/wp-json\/wp\/v2\/product\/31401","targetHints":{"allow":["GET"]}}],"collection":[{"href":"https:\/\/mobishop-posusje.com\/en\/wp-json\/wp\/v2\/product"}],"about":[{"href":"https:\/\/mobishop-posusje.com\/en\/wp-json\/wp\/v2\/types\/product"}],"replies":[{"embeddable":true,"href":"https:\/\/mobishop-posusje.com\/en\/wp-json\/wp\/v2\/comments?post=31401"}],"version-history":[{"count":1,"href":"https:\/\/mobishop-posusje.com\/en\/wp-json\/wp\/v2\/product\/31401\/revisions"}],"predecessor-version":[{"id":31403,"href":"https:\/\/mobishop-posusje.com\/en\/wp-json\/wp\/v2\/product\/31401\/revisions\/31403"}],"wp:featuredmedia":[{"embeddable":true,"href":"https:\/\/mobishop-posusje.com\/en\/wp-json\/wp\/v2\/media\/31402"}],"wp:attachment":[{"href":"https:\/\/mobishop-posusje.com\/en\/wp-json\/wp\/v2\/media?parent=31401"}],"wp:term":[{"taxonomy":"product_brand","embeddable":true,"href":"https:\/\/mobishop-posusje.com\/en\/wp-json\/wp\/v2\/product_brand?post=31401"},{"taxonomy":"product_cat","embeddable":true,"href":"https:\/\/mobishop-posusje.com\/en\/wp-json\/wp\/v2\/product_cat?post=31401"},{"taxonomy":"product_tag","embeddable":true,"href":"https:\/\/mobishop-posusje.com\/en\/wp-json\/wp\/v2\/product_tag?post=31401"}],"curies":[{"name":"wp","href":"https:\/\/api.w.org\/{rel}","templated":true}]}}