{"id":31432,"date":"2025-10-27T19:59:04","date_gmt":"2025-10-27T19:59:04","guid":{"rendered":"https:\/\/mobishop-posusje.com\/?post_type=product&#038;p=31432"},"modified":"2025-10-27T20:00:40","modified_gmt":"2025-10-27T20:00:40","slug":"digicell-ariya-dual-port-charger-38w-usb-c-kabl","status":"publish","type":"product","link":"https:\/\/mobishop-posusje.com\/en\/svi-proizvodi\/mobiteli-i-oprema\/punjaci\/punjaci-za-telefone-i-kablovi\/digicell-ariya-dual-port-charger-38w-usb-c-kabl\/","title":{"rendered":"Digicell Ariya Dual Port Charger 38W (USB-C kabl)"},"content":{"rendered":"","protected":false},"excerpt":{"rendered":"<div class=\"gem-list gem-list-type-check-style-1 gem-list-color-14\">\n<ul>\n    <strong>Model:<\/strong><\/p>\n<li>Digicell Ariya Dual Port Fast Charger 38W (USB-C kabel)<\/li>\n<p>    <strong>Vrsta:<\/strong><\/p>\n<li>Brzi zidni punja\u010d sa dva izlaza (USB-A i USB-C)<\/li>\n<p>    <strong>Izlazi:<\/strong><\/p>\n<li>1 \u00d7 USB-A port (QC3.0)<\/li>\n<li>1 \u00d7 USB-C port (PD 20W)<\/li>\n<p>    <strong>Snaga punjenja:<\/strong><\/p>\n<li>Ukupna snaga: 38 W<\/li>\n<li>USB-C PD: do 20 W<\/li>\n<li>USB-A QC3.0: do 18 W<\/li>\n<p>    <strong>Tehnologije punjenja:<\/strong><\/p>\n<li>Power Delivery (PD)<\/li>\n<li>Quick Charge 3.0 (QC3.0)<\/li>\n<li>Smart IC za automatsku raspodjelu snage<\/li>\n<p>    <strong>Kompatibilnost:<\/strong><\/p>\n<li>Podr\u017eava punjenje svih ure\u0111aja sa USB-C i USB-A priklju\u010dkom<\/li>\n<li>Idealno za telefone, tablete, pametne satove i slu\u0161alice<\/li>\n<p>    <strong>Ulazni napon:<\/strong><\/p>\n<li>100\u2013240 V ~ 50\/60 Hz<\/li>\n<p>    <strong>Dodatne karakteristike:<\/strong><\/p>\n<li>Istovremeno punjenje dva ure\u0111aja<\/li>\n<li>Ugra\u0111ena za\u0161tita od pregrijavanja, prenapona i kratkog spoja<\/li>\n<li>Kompaktan dizajn i LED indikator rada<\/li>\n<li>U paketu dolazi USB-C kabl du\u017eine 1m<\/li>\n<\/ul>\n<\/div>","protected":false},"featured_media":31433,"comment_status":"closed","ping_status":"closed","template":"","meta":{"_themeisle_gutenberg_block_has_review":false},"product_brand":[],"product_cat":[355,359,358,288],"product_tag":[],"class_list":{"0":"post-31432","1":"product","2":"type-product","3":"status-publish","4":"has-post-thumbnail","6":"product_cat-mobiteli-i-oprema","7":"product_cat-punjaci-za-telefone-i-kablovi","8":"product_cat-punjaci","9":"product_cat-svi-proizvodi","11":"first","12":"instock","13":"purchasable","14":"product-type-simple","15":"add-to-wishlist-after_add_to_cart"},"_links":{"self":[{"href":"https:\/\/mobishop-posusje.com\/en\/wp-json\/wp\/v2\/product\/31432","targetHints":{"allow":["GET"]}}],"collection":[{"href":"https:\/\/mobishop-posusje.com\/en\/wp-json\/wp\/v2\/product"}],"about":[{"href":"https:\/\/mobishop-posusje.com\/en\/wp-json\/wp\/v2\/types\/product"}],"replies":[{"embeddable":true,"href":"https:\/\/mobishop-posusje.com\/en\/wp-json\/wp\/v2\/comments?post=31432"}],"version-history":[{"count":1,"href":"https:\/\/mobishop-posusje.com\/en\/wp-json\/wp\/v2\/product\/31432\/revisions"}],"predecessor-version":[{"id":31434,"href":"https:\/\/mobishop-posusje.com\/en\/wp-json\/wp\/v2\/product\/31432\/revisions\/31434"}],"wp:featuredmedia":[{"embeddable":true,"href":"https:\/\/mobishop-posusje.com\/en\/wp-json\/wp\/v2\/media\/31433"}],"wp:attachment":[{"href":"https:\/\/mobishop-posusje.com\/en\/wp-json\/wp\/v2\/media?parent=31432"}],"wp:term":[{"taxonomy":"product_brand","embeddable":true,"href":"https:\/\/mobishop-posusje.com\/en\/wp-json\/wp\/v2\/product_brand?post=31432"},{"taxonomy":"product_cat","embeddable":true,"href":"https:\/\/mobishop-posusje.com\/en\/wp-json\/wp\/v2\/product_cat?post=31432"},{"taxonomy":"product_tag","embeddable":true,"href":"https:\/\/mobishop-posusje.com\/en\/wp-json\/wp\/v2\/product_tag?post=31432"}],"curies":[{"name":"wp","href":"https:\/\/api.w.org\/{rel}","templated":true}]}}