{"id":31438,"date":"2025-10-27T20:07:10","date_gmt":"2025-10-27T20:07:10","guid":{"rendered":"https:\/\/mobishop-posusje.com\/?post_type=product&#038;p=31438"},"modified":"2025-10-27T20:18:08","modified_gmt":"2025-10-27T20:18:08","slug":"digicell-dc25-car-charger-wireless-fm-transmitter-25w","status":"publish","type":"product","link":"https:\/\/mobishop-posusje.com\/en\/svi-proizvodi\/mobiteli-i-oprema\/punjaci\/auto-punjaci-za-telefone\/digicell-dc25-car-charger-wireless-fm-transmitter-25w\/","title":{"rendered":"Digicell DC25 Car Charger Wireless FM Transmitter (25W)"},"content":{"rendered":"","protected":false},"excerpt":{"rendered":"<div class=\"gem-list gem-list-type-check-style-1 gem-list-color-14\">\n<ul>\n    <strong>Model:<\/strong><\/p>\n<li>Digicell DC25 Car Charger Wireless FM Transmitter (25W)<\/li>\n<p>    <strong>Vrsta:<\/strong><\/p>\n<li>Be\u017ei\u010dni FM transmiter i auto punja\u010d sa vi\u0161e funkcija<\/li>\n<p>    <strong>Izlazi:<\/strong><\/p>\n<li>1 \u00d7 USB-A port (QC3.0, 3.1A)<\/li>\n<li>1 \u00d7 USB-A port (standardno punjenje)<\/li>\n<li>1 \u00d7 USB-C PD port<\/li>\n<p>    <strong>Snaga punjenja:<\/strong><\/p>\n<li>Ukupna snaga: 25 W<\/li>\n<li>Podr\u0161ka za Power Delivery (PD) brzo punjenje<\/li>\n<li>USB-A QC3.0: do 18 W<\/li>\n<p>    <strong>Tehnologije punjenja:<\/strong><\/p>\n<li>Power Delivery (PD)<\/li>\n<li>Quick Charge 3.0 (QC3.0)<\/li>\n<li>Smart ID tehnologija za automatsku detekciju ure\u0111aja<\/li>\n<p>    <strong>FM funkcije:<\/strong><\/p>\n<li>Be\u017ei\u010dni FM transmiter za reprodukciju muzike preko radija<\/li>\n<li>Bluetooth povezivanje sa telefonom<\/li>\n<li>Ugra\u0111en mikrofon za hands-free pozive<\/li>\n<li>Podr\u017eava USB, TF karticu i AUX ulaz<\/li>\n<p>    <strong>Dodatne karakteristike:<\/strong><\/p>\n<li>LED osvjetljenje u 7 boja<\/li>\n<li>LED ekran za prikaz frekvencije i napona<\/li>\n<li>Dugme za kontrolu glasno\u0107e i javljanje na pozive<\/li>\n<li>Ugra\u0111ena za\u0161tita od prenapona, pregrijavanja i kratkog spoja<\/li>\n<p>    <strong>Ulazni napon:<\/strong><\/p>\n<li>DC 12\u201324 V (pogodno za automobile i kamione)<\/li>\n<p>    <strong>Kompatibilnost:<\/strong><\/p>\n<li>Svi telefoni i ure\u0111aji koji podr\u017eavaju Bluetooth vezu i USB punjenje<\/li>\n<\/ul>\n<\/div>","protected":false},"featured_media":31443,"comment_status":"closed","ping_status":"closed","template":"","meta":{"_themeisle_gutenberg_block_has_review":false},"product_brand":[],"product_cat":[355,360,358,288],"product_tag":[],"class_list":{"0":"post-31438","1":"product","2":"type-product","3":"status-publish","4":"has-post-thumbnail","6":"product_cat-mobiteli-i-oprema","7":"product_cat-auto-punjaci-za-telefone","8":"product_cat-punjaci","9":"product_cat-svi-proizvodi","11":"first","12":"instock","13":"purchasable","14":"product-type-simple","15":"add-to-wishlist-after_add_to_cart"},"_links":{"self":[{"href":"https:\/\/mobishop-posusje.com\/en\/wp-json\/wp\/v2\/product\/31438","targetHints":{"allow":["GET"]}}],"collection":[{"href":"https:\/\/mobishop-posusje.com\/en\/wp-json\/wp\/v2\/product"}],"about":[{"href":"https:\/\/mobishop-posusje.com\/en\/wp-json\/wp\/v2\/types\/product"}],"replies":[{"embeddable":true,"href":"https:\/\/mobishop-posusje.com\/en\/wp-json\/wp\/v2\/comments?post=31438"}],"version-history":[{"count":1,"href":"https:\/\/mobishop-posusje.com\/en\/wp-json\/wp\/v2\/product\/31438\/revisions"}],"predecessor-version":[{"id":31444,"href":"https:\/\/mobishop-posusje.com\/en\/wp-json\/wp\/v2\/product\/31438\/revisions\/31444"}],"wp:featuredmedia":[{"embeddable":true,"href":"https:\/\/mobishop-posusje.com\/en\/wp-json\/wp\/v2\/media\/31443"}],"wp:attachment":[{"href":"https:\/\/mobishop-posusje.com\/en\/wp-json\/wp\/v2\/media?parent=31438"}],"wp:term":[{"taxonomy":"product_brand","embeddable":true,"href":"https:\/\/mobishop-posusje.com\/en\/wp-json\/wp\/v2\/product_brand?post=31438"},{"taxonomy":"product_cat","embeddable":true,"href":"https:\/\/mobishop-posusje.com\/en\/wp-json\/wp\/v2\/product_cat?post=31438"},{"taxonomy":"product_tag","embeddable":true,"href":"https:\/\/mobishop-posusje.com\/en\/wp-json\/wp\/v2\/product_tag?post=31438"}],"curies":[{"name":"wp","href":"https:\/\/api.w.org\/{rel}","templated":true}]}}