{"id":31440,"date":"2025-10-27T20:11:01","date_gmt":"2025-10-27T20:11:01","guid":{"rendered":"https:\/\/mobishop-posusje.com\/?post_type=product&#038;p=31440"},"modified":"2025-10-27T20:13:37","modified_gmt":"2025-10-27T20:13:37","slug":"inkax-ca-25-auto-punjac-78w-dual-pd-qc3-0","status":"publish","type":"product","link":"https:\/\/mobishop-posusje.com\/en\/svi-proizvodi\/mobiteli-i-oprema\/punjaci\/auto-punjaci-za-telefone\/inkax-ca-25-auto-punjac-78w-dual-pd-qc3-0\/","title":{"rendered":"Inkax CA-25 Auto Punja\u010d 78W (Dual PD &#038; QC3.0)"},"content":{"rendered":"","protected":false},"excerpt":{"rendered":"<div class=\"gem-list gem-list-type-check-style-1 gem-list-color-14\">\n<ul>\n    <strong>Model:<\/strong><\/p>\n<li>Inkax CA-25 Dual PD &#038; QC3.0 Fast Car Charger 78W<\/li>\n<p>    <strong>Vrsta:<\/strong><\/p>\n<li>Brzi auto punja\u010d sa tri izlaza (2 \u00d7 USB-C + 1 \u00d7 USB-A)<\/li>\n<p>    <strong>Izlazi:<\/strong><\/p>\n<li>2 \u00d7 USB-C port (PD podr\u0161ka)<\/li>\n<li>1 \u00d7 USB-A port (QC3.0 podr\u0161ka)<\/li>\n<p>    <strong>Snaga punjenja:<\/strong><\/p>\n<li>Ukupna snaga: 78 W<\/li>\n<li>USB-C PD1: do 45 W<\/li>\n<li>USB-C PD2: do 30 W<\/li>\n<li>USB-A QC3.0: do 18 W<\/li>\n<p>    <strong>Tehnologije punjenja:<\/strong><\/p>\n<li>Power Delivery (PD)<\/li>\n<li>Quick Charge 3.0 (QC3.0)<\/li>\n<li>PPS, FCP, AFC i SCP podr\u0161ka<\/li>\n<li>Intelligent Control Chip za stabilno i sigurno punjenje<\/li>\n<p>    <strong>Kompatibilnost:<\/strong><\/p>\n<li>Telefoni, tableti, laptopovi i drugi USB ure\u0111aji<\/li>\n<li>Podr\u017eava istovremeno punjenje do tri ure\u0111aja<\/li>\n<p>    <strong>Ulazni napon:<\/strong><\/p>\n<li>DC 12\u201324 V (pogodno za automobile i kamione)<\/li>\n<p>    <strong>Dodatne karakteristike:<\/strong><\/p>\n<li>Automatska detekcija ure\u0111aja i raspodjela snage<\/li>\n<li>Ugra\u0111ena za\u0161tita od pregrijavanja, prenapona i kratkog spoja<\/li>\n<li>LED indikator napajanja<\/li>\n<li>Moderan i kompaktan dizajn sa aluminijskim ku\u0107i\u0161tem<\/li>\n<\/ul>\n<\/div>","protected":false},"featured_media":31441,"comment_status":"closed","ping_status":"closed","template":"","meta":{"_themeisle_gutenberg_block_has_review":false},"product_brand":[],"product_cat":[355,360,358,288],"product_tag":[],"class_list":{"0":"post-31440","1":"product","2":"type-product","3":"status-publish","4":"has-post-thumbnail","6":"product_cat-mobiteli-i-oprema","7":"product_cat-auto-punjaci-za-telefone","8":"product_cat-punjaci","9":"product_cat-svi-proizvodi","11":"first","12":"instock","13":"purchasable","14":"product-type-simple","15":"add-to-wishlist-after_add_to_cart"},"_links":{"self":[{"href":"https:\/\/mobishop-posusje.com\/en\/wp-json\/wp\/v2\/product\/31440","targetHints":{"allow":["GET"]}}],"collection":[{"href":"https:\/\/mobishop-posusje.com\/en\/wp-json\/wp\/v2\/product"}],"about":[{"href":"https:\/\/mobishop-posusje.com\/en\/wp-json\/wp\/v2\/types\/product"}],"replies":[{"embeddable":true,"href":"https:\/\/mobishop-posusje.com\/en\/wp-json\/wp\/v2\/comments?post=31440"}],"version-history":[{"count":1,"href":"https:\/\/mobishop-posusje.com\/en\/wp-json\/wp\/v2\/product\/31440\/revisions"}],"predecessor-version":[{"id":31442,"href":"https:\/\/mobishop-posusje.com\/en\/wp-json\/wp\/v2\/product\/31440\/revisions\/31442"}],"wp:featuredmedia":[{"embeddable":true,"href":"https:\/\/mobishop-posusje.com\/en\/wp-json\/wp\/v2\/media\/31441"}],"wp:attachment":[{"href":"https:\/\/mobishop-posusje.com\/en\/wp-json\/wp\/v2\/media?parent=31440"}],"wp:term":[{"taxonomy":"product_brand","embeddable":true,"href":"https:\/\/mobishop-posusje.com\/en\/wp-json\/wp\/v2\/product_brand?post=31440"},{"taxonomy":"product_cat","embeddable":true,"href":"https:\/\/mobishop-posusje.com\/en\/wp-json\/wp\/v2\/product_cat?post=31440"},{"taxonomy":"product_tag","embeddable":true,"href":"https:\/\/mobishop-posusje.com\/en\/wp-json\/wp\/v2\/product_tag?post=31440"}],"curies":[{"name":"wp","href":"https:\/\/api.w.org\/{rel}","templated":true}]}}