{"id":31450,"date":"2025-10-27T20:21:50","date_gmt":"2025-10-27T20:21:50","guid":{"rendered":"https:\/\/mobishop-posusje.com\/?post_type=product&#038;p=31450"},"modified":"2025-10-27T20:24:14","modified_gmt":"2025-10-27T20:24:14","slug":"digicell-dc10-car-charger-wireless-fm-transmitter-5v-3-1a","status":"publish","type":"product","link":"https:\/\/mobishop-posusje.com\/en\/svi-proizvodi\/mobiteli-i-oprema\/punjaci\/auto-punjaci-za-telefone\/digicell-dc10-car-charger-wireless-fm-transmitter-5v-3-1a\/","title":{"rendered":"Digicell DC10 Car Charger Wireless FM Transmitter (5V 3.1A)"},"content":{"rendered":"","protected":false},"excerpt":{"rendered":"<div class=\"gem-list gem-list-type-check-style-1 gem-list-color-14\">\n<ul>\n    <strong>Model:<\/strong><\/p>\n<li>Digicell DC10 Car Charger Wireless FM Transmitter (5V 3.1A)<\/li>\n<p>    <strong>Vrsta:<\/strong><\/p>\n<li>Be\u017ei\u010dni FM transmiter i auto punja\u010d sa LED osvjetljenjem<\/li>\n<p>    <strong>Izlazi:<\/strong><\/p>\n<li>2 \u00d7 USB-A porta (ukupno 5V\/3.1A)<\/li>\n<p>    <strong>Snaga punjenja:<\/strong><\/p>\n<li>Ukupna snaga: 15.5 W<\/li>\n<li>Podr\u017eava standardno i brzo punjenje putem USB-A izlaza<\/li>\n<p>    <strong>FM funkcije:<\/strong><\/p>\n<li>Be\u017ei\u010dni FM transmiter za reprodukciju muzike i poziva preko radija<\/li>\n<li>Bluetooth povezivanje sa telefonom<\/li>\n<li>Ugra\u0111en mikrofon za hands-free razgovore<\/li>\n<li>Podr\u017eava USB disk i TF karticu za pu\u0161tanje muzike<\/li>\n<p>    <strong>Dodatne karakteristike:<\/strong><\/p>\n<li>LED ekran sa prikazom FM frekvencije i napona<\/li>\n<li>7 boja LED osvjetljenja<\/li>\n<li>Dugmad za kontrolu muzike i javljanje na pozive<\/li>\n<li>Za\u0161tita od prenapona, pregrijavanja i kratkog spoja<\/li>\n<p>    <strong>Ulazni napon:<\/strong><\/p>\n<li>DC 12\u201324 V (kompatibilno sa automobilima i kamionima)<\/li>\n<p>    <strong>Kompatibilnost:<\/strong><\/p>\n<li>Svi telefoni i ure\u0111aji koji podr\u017eavaju Bluetooth i USB punjenje<\/li>\n<\/ul>\n<\/div>","protected":false},"featured_media":31452,"comment_status":"closed","ping_status":"closed","template":"","meta":{"_themeisle_gutenberg_block_has_review":false},"product_brand":[],"product_cat":[355,360,358,288],"product_tag":[],"class_list":{"0":"post-31450","1":"product","2":"type-product","3":"status-publish","4":"has-post-thumbnail","6":"product_cat-mobiteli-i-oprema","7":"product_cat-auto-punjaci-za-telefone","8":"product_cat-punjaci","9":"product_cat-svi-proizvodi","11":"first","12":"instock","13":"purchasable","14":"product-type-simple","15":"add-to-wishlist-after_add_to_cart"},"_links":{"self":[{"href":"https:\/\/mobishop-posusje.com\/en\/wp-json\/wp\/v2\/product\/31450","targetHints":{"allow":["GET"]}}],"collection":[{"href":"https:\/\/mobishop-posusje.com\/en\/wp-json\/wp\/v2\/product"}],"about":[{"href":"https:\/\/mobishop-posusje.com\/en\/wp-json\/wp\/v2\/types\/product"}],"replies":[{"embeddable":true,"href":"https:\/\/mobishop-posusje.com\/en\/wp-json\/wp\/v2\/comments?post=31450"}],"version-history":[{"count":1,"href":"https:\/\/mobishop-posusje.com\/en\/wp-json\/wp\/v2\/product\/31450\/revisions"}],"predecessor-version":[{"id":31451,"href":"https:\/\/mobishop-posusje.com\/en\/wp-json\/wp\/v2\/product\/31450\/revisions\/31451"}],"wp:featuredmedia":[{"embeddable":true,"href":"https:\/\/mobishop-posusje.com\/en\/wp-json\/wp\/v2\/media\/31452"}],"wp:attachment":[{"href":"https:\/\/mobishop-posusje.com\/en\/wp-json\/wp\/v2\/media?parent=31450"}],"wp:term":[{"taxonomy":"product_brand","embeddable":true,"href":"https:\/\/mobishop-posusje.com\/en\/wp-json\/wp\/v2\/product_brand?post=31450"},{"taxonomy":"product_cat","embeddable":true,"href":"https:\/\/mobishop-posusje.com\/en\/wp-json\/wp\/v2\/product_cat?post=31450"},{"taxonomy":"product_tag","embeddable":true,"href":"https:\/\/mobishop-posusje.com\/en\/wp-json\/wp\/v2\/product_tag?post=31450"}],"curies":[{"name":"wp","href":"https:\/\/api.w.org\/{rel}","templated":true}]}}