{"id":31470,"date":"2025-10-28T19:37:26","date_gmt":"2025-10-28T19:37:26","guid":{"rendered":"https:\/\/mobishop-posusje.com\/?post_type=product&#038;p=31470"},"modified":"2025-10-28T19:38:31","modified_gmt":"2025-10-28T19:38:31","slug":"digicell-dynamic-braided-usb-to-lightning-cable-2m-12w","status":"publish","type":"product","link":"https:\/\/mobishop-posusje.com\/en\/svi-proizvodi\/mobiteli-i-oprema\/punjaci\/punjaci-za-telefone-i-kablovi\/digicell-dynamic-braided-usb-to-lightning-cable-2m-12w\/","title":{"rendered":"Digicell Dynamic Braided USB to Lightning Cable (2m, 12W)"},"content":{"rendered":"","protected":false},"excerpt":{"rendered":"<div class=\"gem-list gem-list-type-check-style-1 gem-list-color-14\">\n<ul>\n    <strong>Model:<\/strong><\/p>\n<li>Digicell Dynamic Braided USB to Lightning Cable (2m, 12W)<\/li>\n<p>    <strong>Vrsta:<\/strong><\/p>\n<li>USB-A na Lightning kabl za punjenje i prenos podataka<\/li>\n<p>    <strong>Du\u017eina:<\/strong><\/p>\n<li>2 metra<\/li>\n<p>    <strong>Snaga punjenja:<\/strong><\/p>\n<li>Maksimalna snaga: 12 W<\/li>\n<li>Struja punjenja: do 5 A<\/li>\n<p>    <strong>Brzina prenosa podataka:<\/strong><\/p>\n<li>Do 480 Mbps (USB 2.0 standard)<\/li>\n<p>    <strong>Materijal:<\/strong><\/p>\n<li>Pleteno (braided) najlonsko ku\u0107i\u0161te za maksimalnu izdr\u017eljivost<\/li>\n<li>Oja\u010dani konektori otporni na savijanje i habanje<\/li>\n<p>    <strong>Kompatibilnost:<\/strong><\/p>\n<li>iPhone, iPad i iPod ure\u0111aji sa Lightning priklju\u010dkom<\/li>\n<li>Podr\u017eava punjenje i sinhronizaciju podataka<\/li>\n<p>    <strong>Dodatne karakteristike:<\/strong><\/p>\n<li>Dynamic Braided dizajn za dugotrajnu upotrebu<\/li>\n<li>Stabilan prenos i brzo punjenje bez pregrijavanja<\/li>\n<li>Za\u0161tita od prenapona i kratkog spoja<\/li>\n<\/ul>\n<\/div>","protected":false},"featured_media":31471,"comment_status":"closed","ping_status":"closed","template":"","meta":{"_themeisle_gutenberg_block_has_review":false},"product_brand":[],"product_cat":[355,359,358,288],"product_tag":[],"class_list":{"0":"post-31470","1":"product","2":"type-product","3":"status-publish","4":"has-post-thumbnail","6":"product_cat-mobiteli-i-oprema","7":"product_cat-punjaci-za-telefone-i-kablovi","8":"product_cat-punjaci","9":"product_cat-svi-proizvodi","11":"first","12":"instock","13":"purchasable","14":"product-type-simple","15":"add-to-wishlist-after_add_to_cart"},"_links":{"self":[{"href":"https:\/\/mobishop-posusje.com\/en\/wp-json\/wp\/v2\/product\/31470","targetHints":{"allow":["GET"]}}],"collection":[{"href":"https:\/\/mobishop-posusje.com\/en\/wp-json\/wp\/v2\/product"}],"about":[{"href":"https:\/\/mobishop-posusje.com\/en\/wp-json\/wp\/v2\/types\/product"}],"replies":[{"embeddable":true,"href":"https:\/\/mobishop-posusje.com\/en\/wp-json\/wp\/v2\/comments?post=31470"}],"version-history":[{"count":1,"href":"https:\/\/mobishop-posusje.com\/en\/wp-json\/wp\/v2\/product\/31470\/revisions"}],"predecessor-version":[{"id":31472,"href":"https:\/\/mobishop-posusje.com\/en\/wp-json\/wp\/v2\/product\/31470\/revisions\/31472"}],"wp:featuredmedia":[{"embeddable":true,"href":"https:\/\/mobishop-posusje.com\/en\/wp-json\/wp\/v2\/media\/31471"}],"wp:attachment":[{"href":"https:\/\/mobishop-posusje.com\/en\/wp-json\/wp\/v2\/media?parent=31470"}],"wp:term":[{"taxonomy":"product_brand","embeddable":true,"href":"https:\/\/mobishop-posusje.com\/en\/wp-json\/wp\/v2\/product_brand?post=31470"},{"taxonomy":"product_cat","embeddable":true,"href":"https:\/\/mobishop-posusje.com\/en\/wp-json\/wp\/v2\/product_cat?post=31470"},{"taxonomy":"product_tag","embeddable":true,"href":"https:\/\/mobishop-posusje.com\/en\/wp-json\/wp\/v2\/product_tag?post=31470"}],"curies":[{"name":"wp","href":"https:\/\/api.w.org\/{rel}","templated":true}]}}