{"id":31473,"date":"2025-10-28T19:41:02","date_gmt":"2025-10-28T19:41:02","guid":{"rendered":"https:\/\/mobishop-posusje.com\/?post_type=product&#038;p=31473"},"modified":"2025-10-28T19:41:58","modified_gmt":"2025-10-28T19:41:58","slug":"digicell-dynamic-braided-usb-to-type-c-cable-2m-18w","status":"publish","type":"product","link":"https:\/\/mobishop-posusje.com\/en\/svi-proizvodi\/mobiteli-i-oprema\/punjaci\/punjaci-za-telefone-i-kablovi\/digicell-dynamic-braided-usb-to-type-c-cable-2m-18w\/","title":{"rendered":"Digicell Dynamic Braided USB to Type-C Cable (2m, 18W)"},"content":{"rendered":"","protected":false},"excerpt":{"rendered":"<div class=\"gem-list gem-list-type-check-style-1 gem-list-color-14\">\n<ul>\n    <strong>Model:<\/strong><\/p>\n<li>Digicell Dynamic Braided USB to Type-C Cable (2m, 18W)<\/li>\n<p>    <strong>Vrsta:<\/strong><\/p>\n<li>USB-A na USB-C kabl za brzo punjenje i prenos podataka<\/li>\n<p>    <strong>Du\u017eina:<\/strong><\/p>\n<li>2 metra<\/li>\n<p>    <strong>Snaga punjenja:<\/strong><\/p>\n<li>Maksimalna snaga: 18 W<\/li>\n<li>Struja punjenja: do 5 A<\/li>\n<li>Podr\u017eava Quick Charge 3.0 i Power Delivery standarde<\/li>\n<p>    <strong>Brzina prenosa podataka:<\/strong><\/p>\n<li>Do 480 Mbps (USB 2.0 standard)<\/li>\n<p>    <strong>Materijal:<\/strong><\/p>\n<li>Pleteno (braided) najlonsko ku\u0107i\u0161te za ve\u0107u otpornost<\/li>\n<li>Oja\u010dani konektori sa anti-twist za\u0161titom<\/li>\n<p>    <strong>Kompatibilnost:<\/strong><\/p>\n<li>Telefoni, tableti, laptopi i drugi ure\u0111aji sa USB-C priklju\u010dkom<\/li>\n<li>Kompatibilan sa Android, Windows i PD ure\u0111ajima<\/li>\n<p>    <strong>Dodatne karakteristike:<\/strong><\/p>\n<li>Dynamic Braided dizajn otporan na habanje<\/li>\n<li>Stabilan prenos energije i podataka<\/li>\n<li>Sigurno punjenje sa za\u0161titom od prenapona i pregrijavanja<\/li>\n<\/ul>\n<\/div>","protected":false},"featured_media":31474,"comment_status":"closed","ping_status":"closed","template":"","meta":{"_themeisle_gutenberg_block_has_review":false},"product_brand":[],"product_cat":[355,359,358,288],"product_tag":[],"class_list":{"0":"post-31473","1":"product","2":"type-product","3":"status-publish","4":"has-post-thumbnail","6":"product_cat-mobiteli-i-oprema","7":"product_cat-punjaci-za-telefone-i-kablovi","8":"product_cat-punjaci","9":"product_cat-svi-proizvodi","11":"first","12":"instock","13":"purchasable","14":"product-type-simple","15":"add-to-wishlist-after_add_to_cart"},"_links":{"self":[{"href":"https:\/\/mobishop-posusje.com\/en\/wp-json\/wp\/v2\/product\/31473","targetHints":{"allow":["GET"]}}],"collection":[{"href":"https:\/\/mobishop-posusje.com\/en\/wp-json\/wp\/v2\/product"}],"about":[{"href":"https:\/\/mobishop-posusje.com\/en\/wp-json\/wp\/v2\/types\/product"}],"replies":[{"embeddable":true,"href":"https:\/\/mobishop-posusje.com\/en\/wp-json\/wp\/v2\/comments?post=31473"}],"version-history":[{"count":1,"href":"https:\/\/mobishop-posusje.com\/en\/wp-json\/wp\/v2\/product\/31473\/revisions"}],"predecessor-version":[{"id":31475,"href":"https:\/\/mobishop-posusje.com\/en\/wp-json\/wp\/v2\/product\/31473\/revisions\/31475"}],"wp:featuredmedia":[{"embeddable":true,"href":"https:\/\/mobishop-posusje.com\/en\/wp-json\/wp\/v2\/media\/31474"}],"wp:attachment":[{"href":"https:\/\/mobishop-posusje.com\/en\/wp-json\/wp\/v2\/media?parent=31473"}],"wp:term":[{"taxonomy":"product_brand","embeddable":true,"href":"https:\/\/mobishop-posusje.com\/en\/wp-json\/wp\/v2\/product_brand?post=31473"},{"taxonomy":"product_cat","embeddable":true,"href":"https:\/\/mobishop-posusje.com\/en\/wp-json\/wp\/v2\/product_cat?post=31473"},{"taxonomy":"product_tag","embeddable":true,"href":"https:\/\/mobishop-posusje.com\/en\/wp-json\/wp\/v2\/product_tag?post=31473"}],"curies":[{"name":"wp","href":"https:\/\/api.w.org\/{rel}","templated":true}]}}