{"id":31499,"date":"2025-11-06T10:22:07","date_gmt":"2025-11-06T10:22:07","guid":{"rendered":"https:\/\/mobishop-posusje.com\/?post_type=product&#038;p=31499"},"modified":"2025-11-06T10:25:24","modified_gmt":"2025-11-06T10:25:24","slug":"huawei-watch-gt-5-pro-46mm","status":"publish","type":"product","link":"https:\/\/mobishop-posusje.com\/en\/svi-proizvodi\/pametni-satovi\/huawei-sat\/huawei-watch-gt-5-pro-46mm\/","title":{"rendered":"Huawei Watch GT 5 PRO 46mm"},"content":{"rendered":"","protected":false},"excerpt":{"rendered":"<div class=\"gem-list gem-list-type-check-style-1 gem-list-color-14\">\n<ul>\n    <strong>Dimenzije i te\u017eina:<\/strong><\/p>\n<li>Ku\u0107i\u0161te: 46,3 \u00d7 46,3 \u00d7 10,9 mm<\/li>\n<li>Te\u017eina: pribli\u017eno 53 g (bez narukvice)<\/li>\n<p>    <strong>Materijali:<\/strong><\/p>\n<li>Prednja strana: Titanijumska legura<\/li>\n<li>Zadnja strana: Nano\u2011kristalna keramika<\/li>\n<p>    <strong>Screen:<\/strong><\/p>\n<li>Veli\u010dina: 1,43 in\u010da AMOLED<\/li>\n<li>Rezolucija: 466 \u00d7 466 piksela (~326 ppi)<\/li>\n<p>    <strong>Otpornost i sport:<\/strong><\/p>\n<li>Vodootpornost: 5 ATM (do 50\u202fm) + IP69K za\u0161tita<\/li>\n<li>Omogu\u0107eno besplatno ronjenje do 40 m<\/li>\n<li>Namijenjeno tr\u010danju, golfu, slobodnom ronjenju<\/li>\n<p>    <strong>Povezivanje:<\/strong><\/p>\n<li>Bluetooth 5.2, NFC, GNSS (GPS + GLONASS + GALILEO + BDS + QZSS, L1 + L5)<\/li>\n<p>    <strong>Baterija i autonomija:<\/strong><\/p>\n<li>Do 14 dana pri maksimalnoj upotrebi<\/li>\n<li>Do 9 dana pri tipi\u010dnoj upotrebi<\/li>\n<li>Do 5 dana uz Always\u2011On ekran<\/li>\n<p>    <strong>Senzori:<\/strong><\/p>\n<li>Akcelerometar, \u017eiroskop, magnetometar<\/li>\n<li>Opti\u010dki senzor otkucaja srca, barometar, senzor temperature ko\u017ee i ambijentalnog svjetla<\/li>\n<p>    <strong>Dodatne karakteristike:<\/strong><\/p>\n<li>Premium dizajn i materijali \u2013 titanijum + keramika<\/li>\n<li>Puna podr\u0161ka za istra\u017eivanje, trening i zdravlje<\/li>\n<\/ul>\n<\/div>","protected":false},"featured_media":31496,"comment_status":"closed","ping_status":"closed","template":"","meta":{"_themeisle_gutenberg_block_has_review":false},"product_brand":[],"product_cat":[346,351,288],"product_tag":[],"class_list":{"0":"post-31499","1":"product","2":"type-product","3":"status-publish","4":"has-post-thumbnail","6":"product_cat-pametni-satovi","7":"product_cat-huawei-sat","8":"product_cat-svi-proizvodi","10":"first","11":"instock","12":"featured","13":"purchasable","14":"product-type-simple","15":"add-to-wishlist-after_add_to_cart"},"_links":{"self":[{"href":"https:\/\/mobishop-posusje.com\/en\/wp-json\/wp\/v2\/product\/31499","targetHints":{"allow":["GET"]}}],"collection":[{"href":"https:\/\/mobishop-posusje.com\/en\/wp-json\/wp\/v2\/product"}],"about":[{"href":"https:\/\/mobishop-posusje.com\/en\/wp-json\/wp\/v2\/types\/product"}],"replies":[{"embeddable":true,"href":"https:\/\/mobishop-posusje.com\/en\/wp-json\/wp\/v2\/comments?post=31499"}],"version-history":[{"count":2,"href":"https:\/\/mobishop-posusje.com\/en\/wp-json\/wp\/v2\/product\/31499\/revisions"}],"predecessor-version":[{"id":31501,"href":"https:\/\/mobishop-posusje.com\/en\/wp-json\/wp\/v2\/product\/31499\/revisions\/31501"}],"wp:featuredmedia":[{"embeddable":true,"href":"https:\/\/mobishop-posusje.com\/en\/wp-json\/wp\/v2\/media\/31496"}],"wp:attachment":[{"href":"https:\/\/mobishop-posusje.com\/en\/wp-json\/wp\/v2\/media?parent=31499"}],"wp:term":[{"taxonomy":"product_brand","embeddable":true,"href":"https:\/\/mobishop-posusje.com\/en\/wp-json\/wp\/v2\/product_brand?post=31499"},{"taxonomy":"product_cat","embeddable":true,"href":"https:\/\/mobishop-posusje.com\/en\/wp-json\/wp\/v2\/product_cat?post=31499"},{"taxonomy":"product_tag","embeddable":true,"href":"https:\/\/mobishop-posusje.com\/en\/wp-json\/wp\/v2\/product_tag?post=31499"}],"curies":[{"name":"wp","href":"https:\/\/api.w.org\/{rel}","templated":true}]}}