{"id":31719,"date":"2026-03-28T11:27:02","date_gmt":"2026-03-28T11:27:02","guid":{"rendered":"https:\/\/mobishop-posusje.com\/?post_type=product&#038;p=31719"},"modified":"2026-03-28T11:28:14","modified_gmt":"2026-03-28T11:28:14","slug":"jbl-tune-t530-zicne-slusalice","status":"publish","type":"product","link":"https:\/\/mobishop-posusje.com\/en\/svi-proizvodi\/zvucnici-i-slusalice\/zicne-slusalice\/jbl-tune-t530-zicne-slusalice\/","title":{"rendered":"JBL Tune T530 \u017di\u010dne Slu\u0161alice"},"content":{"rendered":"","protected":false},"excerpt":{"rendered":"<div class=\"gem-list gem-list-type-check-style-1 gem-list-color-14\">\n<ul>\n    <strong>Tip ure\u0111aja:<\/strong><\/p>\n<li>\u017di\u010dne on-ear slu\u0161alice<\/li>\n<p>    <strong>Zvuk:<\/strong><\/p>\n<li>JBL Pure Bass Sound<\/li>\n<li>Sna\u017ean i dubok bas<\/li>\n<li>Jasan i uravnote\u017een zvuk<\/li>\n<p>    <strong>Povezivanje:<\/strong><\/p>\n<li>3.5 mm audio priklju\u010dak<\/li>\n<li>Kompatibilne sa telefonima, laptopima i tabletima<\/li>\n<p>    <strong>Kabl:<\/strong><\/p>\n<li>Fiksni audio kabl<\/li>\n<li>Ugra\u0111en mikrofon<\/li>\n<li>Jednostavna kontrola poziva i muzike<\/li>\n<p>    <strong>Dizajn:<\/strong><\/p>\n<li>Lagana konstrukcija<\/li>\n<li>Podesiva traka za glavu<\/li>\n<li>Mekani jastu\u010di\u0107i za udobno no\u0161enje<\/li>\n<\/ul>\n<\/div>","protected":false},"featured_media":31720,"comment_status":"closed","ping_status":"closed","template":"","meta":{"_themeisle_gutenberg_block_has_review":false},"product_brand":[],"product_cat":[319,316,288],"product_tag":[],"class_list":{"0":"post-31719","1":"product","2":"type-product","3":"status-publish","4":"has-post-thumbnail","6":"product_cat-zicne-slusalice","7":"product_cat-zvucnici-i-slusalice","8":"product_cat-svi-proizvodi","10":"first","11":"instock","12":"purchasable","13":"product-type-simple","14":"add-to-wishlist-after_add_to_cart"},"_links":{"self":[{"href":"https:\/\/mobishop-posusje.com\/en\/wp-json\/wp\/v2\/product\/31719","targetHints":{"allow":["GET"]}}],"collection":[{"href":"https:\/\/mobishop-posusje.com\/en\/wp-json\/wp\/v2\/product"}],"about":[{"href":"https:\/\/mobishop-posusje.com\/en\/wp-json\/wp\/v2\/types\/product"}],"replies":[{"embeddable":true,"href":"https:\/\/mobishop-posusje.com\/en\/wp-json\/wp\/v2\/comments?post=31719"}],"version-history":[{"count":1,"href":"https:\/\/mobishop-posusje.com\/en\/wp-json\/wp\/v2\/product\/31719\/revisions"}],"predecessor-version":[{"id":31721,"href":"https:\/\/mobishop-posusje.com\/en\/wp-json\/wp\/v2\/product\/31719\/revisions\/31721"}],"wp:featuredmedia":[{"embeddable":true,"href":"https:\/\/mobishop-posusje.com\/en\/wp-json\/wp\/v2\/media\/31720"}],"wp:attachment":[{"href":"https:\/\/mobishop-posusje.com\/en\/wp-json\/wp\/v2\/media?parent=31719"}],"wp:term":[{"taxonomy":"product_brand","embeddable":true,"href":"https:\/\/mobishop-posusje.com\/en\/wp-json\/wp\/v2\/product_brand?post=31719"},{"taxonomy":"product_cat","embeddable":true,"href":"https:\/\/mobishop-posusje.com\/en\/wp-json\/wp\/v2\/product_cat?post=31719"},{"taxonomy":"product_tag","embeddable":true,"href":"https:\/\/mobishop-posusje.com\/en\/wp-json\/wp\/v2\/product_tag?post=31719"}],"curies":[{"name":"wp","href":"https:\/\/api.w.org\/{rel}","templated":true}]}}