{"id":31740,"date":"2026-03-28T11:44:22","date_gmt":"2026-03-28T11:44:22","guid":{"rendered":"https:\/\/mobishop-posusje.com\/?post_type=product&#038;p=31740"},"modified":"2026-03-28T11:46:17","modified_gmt":"2026-03-28T11:46:17","slug":"xiaomi-robot-vacuum-5","status":"publish","type":"product","link":"https:\/\/mobishop-posusje.com\/en\/svi-proizvodi\/mali-kucni-aparati\/robot-usisivaci\/xiaomi-robot-vacuum-5\/","title":{"rendered":"Xiaomi Robot Vacuum 5"},"content":{"rendered":"","protected":false},"excerpt":{"rendered":"<div class=\"gem-list gem-list-type-check-style-1 gem-list-color-14\">\n<ul>\n    <strong>Tip ure\u0111aja:<\/strong><\/p>\n<li>Pametni robotski usisiva\u010d sa funkcijom usisavanja i brisanja<\/li>\n<p>    <strong>Snaga usisavanja:<\/strong><\/p>\n<li>Do 5000 Pa usisne snage<\/li>\n<li>Vi\u0161estruki nivoi snage<\/li>\n<li>Automatsko prilago\u0111avanje snage na tepihu<\/li>\n<p>    <strong>Navigacija:<\/strong><\/p>\n<li>LDS laserska navigacija (360\u00b0 skeniranje prostora)<\/li>\n<li>Precizno mapiranje prostora u realnom vremenu<\/li>\n<li>Vi\u0161espratno mapiranje<\/li>\n<li>Postavljanje virtualnih zidova i zabranjenih zona<\/li>\n<p>    <strong>Battery:<\/strong><\/p>\n<li>Kapacitet cca 5200 mAh<\/li>\n<li>Autonomija do 180 minuta rada<\/li>\n<li>Automatski povratak na punjenje<\/li>\n<li>Nastavak \u010di\u0161\u0107enja nakon punjenja<\/li>\n<p>    <strong>Funkcija brisanja:<\/strong><\/p>\n<li>Elektronski kontrolisano doziranje vode<\/li>\n<li>Vi\u0161estruki nivoi vla\u017enosti<\/li>\n<li>Odvojeni spremnici za pra\u0161inu i vodu<\/li>\n<p>    <strong>Pametne funkcije:<\/strong><\/p>\n<li>Kontrola putem Mi Home \/ Xiaomi Home aplikacije<\/li>\n<li>Planiranje \u010di\u0161\u0107enja po prostorijama<\/li>\n<li>Glasovno upravljanje (Google Assistant \/ Alexa)<\/li>\n<p>    <strong>Spremnik:<\/strong><\/p>\n<li>Posuda za pra\u0161inu cca 400 ml<\/li>\n<li>Rezervoar za vodu cca 200 ml<\/li>\n<\/ul>\n<\/div>","protected":false},"featured_media":31741,"comment_status":"closed","ping_status":"closed","template":"","meta":{"_themeisle_gutenberg_block_has_review":false},"product_brand":[],"product_cat":[314,309,288],"product_tag":[],"class_list":{"0":"post-31740","1":"product","2":"type-product","3":"status-publish","4":"has-post-thumbnail","6":"product_cat-robot-usisivaci","7":"product_cat-mali-kucni-aparati","8":"product_cat-svi-proizvodi","10":"first","11":"instock","12":"featured","13":"shipping-taxable","14":"purchasable","15":"product-type-simple","16":"add-to-wishlist-after_add_to_cart"},"_links":{"self":[{"href":"https:\/\/mobishop-posusje.com\/en\/wp-json\/wp\/v2\/product\/31740","targetHints":{"allow":["GET"]}}],"collection":[{"href":"https:\/\/mobishop-posusje.com\/en\/wp-json\/wp\/v2\/product"}],"about":[{"href":"https:\/\/mobishop-posusje.com\/en\/wp-json\/wp\/v2\/types\/product"}],"replies":[{"embeddable":true,"href":"https:\/\/mobishop-posusje.com\/en\/wp-json\/wp\/v2\/comments?post=31740"}],"version-history":[{"count":1,"href":"https:\/\/mobishop-posusje.com\/en\/wp-json\/wp\/v2\/product\/31740\/revisions"}],"predecessor-version":[{"id":31742,"href":"https:\/\/mobishop-posusje.com\/en\/wp-json\/wp\/v2\/product\/31740\/revisions\/31742"}],"wp:featuredmedia":[{"embeddable":true,"href":"https:\/\/mobishop-posusje.com\/en\/wp-json\/wp\/v2\/media\/31741"}],"wp:attachment":[{"href":"https:\/\/mobishop-posusje.com\/en\/wp-json\/wp\/v2\/media?parent=31740"}],"wp:term":[{"taxonomy":"product_brand","embeddable":true,"href":"https:\/\/mobishop-posusje.com\/en\/wp-json\/wp\/v2\/product_brand?post=31740"},{"taxonomy":"product_cat","embeddable":true,"href":"https:\/\/mobishop-posusje.com\/en\/wp-json\/wp\/v2\/product_cat?post=31740"},{"taxonomy":"product_tag","embeddable":true,"href":"https:\/\/mobishop-posusje.com\/en\/wp-json\/wp\/v2\/product_tag?post=31740"}],"curies":[{"name":"wp","href":"https:\/\/api.w.org\/{rel}","templated":true}]}}