{"id":3264,"date":"2021-05-03T19:43:59","date_gmt":"2021-05-03T17:43:59","guid":{"rendered":"https:\/\/mobishop-posusje.com\/?post_type=product&#038;p=3264"},"modified":"2025-04-24T18:35:46","modified_gmt":"2025-04-24T18:35:46","slug":"sony-ps5-dualsense-wireless-controller","status":"publish","type":"product","link":"https:\/\/mobishop-posusje.com\/en\/svi-proizvodi\/gaming\/playstation\/joystici\/sony-ps5-dualsense-wireless-controller\/","title":{"rendered":"Sony PS5 DualSense Wireless controller"},"content":{"rendered":"","protected":false},"excerpt":{"rendered":"<div class=\"gem-list gem-list-type-check-style-1 gem-list-color-14\">\n<ul>\n<li>Be\u017ei\u010dni upravlja\u010d DualSense za konzolu PS5 nudi sveobuhvatne dodirne povratne informacije<sup>2<\/sup><\/li>\n<li>Dinami\u010dke adaptivne okida\u010de<sup>2<\/sup><\/li>\n<li>Ugra\u0111eni mikrofon integriran u legendarni dizajn<\/li>\n<\/ul>\n<\/div>","protected":false},"featured_media":30512,"comment_status":"closed","ping_status":"closed","template":"","meta":{"_themeisle_gutenberg_block_has_review":false},"product_brand":[],"product_cat":[329,333,325,288],"product_tag":[],"class_list":{"0":"post-3264","1":"product","2":"type-product","3":"status-publish","4":"has-post-thumbnail","6":"product_cat-playstation","7":"product_cat-joystici","8":"product_cat-gaming","9":"product_cat-svi-proizvodi","11":"first","12":"instock","13":"purchasable","14":"product-type-simple","15":"add-to-wishlist-after_add_to_cart"},"_links":{"self":[{"href":"https:\/\/mobishop-posusje.com\/en\/wp-json\/wp\/v2\/product\/3264","targetHints":{"allow":["GET"]}}],"collection":[{"href":"https:\/\/mobishop-posusje.com\/en\/wp-json\/wp\/v2\/product"}],"about":[{"href":"https:\/\/mobishop-posusje.com\/en\/wp-json\/wp\/v2\/types\/product"}],"replies":[{"embeddable":true,"href":"https:\/\/mobishop-posusje.com\/en\/wp-json\/wp\/v2\/comments?post=3264"}],"version-history":[{"count":3,"href":"https:\/\/mobishop-posusje.com\/en\/wp-json\/wp\/v2\/product\/3264\/revisions"}],"predecessor-version":[{"id":30513,"href":"https:\/\/mobishop-posusje.com\/en\/wp-json\/wp\/v2\/product\/3264\/revisions\/30513"}],"wp:featuredmedia":[{"embeddable":true,"href":"https:\/\/mobishop-posusje.com\/en\/wp-json\/wp\/v2\/media\/30512"}],"wp:attachment":[{"href":"https:\/\/mobishop-posusje.com\/en\/wp-json\/wp\/v2\/media?parent=3264"}],"wp:term":[{"taxonomy":"product_brand","embeddable":true,"href":"https:\/\/mobishop-posusje.com\/en\/wp-json\/wp\/v2\/product_brand?post=3264"},{"taxonomy":"product_cat","embeddable":true,"href":"https:\/\/mobishop-posusje.com\/en\/wp-json\/wp\/v2\/product_cat?post=3264"},{"taxonomy":"product_tag","embeddable":true,"href":"https:\/\/mobishop-posusje.com\/en\/wp-json\/wp\/v2\/product_tag?post=3264"}],"curies":[{"name":"wp","href":"https:\/\/api.w.org\/{rel}","templated":true}]}}